{"id":92616,"date":"2025-10-27T14:04:48","date_gmt":"2025-10-27T14:04:48","guid":{"rendered":"https:\/\/brandss.com.py\/index\/?post_type=product&#038;p=92616"},"modified":"2025-10-28T18:46:38","modified_gmt":"2025-10-28T18:46:38","slug":"tripode-estable-koosda-ksd-680-multifuncional-180cm","status":"publish","type":"product","link":"https:\/\/brandss.com.py\/index\/producto\/tripode-estable-koosda-ksd-680-multifuncional-180cm\/","title":{"rendered":"TR\u00cdPODE ESTABLE KOOSDA KSD-680 MULTIFUNCIONAL 180CM"},"content":{"rendered":"<p><img loading=\"lazy\" decoding=\"async\" class=\"\" src=\"https:\/\/koosda.com\/uploads\/20250302\/026e881b0915f3857a1788ccdb06bc6a.png\" alt=\"KSD-W02 Magsafe Magnetic Wireless Charger Holder-Wireless Charger-KOOSDA - Premium Mobile Accessories &amp; Live-Streaming Gear for a Smarter Life\" width=\"102\" height=\"27\" \/><\/p>\n<h1>KSD-680<\/h1>\n<p>El KSD-680 Professional Tripod es un soporte vers\u00e1til y port\u00e1til para c\u00e1maras, tel\u00e9fonos m\u00f3viles y equipos de video. Fabricado con materiales duraderos de Metal+ABS, ofrece una altura m\u00e1xima de 180 cm y una capacidad de carga de 3 kg. Su tama\u00f1o compacto de almacenamiento de 53 cm y el mecanismo de bloqueo por torsi\u00f3n aseguran una configuraci\u00f3n f\u00e1cil y portabilidad. Adecuado para su uso en estudios fotogr\u00e1ficos con reflectores de flash de softbox, este tr\u00edpode es ideal tanto para necesidades de fotograf\u00eda profesional como casuales.<\/p>\n<h3>Detalles<\/h3>\n<p>Modelo: KSD-680.<\/p>\n<p><span dir=\"auto\">Tama\u00f1o de almacenamiento: 53cm.<\/span><\/p>\n<p><span dir=\"auto\">Altura m\u00ednima: 52cm.<\/span><\/p>\n<p><span dir=\"auto\">Altura sin elevaci\u00f3n: 83cm.<\/span><\/p>\n<p><span dir=\"auto\">Altura: 180cm.<\/span><\/p>\n<p><span dir=\"auto\">Peso neto: 1058 g.<\/span><\/p>\n<p><span dir=\"auto\">Embalaje individual: 1280g.<\/span><\/p>\n<p><span dir=\"auto\">Capacidad de carga del producto: 3 kg.<\/span><\/p>\n<p><span dir=\"auto\">Material: Metal + ABS.<\/span><\/p>\n","protected":false},"excerpt":{"rendered":"<p>KSD-680 El KSD-680 Professional Tripod es un soporte vers\u00e1til y port\u00e1til para c\u00e1maras, tel\u00e9fonos m\u00f3viles y equipos de video. Fabricado<\/p>\n","protected":false},"featured_media":92767,"comment_status":"open","ping_status":"closed","template":"","meta":{"nf_dc_page":""},"product_brand":[1087],"product_cat":[89],"product_tag":[1094],"class_list":{"0":"post-92616","1":"product","2":"type-product","3":"status-publish","4":"has-post-thumbnail","6":"product_brand-koosda","7":"product_cat-electronicos","8":"product_tag-1094","10":"first","11":"instock","12":"shipping-taxable","13":"purchasable","14":"product-type-simple"},"_links":{"self":[{"href":"https:\/\/brandss.com.py\/index\/wp-json\/wp\/v2\/product\/92616","targetHints":{"allow":["GET"]}}],"collection":[{"href":"https:\/\/brandss.com.py\/index\/wp-json\/wp\/v2\/product"}],"about":[{"href":"https:\/\/brandss.com.py\/index\/wp-json\/wp\/v2\/types\/product"}],"replies":[{"embeddable":true,"href":"https:\/\/brandss.com.py\/index\/wp-json\/wp\/v2\/comments?post=92616"}],"version-history":[{"count":1,"href":"https:\/\/brandss.com.py\/index\/wp-json\/wp\/v2\/product\/92616\/revisions"}],"predecessor-version":[{"id":92617,"href":"https:\/\/brandss.com.py\/index\/wp-json\/wp\/v2\/product\/92616\/revisions\/92617"}],"wp:featuredmedia":[{"embeddable":true,"href":"https:\/\/brandss.com.py\/index\/wp-json\/wp\/v2\/media\/92767"}],"wp:attachment":[{"href":"https:\/\/brandss.com.py\/index\/wp-json\/wp\/v2\/media?parent=92616"}],"wp:term":[{"taxonomy":"product_brand","embeddable":true,"href":"https:\/\/brandss.com.py\/index\/wp-json\/wp\/v2\/product_brand?post=92616"},{"taxonomy":"product_cat","embeddable":true,"href":"https:\/\/brandss.com.py\/index\/wp-json\/wp\/v2\/product_cat?post=92616"},{"taxonomy":"product_tag","embeddable":true,"href":"https:\/\/brandss.com.py\/index\/wp-json\/wp\/v2\/product_tag?post=92616"}],"curies":[{"name":"wp","href":"https:\/\/api.w.org\/{rel}","templated":true}]}}