{"id":92618,"date":"2025-10-27T14:44:40","date_gmt":"2025-10-27T14:44:40","guid":{"rendered":"https:\/\/brandss.com.py\/index\/?post_type=product&#038;p=92618"},"modified":"2025-10-28T18:50:01","modified_gmt":"2025-10-28T18:50:01","slug":"tripode-estable-koosda-ksd-888-strong-stabilizer-180cm","status":"publish","type":"product","link":"https:\/\/brandss.com.py\/index\/producto\/tripode-estable-koosda-ksd-888-strong-stabilizer-180cm\/","title":{"rendered":"TR\u00cdPODE ESTABLE KOOSDA KSD-888 STRONG STABILIZER 180CM"},"content":{"rendered":"<p><img loading=\"lazy\" decoding=\"async\" class=\"\" src=\"https:\/\/koosda.com\/uploads\/20250302\/026e881b0915f3857a1788ccdb06bc6a.png\" alt=\"KSD-W02 Magsafe Magnetic Wireless Charger Holder-Wireless Charger-KOOSDA - Premium Mobile Accessories &amp; Live-Streaming Gear for a Smarter Life\" width=\"87\" height=\"23\" \/><\/p>\n<h1>KSD-888<\/h1>\n<p>Es un tr\u00edpode estable de hasta 1,8 m de altura dise\u00f1ado para fotograf\u00eda, v\u00eddeo o contenido que requiere una altura decente sin llegar a gama profesional de estudio.<\/p>\n<h3><br data-start=\"701\" data-end=\"704\" \/>Detalles<\/h3>\n<p>Modelo: KSD-888.<\/p>\n<p><span dir=\"auto\">Tama\u00f1o de almacenamiento: 43 cm.<\/span><\/p>\n<p><span dir=\"auto\">Altura m\u00ednima: 47,5 cm.<\/span><\/p>\n<p><span dir=\"auto\"> Altura sin elevaci\u00f3n: 146,5 cm.<\/span><\/p>\n<p><span dir=\"auto\"> Altura: 175 cm.<\/span><\/p>\n<p><span dir=\"auto\">Peso neto: 1209 g.<\/span><\/p>\n<p><span dir=\"auto\">Embalaje individual: 1513 g.<\/span><\/p>\n<p><span dir=\"auto\">Capacidad de carga del producto: 3 kg.\u00a0<\/span><\/p>\n<p><span dir=\"auto\">Material: Metal + ABS.<\/span><\/p>\n","protected":false},"excerpt":{"rendered":"<p>KSD-888 Es un tr\u00edpode estable de hasta 1,8 m de altura dise\u00f1ado para fotograf\u00eda, v\u00eddeo o contenido que requiere una<\/p>\n","protected":false},"featured_media":92772,"comment_status":"open","ping_status":"closed","template":"","meta":{"nf_dc_page":""},"product_brand":[1087],"product_cat":[89],"product_tag":[1095],"class_list":{"0":"post-92618","1":"product","2":"type-product","3":"status-publish","4":"has-post-thumbnail","6":"product_brand-koosda","7":"product_cat-electronicos","8":"product_tag-1095","10":"first","11":"instock","12":"shipping-taxable","13":"purchasable","14":"product-type-simple"},"_links":{"self":[{"href":"https:\/\/brandss.com.py\/index\/wp-json\/wp\/v2\/product\/92618","targetHints":{"allow":["GET"]}}],"collection":[{"href":"https:\/\/brandss.com.py\/index\/wp-json\/wp\/v2\/product"}],"about":[{"href":"https:\/\/brandss.com.py\/index\/wp-json\/wp\/v2\/types\/product"}],"replies":[{"embeddable":true,"href":"https:\/\/brandss.com.py\/index\/wp-json\/wp\/v2\/comments?post=92618"}],"version-history":[{"count":1,"href":"https:\/\/brandss.com.py\/index\/wp-json\/wp\/v2\/product\/92618\/revisions"}],"predecessor-version":[{"id":92619,"href":"https:\/\/brandss.com.py\/index\/wp-json\/wp\/v2\/product\/92618\/revisions\/92619"}],"wp:featuredmedia":[{"embeddable":true,"href":"https:\/\/brandss.com.py\/index\/wp-json\/wp\/v2\/media\/92772"}],"wp:attachment":[{"href":"https:\/\/brandss.com.py\/index\/wp-json\/wp\/v2\/media?parent=92618"}],"wp:term":[{"taxonomy":"product_brand","embeddable":true,"href":"https:\/\/brandss.com.py\/index\/wp-json\/wp\/v2\/product_brand?post=92618"},{"taxonomy":"product_cat","embeddable":true,"href":"https:\/\/brandss.com.py\/index\/wp-json\/wp\/v2\/product_cat?post=92618"},{"taxonomy":"product_tag","embeddable":true,"href":"https:\/\/brandss.com.py\/index\/wp-json\/wp\/v2\/product_tag?post=92618"}],"curies":[{"name":"wp","href":"https:\/\/api.w.org\/{rel}","templated":true}]}}