{"id":92620,"date":"2025-10-27T16:36:20","date_gmt":"2025-10-27T16:36:20","guid":{"rendered":"https:\/\/brandss.com.py\/index\/?post_type=product&#038;p=92620"},"modified":"2025-10-28T18:54:53","modified_gmt":"2025-10-28T18:54:53","slug":"tripode-estable-koosda-ksd-980-210cm","status":"publish","type":"product","link":"https:\/\/brandss.com.py\/index\/producto\/tripode-estable-koosda-ksd-980-210cm\/","title":{"rendered":"TR\u00cdPODE ESTABLE KOOSDA KSD-980 210CM"},"content":{"rendered":"<p><img loading=\"lazy\" decoding=\"async\" class=\"\" src=\"https:\/\/koosda.com\/uploads\/20250302\/026e881b0915f3857a1788ccdb06bc6a.png\" alt=\"KSD-W02 Magsafe Magnetic Wireless Charger Holder-Wireless Charger-KOOSDA - Premium Mobile Accessories &amp; Live-Streaming Gear for a Smarter Life\" width=\"87\" height=\"23\" \/><\/p>\n<h1>KSD-980<\/h1>\n<p>El tr\u00edpode KSD-980 est\u00e1 hecho de\u00a0<span class=\"index_module_idAiSummary__content__p__bold__01115bb2\">metal y ABS<\/span>, asegurando durabilidad y estabilidad. Soporta una\u00a0<span class=\"index_module_idAiSummary__content__p__bold__01115bb2\">capacidad de carga de 3 kg<\/span>\u00a0y se extiende hasta una altura de 210 cm, lo que lo hace ideal para uso profesional con c\u00e1maras. Con caracter\u00edsticas como capacidades impermeables y a prueba de golpes, mecanismo de bloqueo de torsi\u00f3n y portabilidad, es perfecto para viajes y uso vers\u00e1til con tel\u00e9fonos m\u00f3viles, c\u00e1maras digitales y videoc\u00e1maras.<\/p>\n<h3>Caracter\u00edsticas<\/h3>\n<p>Modelo: KSD-980.<\/p>\n<p><span dir=\"auto\">Tama\u00f1o de almacenamiento: 60,5 cm.<\/span><\/p>\n<p><span dir=\"auto\">Altura m\u00ednima: 58cm.<\/span><\/p>\n<p><span dir=\"auto\">Altura sin elevaci\u00f3n: 169cm.<\/span><\/p>\n<p><span dir=\"auto\">Altura: 210cm.<\/span><\/p>\n<p><span dir=\"auto\">Peso neto: 1760 g.<\/span><\/p>\n<p><span dir=\"auto\">Embalaje individual: 2137 g.<\/span><\/p>\n<p><span dir=\"auto\">Capacidad de carga del producto: 3 kg.<\/span><\/p>\n<p><span dir=\"auto\">Material: Metal + ABS.<\/span><\/p>\n","protected":false},"excerpt":{"rendered":"<p>KSD-980 El tr\u00edpode KSD-980 est\u00e1 hecho de\u00a0metal y ABS, asegurando durabilidad y estabilidad. Soporta una\u00a0capacidad de carga de 3 kg\u00a0y<\/p>\n","protected":false},"featured_media":92778,"comment_status":"open","ping_status":"closed","template":"","meta":{"nf_dc_page":""},"product_brand":[1087],"product_cat":[89],"product_tag":[1096],"class_list":{"0":"post-92620","1":"product","2":"type-product","3":"status-publish","4":"has-post-thumbnail","6":"product_brand-koosda","7":"product_cat-electronicos","8":"product_tag-1096","10":"first","11":"instock","12":"shipping-taxable","13":"purchasable","14":"product-type-simple"},"_links":{"self":[{"href":"https:\/\/brandss.com.py\/index\/wp-json\/wp\/v2\/product\/92620","targetHints":{"allow":["GET"]}}],"collection":[{"href":"https:\/\/brandss.com.py\/index\/wp-json\/wp\/v2\/product"}],"about":[{"href":"https:\/\/brandss.com.py\/index\/wp-json\/wp\/v2\/types\/product"}],"replies":[{"embeddable":true,"href":"https:\/\/brandss.com.py\/index\/wp-json\/wp\/v2\/comments?post=92620"}],"version-history":[{"count":1,"href":"https:\/\/brandss.com.py\/index\/wp-json\/wp\/v2\/product\/92620\/revisions"}],"predecessor-version":[{"id":92621,"href":"https:\/\/brandss.com.py\/index\/wp-json\/wp\/v2\/product\/92620\/revisions\/92621"}],"wp:featuredmedia":[{"embeddable":true,"href":"https:\/\/brandss.com.py\/index\/wp-json\/wp\/v2\/media\/92778"}],"wp:attachment":[{"href":"https:\/\/brandss.com.py\/index\/wp-json\/wp\/v2\/media?parent=92620"}],"wp:term":[{"taxonomy":"product_brand","embeddable":true,"href":"https:\/\/brandss.com.py\/index\/wp-json\/wp\/v2\/product_brand?post=92620"},{"taxonomy":"product_cat","embeddable":true,"href":"https:\/\/brandss.com.py\/index\/wp-json\/wp\/v2\/product_cat?post=92620"},{"taxonomy":"product_tag","embeddable":true,"href":"https:\/\/brandss.com.py\/index\/wp-json\/wp\/v2\/product_tag?post=92620"}],"curies":[{"name":"wp","href":"https:\/\/api.w.org\/{rel}","templated":true}]}}