{"id":92624,"date":"2025-10-27T17:23:35","date_gmt":"2025-10-27T17:23:35","guid":{"rendered":"https:\/\/brandss.com.py\/index\/?post_type=product&#038;p=92624"},"modified":"2025-10-28T18:59:32","modified_gmt":"2025-10-28T18:59:32","slug":"tripode-koosda-ktp-165-home-edition-0-65cm","status":"publish","type":"product","link":"https:\/\/brandss.com.py\/index\/producto\/tripode-koosda-ktp-165-home-edition-0-65cm\/","title":{"rendered":"TR\u00cdPODE KOOSDA KTP-165 HOME EDITION 0.65CM"},"content":{"rendered":"<p><img loading=\"lazy\" decoding=\"async\" class=\"\" src=\"https:\/\/koosda.com\/uploads\/20250302\/026e881b0915f3857a1788ccdb06bc6a.png\" alt=\"KSD-W02 Magsafe Magnetic Wireless Charger Holder-Wireless Charger-KOOSDA - Premium Mobile Accessories &amp; Live-Streaming Gear for a Smarter Life\" width=\"83\" height=\"22\" \/><\/p>\n<h1>KTP-165<\/h1>\n<p>El tr\u00edpode KTP-165 est\u00e1 pensado para uso dom\u00e9stico, port\u00e1til, y para quienes buscan un soporte compacto, ligero y estable para grabaciones en casa, contenido de redes sociales, streaming, videollamadas o fotograf\u00eda ligera. Su altura m\u00e1xima es de 65 cent\u00edmetros, lo que lo hace ideal para colocarlo sobre una mesa o superficie elevada, o para grabar sentado.<\/p>\n<h3 class=\"QN2lPu\"><span dir=\"auto\">Caracter\u00edsticas<\/span><\/h3>\n<p class=\"QN2lPu\"><span dir=\"auto\">1. Port\u00e1til y flexible, ideal para exteriores, viajes y sesiones con temporizador.<\/span><\/p>\n<p class=\"QN2lPu\"><span dir=\"auto\">2. Nivel de burbuja incorporado, que hace que su tr\u00edpode est\u00e9 perfectamente nivelado.<\/span><\/p>\n<p class=\"QN2lPu\"><span dir=\"auto\">3. Compatible con todo tipo de c\u00e1maras digitales, videoc\u00e1maras o tel\u00e9fonos inteligentes.<\/span><\/p>\n<p class=\"QN2lPu\"><span dir=\"auto\">4. Giro horizontal de 360\u00b0 y vertical de 90\u00b0 para satisfacer diferentes necesidades.<\/span><\/p>\n<p class=\"QN2lPu\"><span dir=\"auto\">5. Con agarre para ajustar la posici\u00f3n de la cabeza.<\/span><\/p>\n<p class=\"QN2lPu\"><span dir=\"auto\">6. Patas de metal con pies de goma antideslizantes, mayor seguridad.<\/span><\/p>\n<h3 class=\"QN2lPu\"><span dir=\"auto\">Especificaciones<\/span><\/h3>\n<p class=\"QN2lPu\"><span dir=\"auto\">Modelo: KTP-165.<\/span><\/p>\n<p class=\"QN2lPu\"><span dir=\"auto\">Tama\u00f1o de almacenamiento: 28 cm.<\/span><\/p>\n<p class=\"QN2lPu\"><span dir=\"auto\">Altura m\u00ednima: 26,5 cm.<\/span><\/p>\n<p class=\"QN2lPu\"><span dir=\"auto\">Altura sin elevaci\u00f3n: 49,5 cm.<\/span><\/p>\n<p class=\"QN2lPu\"><span dir=\"auto\">Altura: 65cm.<\/span><\/p>\n<p class=\"QN2lPu\"><span dir=\"auto\">Peso neto: 435 g.<\/span><\/p>\n<p class=\"QN2lPu\"><span dir=\"auto\">Embalaje individual: 540g.<\/span><\/p>\n<p class=\"QN2lPu\"><span dir=\"auto\">Capacidad de carga del producto: 2 kg.<\/span><\/p>\n<p class=\"QN2lPu\"><span dir=\"auto\">Material: Metal + ABS.<\/span><\/p>\n<p class=\"QN2lPu\"><span dir=\"auto\">Color: Negro.<\/span><\/p>\n<h3 class=\"QN2lPu\"><span dir=\"auto\">El paquete incluye :<\/span><\/h3>\n<p class=\"QN2lPu\"><span dir=\"auto\">1 tr\u00edpode de metal<\/span><\/p>\n<p class=\"QN2lPu\"><span dir=\"auto\">1 x soporte para tel\u00e9fono con clip<\/span><\/p>\n<p class=\"QN2lPu\"><span dir=\"auto\">1 x bolsa de almacenamiento<\/span><\/p>\n<p class=\"QN2lPu\"><span dir=\"auto\">1 x Manual de usuario<\/span><\/p>\n","protected":false},"excerpt":{"rendered":"<p>KTP-165 El tr\u00edpode KTP-165 est\u00e1 pensado para uso dom\u00e9stico, port\u00e1til, y para quienes buscan un soporte compacto, ligero y estable<\/p>\n","protected":false},"featured_media":92786,"comment_status":"open","ping_status":"closed","template":"","meta":{"nf_dc_page":""},"product_brand":[1087],"product_cat":[89],"product_tag":[1098],"class_list":{"0":"post-92624","1":"product","2":"type-product","3":"status-publish","4":"has-post-thumbnail","6":"product_brand-koosda","7":"product_cat-electronicos","8":"product_tag-ktp-165","10":"first","11":"instock","12":"shipping-taxable","13":"purchasable","14":"product-type-simple"},"_links":{"self":[{"href":"https:\/\/brandss.com.py\/index\/wp-json\/wp\/v2\/product\/92624","targetHints":{"allow":["GET"]}}],"collection":[{"href":"https:\/\/brandss.com.py\/index\/wp-json\/wp\/v2\/product"}],"about":[{"href":"https:\/\/brandss.com.py\/index\/wp-json\/wp\/v2\/types\/product"}],"replies":[{"embeddable":true,"href":"https:\/\/brandss.com.py\/index\/wp-json\/wp\/v2\/comments?post=92624"}],"version-history":[{"count":2,"href":"https:\/\/brandss.com.py\/index\/wp-json\/wp\/v2\/product\/92624\/revisions"}],"predecessor-version":[{"id":92791,"href":"https:\/\/brandss.com.py\/index\/wp-json\/wp\/v2\/product\/92624\/revisions\/92791"}],"wp:featuredmedia":[{"embeddable":true,"href":"https:\/\/brandss.com.py\/index\/wp-json\/wp\/v2\/media\/92786"}],"wp:attachment":[{"href":"https:\/\/brandss.com.py\/index\/wp-json\/wp\/v2\/media?parent=92624"}],"wp:term":[{"taxonomy":"product_brand","embeddable":true,"href":"https:\/\/brandss.com.py\/index\/wp-json\/wp\/v2\/product_brand?post=92624"},{"taxonomy":"product_cat","embeddable":true,"href":"https:\/\/brandss.com.py\/index\/wp-json\/wp\/v2\/product_cat?post=92624"},{"taxonomy":"product_tag","embeddable":true,"href":"https:\/\/brandss.com.py\/index\/wp-json\/wp\/v2\/product_tag?post=92624"}],"curies":[{"name":"wp","href":"https:\/\/api.w.org\/{rel}","templated":true}]}}