{"id":92626,"date":"2025-10-27T17:58:41","date_gmt":"2025-10-27T17:58:41","guid":{"rendered":"https:\/\/brandss.com.py\/index\/?post_type=product&#038;p=92626"},"modified":"2025-10-27T17:59:23","modified_gmt":"2025-10-27T17:59:23","slug":"tripode-estable-koosda-ktp-800-160cm","status":"publish","type":"product","link":"https:\/\/brandss.com.py\/index\/producto\/tripode-estable-koosda-ktp-800-160cm\/","title":{"rendered":"TR\u00cdPODE ESTABLE KOOSDA KTP-800 160CM"},"content":{"rendered":"<p><img loading=\"lazy\" decoding=\"async\" class=\"\" src=\"https:\/\/koosda.com\/uploads\/20250302\/026e881b0915f3857a1788ccdb06bc6a.png\" alt=\"KSD-W02 Magsafe Magnetic Wireless Charger Holder-Wireless Charger-KOOSDA -  Premium Mobile Accessories &amp; Live-Streaming Gear for a Smarter Life\" width=\"121\" height=\"32\" \/><\/p>\n<h1>KTP-800<\/h1>\n<p>Es un tr\u00edpode dise\u00f1ado para ofrecer una altura m\u00e1xima de aproximadamente 1,60m con buena estabilidad pensado para fotograf\u00eda\/v\u00eddeo, contenido o streaming donde se necesita algo m\u00e1s alto que un soporte de mesa, pero sin llegar a tama\u00f1os industriales.<\/p>\n<h3>Especificaciones<\/h3>\n<ul>\n<li data-start=\"644\" data-end=\"702\">\n<p data-start=\"646\" data-end=\"702\">Modelo: KTP-800.<\/p>\n<\/li>\n<li data-start=\"703\" data-end=\"799\">\n<p data-start=\"705\" data-end=\"799\">Altura m\u00e1xima: 160cm.<\/p>\n<\/li>\n<li data-start=\"703\" data-end=\"799\">\n<p data-start=\"705\" data-end=\"799\">Almacenamiento con cabezal: 49,5 cm.<\/p>\n<\/li>\n<li data-start=\"703\" data-end=\"799\">\n<p data-start=\"705\" data-end=\"799\">La barra transversal no sube: 128cm.<\/p>\n<\/li>\n<li data-start=\"703\" data-end=\"799\">\n<p data-start=\"705\" data-end=\"799\">Peso neto del tr\u00edpode: 1370 g.<\/p>\n<\/li>\n<li data-start=\"703\" data-end=\"799\">\n<p data-start=\"705\" data-end=\"799\">La barra transversal m\u00e1s larga: 125 cm.<\/p>\n<\/li>\n<li data-start=\"703\" data-end=\"799\">\n<p data-start=\"705\" data-end=\"799\">Peso: 3 kg.<\/p>\n<\/li>\n<li data-start=\"703\" data-end=\"799\">\n<p data-start=\"705\" data-end=\"799\">Expansi\u00f3n m\u00ednima: 49cm.<\/p>\n<\/li>\n<li data-start=\"703\" data-end=\"799\">\n<p data-start=\"705\" data-end=\"799\">Extensi\u00f3n m\u00e1xima: 160 cm.<\/p>\n<\/li>\n<li data-start=\"703\" data-end=\"799\">Barra transversal m\u00e1s corta: 37 cm.<\/li>\n<\/ul>\n","protected":false},"excerpt":{"rendered":"<p>KTP-800 Es un tr\u00edpode dise\u00f1ado para ofrecer una altura m\u00e1xima de aproximadamente 1,60m con buena estabilidad pensado para fotograf\u00eda\/v\u00eddeo, contenido<\/p>\n","protected":false},"featured_media":92627,"comment_status":"open","ping_status":"closed","template":"","meta":{"nf_dc_page":""},"product_brand":[1087],"product_cat":[89],"product_tag":[1099],"class_list":{"0":"post-92626","1":"product","2":"type-product","3":"status-publish","4":"has-post-thumbnail","6":"product_brand-koosda","7":"product_cat-electronicos","8":"product_tag-1099","10":"first","11":"instock","12":"shipping-taxable","13":"purchasable","14":"product-type-simple"},"_links":{"self":[{"href":"https:\/\/brandss.com.py\/index\/wp-json\/wp\/v2\/product\/92626","targetHints":{"allow":["GET"]}}],"collection":[{"href":"https:\/\/brandss.com.py\/index\/wp-json\/wp\/v2\/product"}],"about":[{"href":"https:\/\/brandss.com.py\/index\/wp-json\/wp\/v2\/types\/product"}],"replies":[{"embeddable":true,"href":"https:\/\/brandss.com.py\/index\/wp-json\/wp\/v2\/comments?post=92626"}],"version-history":[{"count":1,"href":"https:\/\/brandss.com.py\/index\/wp-json\/wp\/v2\/product\/92626\/revisions"}],"predecessor-version":[{"id":92631,"href":"https:\/\/brandss.com.py\/index\/wp-json\/wp\/v2\/product\/92626\/revisions\/92631"}],"wp:featuredmedia":[{"embeddable":true,"href":"https:\/\/brandss.com.py\/index\/wp-json\/wp\/v2\/media\/92627"}],"wp:attachment":[{"href":"https:\/\/brandss.com.py\/index\/wp-json\/wp\/v2\/media?parent=92626"}],"wp:term":[{"taxonomy":"product_brand","embeddable":true,"href":"https:\/\/brandss.com.py\/index\/wp-json\/wp\/v2\/product_brand?post=92626"},{"taxonomy":"product_cat","embeddable":true,"href":"https:\/\/brandss.com.py\/index\/wp-json\/wp\/v2\/product_cat?post=92626"},{"taxonomy":"product_tag","embeddable":true,"href":"https:\/\/brandss.com.py\/index\/wp-json\/wp\/v2\/product_tag?post=92626"}],"curies":[{"name":"wp","href":"https:\/\/api.w.org\/{rel}","templated":true}]}}