{"id":92649,"date":"2025-10-28T12:40:31","date_gmt":"2025-10-28T12:40:31","guid":{"rendered":"https:\/\/brandss.com.py\/index\/?post_type=product&#038;p=92649"},"modified":"2025-10-28T19:06:01","modified_gmt":"2025-10-28T19:06:01","slug":"estabilizador-gimbal-dji-osmo-mobile-7","status":"publish","type":"product","link":"https:\/\/brandss.com.py\/index\/producto\/estabilizador-gimbal-dji-osmo-mobile-7\/","title":{"rendered":"ESTABILIZADOR GIMBAL DJI OSMO MOBILE 7"},"content":{"rendered":"<p><img loading=\"lazy\" decoding=\"async\" class=\"\" src=\"https:\/\/upload.wikimedia.org\/wikipedia\/commons\/thumb\/9\/9a\/DJI_Innovations_logo.svg\/1200px-DJI_Innovations_logo.svg.png\" alt=\"DJI - Wikipedia\" width=\"67\" height=\"39\" \/><\/p>\n<h1>OSMO MOBILE 7<\/h1>\n<p>Realice un seguimiento preciso de los sujetos mientras mantiene una filmaci\u00f3n estable con el estabilizador de card\u00e1n para tel\u00e9fonos inteligentes DJI Osmo Mobile 7 mejorado gracias a su construcci\u00f3n de lanzamiento r\u00e1pido, motores robustos de 3 ejes y tecnolog\u00eda ActiveTrack 7.0.<\/p>\n<p>El card\u00e1n tiene una nueva versi\u00f3n de la abrazadera magn\u00e9tica para tel\u00e9fono que admite tel\u00e9fonos inteligentes de\u00a067 a 84 mm, un grosor de 6,9 a 10 mm y un peso de 170 a 300 g\u00a0en una interfaz de montaje r\u00e1pido. La duraci\u00f3n de la bater\u00eda incorporada es de 10 horas y se recarga en solo 2,5 horas con el cable USB-C. Un tr\u00edpode incorporado le permite colocar el card\u00e1n en superficies planas, y una rosca de montaje de 1\/4&#8243;-20 puede acomodar accesorios adicionales.<\/p>\n<h5>Dispositivo de lanzamiento r\u00e1pido<\/h5>\n<p><img loading=\"lazy\" decoding=\"async\" class=\"alignleft\" src=\"https:\/\/cdn.grupoalfatec.com.py\/upload\/product\/7906\/7906-estabilizador-gimbal-dji-osmo-mobile-7-e30e0.jpg\" width=\"656\" height=\"656\" \/><\/p>\n<p><span style=\"color: #000000;font-family: OpenSans, Segoe UI, Helvetica, Roboto, Arial, sans-serif\">Enciende el Osmo Mobile 7 despleg\u00e1ndolo y colocando tu smartphone mediante una abrazadera magn\u00e9tica para comenzar a disparar. No es necesario sacar el tel\u00e9fono de su estuche; la abrazadera mejorada admite tel\u00e9fonos de\u00a0<\/span>67 a 84 mm, un grosor de 6,9 a 10 mm. Un sensor inteligente integrado y una alineaci\u00f3n autom\u00e1tica detectan tu tel\u00e9fono y ajustan el estabilizador en consecuencia para un equilibrio \u00f3ptimo. El estabilizador puede soportar cargas de hasta 300g<\/p>\n<h5>Estabilizaci\u00f3n de 3 ejes y ActiveTrack 7.0<\/h5>\n<p>&nbsp;<\/p>\n<p><span style=\"color: #000000;font-family: OpenSans, Segoe UI, Helvetica, Roboto, Arial, sans-serif\">El Osmo Mobile 7 cuenta con una estabilidad mejorada para distancias m\u00e1s largas gracias al ActiveTrack 7.0 actualizado, que puede rastrear autom\u00e1ticamente las formas del cuerpo para seguir a los sujetos humanos sin necesidad de hacer una selecci\u00f3n manual. Sigue a los sujetos incluso despu\u00e9s de que salgan del marco utilizando el zoom autom\u00e1tico y los movimientos del estabilizador para filmar de forma continua. Smart Capture detecta varios sujetos y te permite cambiar sin esfuerzo tocando la pantalla de tu tel\u00e9fono. El seguimiento suave se\u00f1ala a tu sujeto preferido, ya sea una persona o una mascota familiar, y mantiene un seguimiento continuo independientemente del movimiento o la obstrucci\u00f3n. La tecnolog\u00eda de estabilizaci\u00f3n incorporada crea tomas sin temblores ni distorsiones debido al terreno.<\/span><\/p>\n<h5>Controles intuitivos integrados<\/h5>\n<p><span style=\"color: #000000;font-family: OpenSans, Segoe UI, Helvetica, Roboto, Arial, sans-serif\">Los controles integrados incluyen un joystick integrado y otros botones en la empu\u00f1adura. Un indicador de estado del sistema muestra el nivel de bater\u00eda y el modo de card\u00e1n.<\/span><\/p>\n<p><span style=\"color: #000000;font-family: OpenSans, Segoe UI, Helvetica, Roboto, Arial, sans-serif\">Un control deslizante de zoom le permite ajustar la distancia focal y acercar o alejar el zoom en su tel\u00e9fono inteligente a trav\u00e9s de la conectividad Bluetooth 5.3.<\/span><\/p>\n<p><span style=\"color: #000000;font-family: OpenSans, Segoe UI, Helvetica, Roboto, Arial, sans-serif\">Presione el gatillo trasero tres veces para cambiar al modo selfie.<\/span><\/p>\n<p><span style=\"color: #000000;font-family: OpenSans, Segoe UI, Helvetica, Roboto, Arial, sans-serif\">Rango controlable: giro de 309\u00b0, giro de 312\u00b0, inclinaci\u00f3n de 60\u00b0<\/span><\/p>\n<p><span style=\"color: #000000;font-family: OpenSans, Segoe UI, Helvetica, Roboto, Arial, sans-serif\">Velocidad de control: 120\u00b0\/s<\/span><\/p>\n<h5>Modos de disparo inteligentes<\/h5>\n<p>&nbsp;<\/p>\n<p><span style=\"color: #000000;font-family: OpenSans, Segoe UI, Helvetica, Roboto, Arial, sans-serif\">Adem\u00e1s de los modos de seguimiento de movimiento horizontal y vertical habituales de DJI y SpinShot, el Osmo Mobile 7 tambi\u00e9n ofrece modos de grabaci\u00f3n inteligentes para una visualizaci\u00f3n ampliada. Utilice Time-Lapse, Motion-Lapse e Hyper-Lapse para combinar el tiempo a la perfecci\u00f3n. Utilice tres modos panor\u00e1micos diferentes para capturar grandes extensiones. Estire y comprima su video con DynamicZoom y los modos Move In o Move Out.<\/span><\/p>\n<h5>Modo padres e hijos<\/h5>\n<p>&nbsp;<\/p>\n<p><span style=\"color: #000000;font-family: OpenSans, Segoe UI, Helvetica, Roboto, Arial, sans-serif\">Una nueva funci\u00f3n incluida con la OM 7 es el modo Padres e hijos, que te ayuda a convertirte en el fot\u00f3grafo de tu familia. Captura autom\u00e1ticamente momentos con tus hijos gracias al seguimiento mejorado de los ni\u00f1os y accede a una variedad de plantillas para crear recuerdos digitales.<\/span><\/p>\n<h5>Duraci\u00f3n de la bater\u00eda y carga del tel\u00e9fono<\/h5>\n<p>&nbsp;<\/p>\n<p><span style=\"color: #000000;font-family: OpenSans, Segoe UI, Helvetica, Roboto, Arial, sans-serif\">Una bater\u00eda recargable integrada permite que el Mobile 7 funcione durante 10 horas seguidas. Una vez agotada, se puede recargar en 2,5 horas utilizando el cable de alimentaci\u00f3n incluido y el puerto USB-C. El mismo puerto USB-C tambi\u00e9n se puede utilizar como salida de alimentaci\u00f3n para cargar el tel\u00e9fono inteligente cuando el estabilizador est\u00e1 apagado.<\/span><\/p>\n<h5>Aplicaci\u00f3n DJI Mimo<\/h5>\n<p><span style=\"color: #000000;font-family: OpenSans, Segoe UI, Helvetica, Roboto, Arial, sans-serif\">La tecnolog\u00eda ActiveTrack 7.0 integrada en la aplicaci\u00f3n permite que el Osmo Mobile 7 mantenga autom\u00e1ticamente tu tel\u00e9fono apuntando hacia ti mientras te mueves.<\/span><\/p>\n<p><span style=\"color: #000000;font-family: OpenSans, Segoe UI, Helvetica, Roboto, Arial, sans-serif\">Utilice su Apple Watch para ver la transmisi\u00f3n de la c\u00e1mara, controlar el estabilizador y habilitar ActiveTrack de forma remota.<\/span><\/p>\n<p><span style=\"color: #000000;font-family: OpenSans, Segoe UI, Helvetica, Roboto, Arial, sans-serif\">La edici\u00f3n con un solo toque impulsada por IA y las plantillas de video exclusivas hacen que crear videos sea intuitivo y f\u00e1cil.<\/span><\/p>\n<p><span style=\"color: #000000;font-family: OpenSans, Segoe UI, Helvetica, Roboto, Arial, sans-serif\">ShotGuides analiza tu entorno de disparo y recomienda una secuencia de disparo con un tutorial guiado.<\/span><\/p>\n<h5>M\u00f3dulo multifuncional opcional<\/h5>\n<p>&nbsp;<\/p>\n<p><span style=\"color: #000000;font-family: OpenSans, Segoe UI, Helvetica, Roboto, Arial, sans-serif\">Un m\u00f3dulo multifuncional disponible por separado agrega seguimiento en la aplicaci\u00f3n de c\u00e1mara nativa de su tel\u00e9fono inteligente o en aplicaciones de c\u00e1mara de terceros sin requerir la aplicaci\u00f3n Mimo. Al colocar el m\u00f3dulo, tambi\u00e9n se desbloquea el control de gestos para realizar ajustes con manos libres. Una luz de relleno integrada en el m\u00f3dulo puede mejorar sus tomas con poca luz. El Bluetooth integrado en el m\u00f3dulo puede conectar hasta dos transmisores DJI Mic Mini al estabilizador sin requerir una unidad receptora.<\/span><\/p>\n<h5>Especificaciones:<\/h5>\n<ul>\n<li>Dimensiones (Desplegado): 278\u00d7107\u00d793 mm<\/li>\n<li>Dimensiones (Plegado): 179\u00d795\u00d739 mm<\/li>\n<li>Peso: 300 g (con tr\u00edpode y accesorios)<\/li>\n<li>Velocidad de control: Hasta 120\u00b0\/s<\/li>\n<li>Conectividad: Bluetooth 5.3<\/li>\n<li>Compatibilidad con app: DJI Mimo<\/li>\n<li>Puerto inferior: Rosca 1\/4&#8243; para tr\u00edpode<\/li>\n<\/ul>\n<h5>Compatibilidad con tel\u00e9fono:<\/h5>\n<ul>\n<li>Peso: 170-300 g<\/li>\n<li>Grosor: 6.9-10 mm<\/li>\n<li>Ancho: 67-84 mm<\/li>\n<\/ul>\n<h5>Bater\u00eda:<\/h5>\n<ul>\n<li>Tipo: Li-Po 1S<\/li>\n<li>Capacidad: 3350 mAh<\/li>\n<li>Duraci\u00f3n: Aprox. 10 horas<\/li>\n<li>Tiempo de carga: 2.5 horas (USB-C)<\/li>\n<\/ul>\n<h5>Rango controlable:<\/h5>\n<ul>\n<li>Pan: -99\u00b0 a 210\u00b0<\/li>\n<li>Roll: -67\u00b0 a 245\u00b0<\/li>\n<li>Tilt: -20\u00b0 a 40\u00b0<\/li>\n<\/ul>\n<h5>Rango mec\u00e1nico:<\/h5>\n<ul>\n<li>Pan: -109\u00b0 a 222\u00b0<\/li>\n<li>Roll: -77\u00b0 a 255\u00b0<\/li>\n<li>Tilt: -224\u00b0 a 100\u00b0<\/li>\n<\/ul>\n","protected":false},"excerpt":{"rendered":"<p>OSMO MOBILE 7 Realice un seguimiento preciso de los sujetos mientras mantiene una filmaci\u00f3n estable con el estabilizador de card\u00e1n<\/p>\n","protected":false},"featured_media":92803,"comment_status":"open","ping_status":"closed","template":"","meta":{"nf_dc_page":""},"product_brand":[1125],"product_cat":[89],"product_tag":[1126],"class_list":{"0":"post-92649","1":"product","2":"type-product","3":"status-publish","4":"has-post-thumbnail","6":"product_brand-dji","7":"product_cat-electronicos","8":"product_tag-1126","10":"first","11":"instock","12":"shipping-taxable","13":"purchasable","14":"product-type-simple"},"_links":{"self":[{"href":"https:\/\/brandss.com.py\/index\/wp-json\/wp\/v2\/product\/92649","targetHints":{"allow":["GET"]}}],"collection":[{"href":"https:\/\/brandss.com.py\/index\/wp-json\/wp\/v2\/product"}],"about":[{"href":"https:\/\/brandss.com.py\/index\/wp-json\/wp\/v2\/types\/product"}],"replies":[{"embeddable":true,"href":"https:\/\/brandss.com.py\/index\/wp-json\/wp\/v2\/comments?post=92649"}],"version-history":[{"count":1,"href":"https:\/\/brandss.com.py\/index\/wp-json\/wp\/v2\/product\/92649\/revisions"}],"predecessor-version":[{"id":92650,"href":"https:\/\/brandss.com.py\/index\/wp-json\/wp\/v2\/product\/92649\/revisions\/92650"}],"wp:featuredmedia":[{"embeddable":true,"href":"https:\/\/brandss.com.py\/index\/wp-json\/wp\/v2\/media\/92803"}],"wp:attachment":[{"href":"https:\/\/brandss.com.py\/index\/wp-json\/wp\/v2\/media?parent=92649"}],"wp:term":[{"taxonomy":"product_brand","embeddable":true,"href":"https:\/\/brandss.com.py\/index\/wp-json\/wp\/v2\/product_brand?post=92649"},{"taxonomy":"product_cat","embeddable":true,"href":"https:\/\/brandss.com.py\/index\/wp-json\/wp\/v2\/product_cat?post=92649"},{"taxonomy":"product_tag","embeddable":true,"href":"https:\/\/brandss.com.py\/index\/wp-json\/wp\/v2\/product_tag?post=92649"}],"curies":[{"name":"wp","href":"https:\/\/api.w.org\/{rel}","templated":true}]}}