{"id":92651,"date":"2025-10-28T13:10:38","date_gmt":"2025-10-28T13:10:38","guid":{"rendered":"https:\/\/brandss.com.py\/index\/?post_type=product&#038;p=92651"},"modified":"2025-10-28T19:08:26","modified_gmt":"2025-10-28T19:08:26","slug":"mouse-redragon-gainer-m656-rgb-4000-dpi-7-botones-wireless","status":"publish","type":"product","link":"https:\/\/brandss.com.py\/index\/producto\/mouse-redragon-gainer-m656-rgb-4000-dpi-7-botones-wireless\/","title":{"rendered":"MOUSE REDRAGON GAINER M656 RGB 4000 DPI 7 BOTONES WIRELESS"},"content":{"rendered":"<p><img loading=\"lazy\" decoding=\"async\" class=\"\" src=\"https:\/\/logodownload.org\/wp-content\/uploads\/2020\/03\/redragon-logo-0.png\" alt=\"Redragon Logo - PNG y Vector\" width=\"103\" height=\"103\" \/><\/p>\n<h1>GAINER M656<\/h1>\n<p>El Redragon M656 Gainer ofrece libertad de movimiento y precisi\u00f3n sin interrupciones gracias a su conexi\u00f3n inal\u00e1mbrica de 2.4 GHz con nano receptor USB. Equipado con el sensor \u00f3ptico Pixart PAW3104, permite una sensibilidad personalizable de hasta 4000 DPI, ideal para todo tipo de juegos. Su tasa de sondeo de hasta 500 Hz garantiza una respuesta fluida y precisa, mientras que su dise\u00f1o ergon\u00f3mico asegura comodidad durante largas sesiones. Con 7 botones programables, incluidos dos laterales para macros, proporciona acceso r\u00e1pido a funciones clave tanto en juegos como en entornos de productividad. Compacto y liviano, con solo 87gr, es la opci\u00f3n ideal para quienes buscan rendimiento sin cables.<img loading=\"lazy\" decoding=\"async\" class=\"alignleft\" src=\"https:\/\/cdn.shopify.com\/s\/files\/1\/0012\/4957\/4961\/files\/redragon_m656_with_software.jpg?v=1650354033\" width=\"663\" height=\"442\" \/><\/p>\n<h5 role=\"heading\" aria-label=\"Tecnolog\u00eda inal\u00e1mbrica para ganar sin l\u00edmites\"><span dir=\"auto\">Tecnolog\u00eda inal\u00e1mbrica para ganar sin l\u00edmites<\/span><\/h5>\n<p><span dir=\"auto\"><span class=\"VIpgJd-yAWNEb-VIpgJd-fmcmS-sn54Q\" dir=\"auto\">Los cables realmente afectar\u00e1n tu reacci\u00f3n de batalla detallada, el mouse inal\u00e1mbrico para juegos Redragon M656 con nano receptor de 2.4 Ghz te ofrece la experiencia de movimiento del mouse m\u00e1s pura y aumenta tu KDA nuevamente.<\/span><\/span><\/p>\n<h5 role=\"heading\" aria-label=\"5 niveles de DPI ajustables\"><span dir=\"auto\"><span class=\"VIpgJd-yAWNEb-VIpgJd-fmcmS-sn54Q\" dir=\"auto\">5 niveles de DPI ajustables<\/span><\/span><\/h5>\n<p><span dir=\"auto\">Equipado con 5 niveles de DPI integrados (1000\/1500\/2000\/2400\/4000) que permiten que los movimientos del mouse se registren en cada ubicaci\u00f3n precisa. Los 5 niveles de DPI se pueden personalizar con software, lo que permite a los jugadores cambiar r\u00e1pidamente en el juego.<\/span><\/p>\n<h5 role=\"heading\" aria-label=\"Atajo de teclado f\u00e1cil con macro\"><span dir=\"auto\">Atajo de teclado f\u00e1cil con macro<\/span><\/h5>\n<p><span dir=\"auto\"><span class=\"VIpgJd-yAWNEb-VIpgJd-fmcmS-sn54Q\" dir=\"auto\">Los 7 botones programables son editables con combinaciones de teclas t\u00e1cticas personalizables en cualquier juego o trabajo que est\u00e9 realizando. Los 2 botones macro laterales le ofrecen una mejor experiencia de juego y trabajo.<\/span><\/span><\/p>\n<h5 role=\"heading\" aria-label=\"N\u00facleo de ultra larga duraci\u00f3n\"><span dir=\"auto\"><span class=\"\" dir=\"auto\">N\u00facleo de ultra larga duraci\u00f3n<img loading=\"lazy\" decoding=\"async\" class=\"alignright\" src=\"https:\/\/cdn.shopify.com\/s\/files\/1\/0012\/4957\/4961\/files\/redragon_m656_gaming_mouse.jpg?v=1650353681\" width=\"672\" height=\"448\" \/><\/span><\/span><\/h5>\n<p><span dir=\"auto\">Equipado con el sensor \u00f3ptico Pixart PAW3104, el consumo del rat\u00f3n se optimiza a\u00fan m\u00e1s con una tasa de sondeo de 500 Hz en 3 niveles. El modo de suspensi\u00f3n ECO inteligente ayuda a ahorrar bater\u00eda al usar el rat\u00f3n de forma intermitente (bater\u00eda no incluida).<\/span><\/p>\n<h5 role=\"heading\" aria-label=\"Software esencial compatible\"><span dir=\"auto\">Software esencial compatible<\/span><\/h5>\n<p><span dir=\"auto\"><span class=\"VIpgJd-yAWNEb-VIpgJd-fmcmS-sn54Q\" dir=\"auto\">Con el controlador Redragon Pro, selecciona tu estilo preferido de LED rojo para que se adapte a tu estilo de uso. Los 7 botones est\u00e1n listos para asignarse con macros complejas o pr\u00e1cticas, as\u00ed como atajos de teclado personalizados para los botones que usas habitualmente.<\/span><\/span><\/p>\n<h5 class=\"h4 has-down\"><span dir=\"auto\"><span class=\"VIpgJd-yAWNEb-VIpgJd-fmcmS-sn54Q\" dir=\"auto\">Caracter\u00edsticas<\/span><\/span><\/h5>\n<div>\n<ul>\n<li><span dir=\"auto\">Rat\u00f3n inal\u00e1mbrico para juegos de 2,4 GHz<\/span><\/li>\n<li><span dir=\"auto\">7 botones macro<\/span><\/li>\n<li><span dir=\"auto\">5 niveles de DPI ajustables\u00a0<\/span><\/li>\n<li><span dir=\"auto\">Dise\u00f1o ergon\u00f3mico<\/span><\/li>\n<li><span dir=\"auto\">Modo de suspensi\u00f3n autom\u00e1tica para ahorro de energ\u00eda<\/span><\/li>\n<li><span dir=\"auto\">Compatible con Windows 7\/8\/10\/XP\/Vista\/ME\/2000\/Mac10.x, etc.<\/span><\/li>\n<\/ul>\n<h5 class=\"h4 has-down\"><span dir=\"auto\"><span class=\"VIpgJd-yAWNEb-VIpgJd-fmcmS-sn54Q\" dir=\"auto\">Dise\u00f1o<\/span><\/span><\/h5>\n<div>\n<div class=\"fenkai\"><span dir=\"auto\">Modo: <\/span><span dir=\"auto\">Inal\u00e1mbrico<\/span><\/div>\n<div class=\"fenkai\"><span dir=\"auto\">DPI: <\/span><span dir=\"auto\">1000-4000<\/span><\/div>\n<div class=\"fenkai\"><span dir=\"auto\">retroiluminado: <\/span><span dir=\"auto\">Rojo<\/span><\/div>\n<div class=\"fenkai\"><span dir=\"auto\">Peso del art\u00edculo: <\/span><span dir=\"auto\">87 g (sin bater\u00eda)<\/span><\/div>\n<div class=\"fenkai\"><span dir=\"auto\">Dimensiones del producto: <\/span><span dir=\"auto\">8,07 x 5,91 x 2,09 pulgadas<\/span><\/div>\n<div class=\"fenkai\"><span dir=\"auto\">Fuente de energ\u00eda: <\/span><span dir=\"auto\">Bater\u00eda<\/span><\/div>\n<div class=\"fenkai\"><span dir=\"auto\">Plataforma de hardware: <\/span><span dir=\"auto\">ordenador personal<\/span><\/div>\n<div class=\"fenkai\"><span dir=\"auto\">N\u00famero de botones: <\/span><span dir=\"auto\">7<\/span><\/div>\n<div class=\"fenkai\"><span dir=\"auto\">Sensor: <\/span><span dir=\"auto\">PAW3104<\/span><\/div>\n<div class=\"fenkai\"><span dir=\"auto\">Velocidad de seguimiento: <\/span><span dir=\"auto\">45 pulgadas por segundo<\/span><\/div>\n<div class=\"fenkai\"><span dir=\"auto\">ACC: <\/span><span dir=\"auto\">15G<\/span><\/div>\n<div>\n<h5 class=\"h4 has-down\"><span dir=\"auto\"><span class=\"VIpgJd-yAWNEb-VIpgJd-fmcmS-sn54Q\" dir=\"auto\">El paquete incluye<\/span><\/span><\/h5>\n<div>\n<div><span dir=\"auto\">1 x Rat\u00f3n inal\u00e1mbrico (bater\u00eda no incluida)<\/span><\/div>\n<div><span dir=\"auto\">1 x receptor USB<\/span><\/div>\n<div><span dir=\"auto\">1 x Manual de usuario<\/span><\/div>\n<\/div>\n<\/div>\n<\/div>\n<\/div>\n","protected":false},"excerpt":{"rendered":"<p>GAINER M656 El Redragon M656 Gainer ofrece libertad de movimiento y precisi\u00f3n sin interrupciones gracias a su conexi\u00f3n inal\u00e1mbrica de<\/p>\n","protected":false},"featured_media":92810,"comment_status":"open","ping_status":"closed","template":"","meta":{"nf_dc_page":""},"product_brand":[1127],"product_cat":[92],"product_tag":[1128],"class_list":{"0":"post-92651","1":"product","2":"type-product","3":"status-publish","4":"has-post-thumbnail","6":"product_brand-redragon","7":"product_cat-informatica","8":"product_tag-1128","10":"first","11":"instock","12":"shipping-taxable","13":"purchasable","14":"product-type-simple"},"_links":{"self":[{"href":"https:\/\/brandss.com.py\/index\/wp-json\/wp\/v2\/product\/92651","targetHints":{"allow":["GET"]}}],"collection":[{"href":"https:\/\/brandss.com.py\/index\/wp-json\/wp\/v2\/product"}],"about":[{"href":"https:\/\/brandss.com.py\/index\/wp-json\/wp\/v2\/types\/product"}],"replies":[{"embeddable":true,"href":"https:\/\/brandss.com.py\/index\/wp-json\/wp\/v2\/comments?post=92651"}],"version-history":[{"count":1,"href":"https:\/\/brandss.com.py\/index\/wp-json\/wp\/v2\/product\/92651\/revisions"}],"predecessor-version":[{"id":92652,"href":"https:\/\/brandss.com.py\/index\/wp-json\/wp\/v2\/product\/92651\/revisions\/92652"}],"wp:featuredmedia":[{"embeddable":true,"href":"https:\/\/brandss.com.py\/index\/wp-json\/wp\/v2\/media\/92810"}],"wp:attachment":[{"href":"https:\/\/brandss.com.py\/index\/wp-json\/wp\/v2\/media?parent=92651"}],"wp:term":[{"taxonomy":"product_brand","embeddable":true,"href":"https:\/\/brandss.com.py\/index\/wp-json\/wp\/v2\/product_brand?post=92651"},{"taxonomy":"product_cat","embeddable":true,"href":"https:\/\/brandss.com.py\/index\/wp-json\/wp\/v2\/product_cat?post=92651"},{"taxonomy":"product_tag","embeddable":true,"href":"https:\/\/brandss.com.py\/index\/wp-json\/wp\/v2\/product_tag?post=92651"}],"curies":[{"name":"wp","href":"https:\/\/api.w.org\/{rel}","templated":true}]}}