{"id":92653,"date":"2025-10-28T14:16:35","date_gmt":"2025-10-28T14:16:35","guid":{"rendered":"https:\/\/brandss.com.py\/index\/?post_type=product&#038;p=92653"},"modified":"2025-10-28T19:11:26","modified_gmt":"2025-10-28T19:11:26","slug":"mouse-gaming-redragon-griffin-m607-black","status":"publish","type":"product","link":"https:\/\/brandss.com.py\/index\/producto\/mouse-gaming-redragon-griffin-m607-black\/","title":{"rendered":"MOUSE GAMING REDRAGON GRIFFIN M607 BLACK"},"content":{"rendered":"<p><img loading=\"lazy\" decoding=\"async\" class=\"\" src=\"https:\/\/logodownload.org\/wp-content\/uploads\/2020\/03\/redragon-logo-0.png\" alt=\"Redragon Logo - PNG y Vector\" width=\"101\" height=\"101\" \/><\/p>\n<h1>GRIFFIN M607<\/h1>\n<p>Griffin tiene un ajuste perfecto en la mano, con relieves curvos y textura de nido de abeja en los lados izquierdo y derecho, proporcionando un posicionamiento c\u00f3modo y agarre para los dedos peque\u00f1os, el anillo y el pulgar que sin duda contribuyen a utilizar el perif\u00e9rico. horas continuamente.<\/p>\n<h5 class=\"product-section--split__title\">C\u00f3modo, luminoso, preciso.<img loading=\"lazy\" decoding=\"async\" class=\"alignleft\" src=\"https:\/\/redragon.es\/content\/uploads\/2021\/04\/griffin-black-2.jpg\" width=\"571\" height=\"288\" \/><\/h5>\n<p class=\"product-section--split__description\">El Griffin es al mismo tiempo un objeto de deleite y un arma muy poderosa para el juego competitivo. \u00a1Te sorprender\u00e1 al usarlo y tambi\u00e9n al verlo!<\/p>\n<h5 class=\"product-section--split__title\">N\u00daCLEO FUERTE<\/h5>\n<p class=\"product-section--split__description\">Su sensor \u00f3ptico Pixart P3212 te asegura un rendimiento excelente en juegos de todo tipo. El Griffin es sin dudas un rat\u00f3n gamer realmente competitivo.<\/p>\n<h5 class=\"product-section--split__title\">5 perfiles de DPI<\/h5>\n<p class=\"product-section--split__description\">Plenamente configurables y con cambio r\u00e1pido para afrontar con \u00e9xito cualquier circunstancia de juego. \u00a1Ve por el headshot!<\/p>\n<h5 class=\"product-section--split__title\">Software dedicado<\/h5>\n<p class=\"product-section--split__description\">Los 7 botones del Griffin son programables desde el software. Puedes configurarlos f\u00e1cilmente para realizar acciones secuenciales autom\u00e1ticas o macros. \u00a1Todo estar\u00e1 bajo tu control!<\/p>\n<p class=\"product-section--split__description\"><b>Iluminaci\u00f3n RGB<img loading=\"lazy\" decoding=\"async\" class=\"alignright\" src=\"https:\/\/redragon.es\/content\/uploads\/2021\/04\/griffin-black-3.jpg\" width=\"653\" height=\"329\" \/><\/b><\/p>\n<p>Con una banda que rodea todo el contorno de nuestro perif\u00e9rico, agregado a los lados del pergamino y el logotipo de Redragon, tendremos una iluminaci\u00f3n RGB totalmente configurable por software. Que el dispositivo se adapte completamente a sus preferencias cuando se trata de est\u00e9tica.<\/p>\n<p><b>Caracter\u00edsticas Principales<\/b><\/p>\n<p>7 botones programables optimizados (8 botones en total)<\/p>\n<p>Rueda de desplazamiento t\u00e1ctil antideslizante<\/p>\n<p>hasta 7200 DPI (800\/1200\/1600\/2400\/7200 DPI ajustable por el usuario)<\/p>\n<p>7 modos de color RGB, efectos de iluminaci\u00f3n y respiraci\u00f3n<\/p>\n<p>DPI indicador de color 10 g de aceleraci\u00f3n<\/p>\n<p>Amortiguadores duraderos de TEFLON para un movimiento suave y preciso<\/p>\n<p>Cable de fibra trenzada de alta velocidad de 6 pies y 3 mm y filtro magn\u00e9tico de paso bajo para reducir la interferencia electromagn\u00e9tica<\/p>\n<p>Conector USB no corrosivo chapado en oro para una conexi\u00f3n confiable.<\/p>\n<h5>ESPECIFICACIONES T\u00c9CNICAS<\/h5>\n<p>Botones Programables: 7<br \/>\nTipo de agarre: Palm, claw.<br \/>\nOrientaci\u00f3n: Derecho.<br \/>\nCable: Mallado de 1,8 m.<br \/>\nConexi\u00f3n: Cableado USB.<br \/>\nModelo de sensor: Pixart P3212 \u00f3ptico.<br \/>\nSwitches: Huano\/10 millones de clics.<br \/>\nRetroiluminaci\u00f3n: S\u00ed, RGB Chroma.<br \/>\nDPI m\u00ednimo: 600<br \/>\nDPI m\u00e1ximo: 7200.<br \/>\nFrecuencia de respuesta: 125 Hz \/ 1000 Hz.<br \/>\nPeso: 107 g.<br \/>\nDimensiones: 12,7 x 8,1 x 4,1 cm.<br \/>\nSistema de Pesas: No<\/p>\n<h5>CONTENIDO DEL PAQUETE<\/h5>\n<p>griffin m607<br \/>\nManual de uso<br \/>\nSticker Redragon<\/p>\n","protected":false},"excerpt":{"rendered":"<p>GRIFFIN M607 Griffin tiene un ajuste perfecto en la mano, con relieves curvos y textura de nido de abeja en<\/p>\n","protected":false},"featured_media":92816,"comment_status":"open","ping_status":"closed","template":"","meta":{"nf_dc_page":""},"product_brand":[1127],"product_cat":[92],"product_tag":[1129],"class_list":{"0":"post-92653","1":"product","2":"type-product","3":"status-publish","4":"has-post-thumbnail","6":"product_brand-redragon","7":"product_cat-informatica","8":"product_tag-1129","10":"first","11":"instock","12":"shipping-taxable","13":"purchasable","14":"product-type-simple"},"_links":{"self":[{"href":"https:\/\/brandss.com.py\/index\/wp-json\/wp\/v2\/product\/92653","targetHints":{"allow":["GET"]}}],"collection":[{"href":"https:\/\/brandss.com.py\/index\/wp-json\/wp\/v2\/product"}],"about":[{"href":"https:\/\/brandss.com.py\/index\/wp-json\/wp\/v2\/types\/product"}],"replies":[{"embeddable":true,"href":"https:\/\/brandss.com.py\/index\/wp-json\/wp\/v2\/comments?post=92653"}],"version-history":[{"count":2,"href":"https:\/\/brandss.com.py\/index\/wp-json\/wp\/v2\/product\/92653\/revisions"}],"predecessor-version":[{"id":92824,"href":"https:\/\/brandss.com.py\/index\/wp-json\/wp\/v2\/product\/92653\/revisions\/92824"}],"wp:featuredmedia":[{"embeddable":true,"href":"https:\/\/brandss.com.py\/index\/wp-json\/wp\/v2\/media\/92816"}],"wp:attachment":[{"href":"https:\/\/brandss.com.py\/index\/wp-json\/wp\/v2\/media?parent=92653"}],"wp:term":[{"taxonomy":"product_brand","embeddable":true,"href":"https:\/\/brandss.com.py\/index\/wp-json\/wp\/v2\/product_brand?post=92653"},{"taxonomy":"product_cat","embeddable":true,"href":"https:\/\/brandss.com.py\/index\/wp-json\/wp\/v2\/product_cat?post=92653"},{"taxonomy":"product_tag","embeddable":true,"href":"https:\/\/brandss.com.py\/index\/wp-json\/wp\/v2\/product_tag?post=92653"}],"curies":[{"name":"wp","href":"https:\/\/api.w.org\/{rel}","templated":true}]}}