{"id":92841,"date":"2025-10-29T13:28:41","date_gmt":"2025-10-29T13:28:41","guid":{"rendered":"https:\/\/brandss.com.py\/index\/?post_type=product&#038;p=92841"},"modified":"2025-10-29T13:29:07","modified_gmt":"2025-10-29T13:29:07","slug":"serum-facial-cosmo-caffeine-3-solution-egcg-30ml","status":"publish","type":"product","link":"https:\/\/brandss.com.py\/index\/producto\/serum-facial-cosmo-caffeine-3-solution-egcg-30ml\/","title":{"rendered":"S\u00c9RUM FACIAL COSMO CAFFEINE 3% SOLUTION + EGCG 30ML"},"content":{"rendered":"<p><img loading=\"lazy\" decoding=\"async\" class=\"\" src=\"https:\/\/cosmocosmetics.in\/cdn\/shop\/files\/image_2025-05-05_130718675.png?v=1746443240&amp;width=500\" width=\"214\" height=\"45\" \/><\/p>\n<h1>CAFFEINE 3% SOLUTION + EGCG<\/h1>\n<p>Esta f\u00f3rmula de s\u00e9rum, que combina una alta concentraci\u00f3n de cafe\u00edna con un gluc\u00f3sido de galato de epigalocatequina (EGCG) altamente purificado, es una soluci\u00f3n eficaz que reduce la apariencia de hinchaz\u00f3n y ojeras en el contorno de los ojos. Ayuda a mejorar el aspecto general del contorno de ojos, dejando la piel con un aspecto revitalizado y fresco. La alta concentraci\u00f3n de cafe\u00edna reduce eficazmente la hinchaz\u00f3n y las ojeras alrededor de los ojos. La textura ligera del suero permite una f\u00e1cil absorci\u00f3n y brinda resultados espec\u00edficos.<br \/>\nEnriquecido con EGCG altamente purificado, conocido por sus propiedades antioxidantes, para promover la salud de la piel.<\/p>\n<h3>Beneficios<\/h3>\n<ul>\n<li><span dir=\"auto\">Reduce la apariencia de hinchaz\u00f3n y ojeras<\/span><\/li>\n<li>Trata problemas de la piel como hinchaz\u00f3n, Signos de envejecimiento, Ojeras<\/li>\n<li>Apto para todo tipo de piel<\/li>\n<\/ul>\n","protected":false},"excerpt":{"rendered":"<p>CAFFEINE 3% SOLUTION + EGCG Esta f\u00f3rmula de s\u00e9rum, que combina una alta concentraci\u00f3n de cafe\u00edna con un gluc\u00f3sido de<\/p>\n","protected":false},"featured_media":92842,"comment_status":"open","ping_status":"closed","template":"","meta":{"nf_dc_page":""},"product_brand":[103],"product_cat":[104],"product_tag":[1162],"class_list":{"0":"post-92841","1":"product","2":"type-product","3":"status-publish","4":"has-post-thumbnail","6":"product_brand-cosmo","7":"product_cat-skin-care","8":"product_tag-1162","10":"first","11":"instock","12":"shipping-taxable","13":"purchasable","14":"product-type-simple"},"_links":{"self":[{"href":"https:\/\/brandss.com.py\/index\/wp-json\/wp\/v2\/product\/92841","targetHints":{"allow":["GET"]}}],"collection":[{"href":"https:\/\/brandss.com.py\/index\/wp-json\/wp\/v2\/product"}],"about":[{"href":"https:\/\/brandss.com.py\/index\/wp-json\/wp\/v2\/types\/product"}],"replies":[{"embeddable":true,"href":"https:\/\/brandss.com.py\/index\/wp-json\/wp\/v2\/comments?post=92841"}],"version-history":[{"count":1,"href":"https:\/\/brandss.com.py\/index\/wp-json\/wp\/v2\/product\/92841\/revisions"}],"predecessor-version":[{"id":92845,"href":"https:\/\/brandss.com.py\/index\/wp-json\/wp\/v2\/product\/92841\/revisions\/92845"}],"wp:featuredmedia":[{"embeddable":true,"href":"https:\/\/brandss.com.py\/index\/wp-json\/wp\/v2\/media\/92842"}],"wp:attachment":[{"href":"https:\/\/brandss.com.py\/index\/wp-json\/wp\/v2\/media?parent=92841"}],"wp:term":[{"taxonomy":"product_brand","embeddable":true,"href":"https:\/\/brandss.com.py\/index\/wp-json\/wp\/v2\/product_brand?post=92841"},{"taxonomy":"product_cat","embeddable":true,"href":"https:\/\/brandss.com.py\/index\/wp-json\/wp\/v2\/product_cat?post=92841"},{"taxonomy":"product_tag","embeddable":true,"href":"https:\/\/brandss.com.py\/index\/wp-json\/wp\/v2\/product_tag?post=92841"}],"curies":[{"name":"wp","href":"https:\/\/api.w.org\/{rel}","templated":true}]}}