{"id":92849,"date":"2025-10-29T14:43:16","date_gmt":"2025-10-29T14:43:16","guid":{"rendered":"https:\/\/brandss.com.py\/index\/?post_type=product&#038;p=92849"},"modified":"2026-03-05T18:57:27","modified_gmt":"2026-03-05T18:57:27","slug":"casco-unisex-mt-helmets-atom-2-sv-destiny-c7-matt","status":"publish","type":"product","link":"https:\/\/brandss.com.py\/index\/producto\/casco-unisex-mt-helmets-atom-2-sv-destiny-c7-matt\/","title":{"rendered":"CASCO UNISEX MT HELMETS ATOM 2 SV DESTINY C7 MATT"},"content":{"rendered":"<p><img loading=\"lazy\" decoding=\"async\" class=\"\" src=\"https:\/\/mthelmets.com\/img\/cms\/visor-ico-1.png\" alt=\"MT Helmets\" width=\"117\" height=\"126\" \/><\/p>\n<h1>ATOM 2 SV DESTINY C7<\/h1>\n<p>El \u00faltimo Allrounder de MT Helmets llega al mercado para convertirse en toda\u00a0una revoluci\u00f3n entre los aficionados al panorama de los devorakil\u00f3metros. El nuevo MT Atom 2 SV est\u00e1 cargado de argumentos para convertirse en un Flip-Up de referencia en el mercado pues cuenta con soluciones propias de modelos de gama alta pero un coste de modelo de gama media.<\/p>\n<p>Es un casco que fue\u00a0dise\u00f1ado para superar la ECE 22.06 desde su origen, por lo que se trata de un casco modular de \u00faltima generaci\u00f3n que\u00a0cubrir\u00e1 las expectativas de los usuarios m\u00e1s exigentes.<\/p>\n<h6><strong>ASPECTOS DESTACADOS<\/strong><\/h6>\n<div class=\"upng-details-modal-show\">\n<ul>\n<li>El Atom 2 SV es\u00a0el casco modular m\u00e1s vers\u00e1til, completo y accesible del mercado.<\/li>\n<li>Se trata de\u00a0un modelo que est\u00e1 destinado a hacer temblar los cimientos de su segmento, como ya ha sucedido con los \u00faltimos modelos de MT Helmets.<\/li>\n<li>Es un modelo de nueva generaci\u00f3n que\u00a0hereda las cualidades del MT Thunder 4 SV, un casco que se ha convertido en un aut\u00e9ntico superventas internacional por que se augura un enorme \u00e9xito para el nuevo Atom 2 SV.<\/li>\n<\/ul>\n<h6><strong>SEGURIDAD<\/strong><\/h6>\n<ul>\n<li><strong>ECE 22.06 y DOT:<\/strong>\u00a0El Atom 2 SV supera ampliamente todas las normativas de seguridad.<\/li>\n<li><strong>Cierre microm\u00e9trico:<\/strong>\u00a0Cierre de seguridad microm\u00e9trico con sistema optimizado MT-Micrometric+ para aumentar la eficacia de este elemento.<\/li>\n<\/ul>\n<h6><strong>PANTALLA<\/strong><\/h6>\n<ul>\n<li><strong>\u00d3ptica:<\/strong>\u00a0Pantalla fabricada en policarbonato de alta calidad \u00f3ptica.<\/li>\n<li><strong>Ajuste:<\/strong>\u00a0Sellado \u00f3ptimo entre calota y pantalla gracias a un perfil de goma con labio adaptable.<\/li>\n<li><strong>Anti-vaho:<\/strong>\u00a0La pantalla del ATOM 2 SV (MT-V 35) es compatible con FogOff modelo FOG013 y Pinlock DKS512.<\/li>\n<li><strong>MT-FSOS | Fast Shield Opening System:<\/strong>\u00a0Sistema de apertura r\u00e1pida de pantalla con posici\u00f3n antifog autom\u00e1tica.<\/li>\n<li><strong>Resistencia:<\/strong>\u00a0Fabricaci\u00f3n en materiales de alta resistencia al impacto.<\/li>\n<li><strong>Visor Solar:<\/strong>\u00a0S\u00ed. Con sistema de visor retr\u00e1ctil MT-ESP | Extended Sunvisor Protection,<br \/>\nque ofrece una protecci\u00f3n completa del campo de visi\u00f3n.<\/li>\n<li><strong>Pantalla ahumada:<\/strong>\u00a0Pantalla ahumada opcional (no incluida)<\/li>\n<\/ul>\n<h6><strong>OTRAS CARACTER\u00cdSTICAS<\/strong><\/h6>\n<ul>\n<li><strong>Cubrebarbillas:<\/strong>\u00a0Elemento incluido de serie.<\/li>\n<li><strong>EcoConcious:<\/strong>\u00a0Piezas desmontables desde el exterior para un mantenimiento\/reparaci\u00f3n m\u00e1s sencillos.<\/li>\n<\/ul>\n<h5 id=\"elementor-tab-title-7781\" class=\"elementor-tab-title elementor-active\" role=\"tab\" data-tab=\"1\" aria-controls=\"elementor-tab-content-7781\">Homologaci\u00f3n<\/h5>\n<div id=\"elementor-tab-content-7781\" class=\"elementor-tab-content elementor-clearfix elementor-active\" role=\"tabpanel\" data-tab=\"1\" aria-labelledby=\"elementor-tab-title-7781\">\n<div class=\"page\" title=\"Page 2\">\n<div class=\"section\">\n<div class=\"layoutArea\">\n<div class=\"column\">\n<div class=\"homologacion\">\n<p><img decoding=\"async\" src=\"https:\/\/mthelmets.com\/img\/detalles\/h_06_dot_2.png\" \/><\/p>\n<p>Este casco integral cumple y supera la nueva normativa europea de seguridad ECE 22.06, instaurada en 2022. Este esta\u0301ndar avala la comercializacio\u0301n y el uso de este casco, el cual ha pasado las ma\u0301s exigentes pruebas de calidad y seguridad.<\/p>\n<p>Este casco tambie\u0301n cuenta con la aprobacio\u0301n de la normativa DOT.<\/p>\n<h5 id=\"elementor-tab-title-7782\" class=\"elementor-tab-title elementor-active\" role=\"tab\" data-tab=\"2\" aria-controls=\"elementor-tab-content-7782\">Detalles del producto<\/h5>\n<div role=\"tab\" data-tab=\"2\" aria-controls=\"elementor-tab-content-7782\"><\/div>\n<div id=\"elementor-tab-content-7782\" class=\"elementor-tab-content elementor-clearfix elementor-active\" role=\"tabpanel\" data-tab=\"2\" aria-labelledby=\"elementor-tab-title-7782\">\n<div class=\"page\" title=\"Page 3\">\n<div class=\"section\">\n<div class=\"layoutArea\">\n<div class=\"column\">\n<div class=\"detalles\"><img decoding=\"async\" src=\"https:\/\/mthelmets.com\/img\/detalles\/sunvisor.png\" height=\"64\" \/>\u00a0\u00a0<strong>Gafa Solar<\/strong>\u00a0incorporada.<\/p>\n<p><img decoding=\"async\" src=\"https:\/\/mthelmets.com\/img\/detalles\/hirp.png\" height=\"64\" \/>\u00a0\u00a0<strong>High Impact Resistant<\/strong>\u00a0<strong>Polymer.<br \/>\n<\/strong>Calota HIRP compuesta por una combinacio\u0301n de poli\u0301meros que ofrece un excelente comportamiento en caso de impacto.<\/p>\n<div class=\"peso\"><img decoding=\"async\" src=\"https:\/\/mthelmets.com\/img\/detalles\/p_1850.png\" \/><\/div>\n<div><\/div>\n<\/div>\n<\/div>\n<\/div>\n<\/div>\n<\/div>\n<\/div>\n<\/div>\n<\/div>\n<\/div>\n<\/div>\n<\/div>\n<\/div>\n<p><strong>QU\u00c9 HAY EN LA CAJA DEL ATOM 2 SV:<\/strong><\/p>\n<ul>\n<li>1 Atom 2 SV.<\/li>\n<li>Funda protectora.<\/li>\n<li>Manual de usuario.<\/li>\n<li>Adhesivos MT Helmets.<\/li>\n<\/ul>\n<\/div>\n","protected":false},"excerpt":{"rendered":"<p>ATOM 2 SV DESTINY C7 El \u00faltimo Allrounder de MT Helmets llega al mercado para convertirse en toda\u00a0una revoluci\u00f3n entre<\/p>\n","protected":false},"featured_media":92850,"comment_status":"open","ping_status":"closed","template":"","meta":{"nf_dc_page":""},"product_brand":[1131],"product_cat":[74,77],"product_tag":[1180],"class_list":{"0":"post-92849","1":"product","2":"type-product","3":"status-publish","4":"has-post-thumbnail","6":"product_brand-mt-helmets","7":"product_cat-accesorios-fem","8":"product_cat-accesorios-masc","9":"product_tag-m1335c232723","11":"first","12":"outofstock","13":"shipping-taxable","14":"purchasable","15":"product-type-simple"},"_links":{"self":[{"href":"https:\/\/brandss.com.py\/index\/wp-json\/wp\/v2\/product\/92849","targetHints":{"allow":["GET"]}}],"collection":[{"href":"https:\/\/brandss.com.py\/index\/wp-json\/wp\/v2\/product"}],"about":[{"href":"https:\/\/brandss.com.py\/index\/wp-json\/wp\/v2\/types\/product"}],"replies":[{"embeddable":true,"href":"https:\/\/brandss.com.py\/index\/wp-json\/wp\/v2\/comments?post=92849"}],"version-history":[{"count":1,"href":"https:\/\/brandss.com.py\/index\/wp-json\/wp\/v2\/product\/92849\/revisions"}],"predecessor-version":[{"id":92859,"href":"https:\/\/brandss.com.py\/index\/wp-json\/wp\/v2\/product\/92849\/revisions\/92859"}],"wp:featuredmedia":[{"embeddable":true,"href":"https:\/\/brandss.com.py\/index\/wp-json\/wp\/v2\/media\/92850"}],"wp:attachment":[{"href":"https:\/\/brandss.com.py\/index\/wp-json\/wp\/v2\/media?parent=92849"}],"wp:term":[{"taxonomy":"product_brand","embeddable":true,"href":"https:\/\/brandss.com.py\/index\/wp-json\/wp\/v2\/product_brand?post=92849"},{"taxonomy":"product_cat","embeddable":true,"href":"https:\/\/brandss.com.py\/index\/wp-json\/wp\/v2\/product_cat?post=92849"},{"taxonomy":"product_tag","embeddable":true,"href":"https:\/\/brandss.com.py\/index\/wp-json\/wp\/v2\/product_tag?post=92849"}],"curies":[{"name":"wp","href":"https:\/\/api.w.org\/{rel}","templated":true}]}}