{"id":92871,"date":"2025-10-29T17:58:01","date_gmt":"2025-10-29T17:58:01","guid":{"rendered":"https:\/\/brandss.com.py\/index\/?post_type=product&#038;p=92871"},"modified":"2026-03-05T18:57:50","modified_gmt":"2026-03-05T18:57:50","slug":"casco-unisex-mt-helmets-atom-2-sv-strange-c4-matt","status":"publish","type":"product","link":"https:\/\/brandss.com.py\/index\/producto\/casco-unisex-mt-helmets-atom-2-sv-strange-c4-matt\/","title":{"rendered":"CASCO UNISEX MT HELMETS ATOM 2 SV STRANGE C4 MATT"},"content":{"rendered":"<p><img loading=\"lazy\" decoding=\"async\" class=\"\" src=\"https:\/\/mthelmets.com\/img\/cms\/visor-ico-1.png\" alt=\"MT Helmets\" width=\"90\" height=\"97\" \/><\/p>\n<h1>ATOM 2 SV STRANGE C4<\/h1>\n<p><span dir=\"auto\">\u00a0El nuevo MT Atom 2 llega con mucho que ofrecer: las excelentes cualidades de su predecesor se han mejorado y se han aplicado las innovaciones de vanguardia desarrolladas por el departamento de ingenier\u00eda de la marca, incluyendo un sistema de ventilaci\u00f3n MT-AFCS de alta eficiencia. Destaca por su est\u00e9tica deportiva gracias a su aler\u00f3n trasero de dise\u00f1o agresivo.<\/span><\/p>\n<p>&nbsp;<\/p>\n<h5 id=\"elementor-tab-title-7781\" class=\"elementor-tab-title elementor-active\" role=\"tab\" data-tab=\"1\" aria-controls=\"elementor-tab-content-7781\">Homologaci\u00f3n<\/h5>\n<p>&nbsp;<\/p>\n<div id=\"elementor-tab-content-7781\" class=\"elementor-tab-content elementor-clearfix elementor-active\" role=\"tabpanel\" data-tab=\"1\" aria-labelledby=\"elementor-tab-title-7781\">\n<div class=\"page\" title=\"Page 2\">\n<div class=\"section\">\n<div class=\"layoutArea\">\n<div class=\"column\">\n<div class=\"homologacion\">\n<p><img decoding=\"async\" src=\"https:\/\/mthelmets.com\/img\/detalles\/h_06_dot_2.png\" \/><\/p>\n<p>Este casco integral cumple y supera la nueva normativa europea de seguridad ECE 22.06, instaurada en 2022. Este esta\u0301ndar avala la comercializacio\u0301n y el uso de este casco, el cual ha pasado las ma\u0301s exigentes pruebas de calidad y seguridad.<\/p>\n<p>Este casco tambie\u0301n cuenta con la aprobacio\u0301n de la normativa DOT.<\/p>\n<h5 id=\"elementor-tab-title-7782\" class=\"elementor-tab-title elementor-active\" role=\"tab\" data-tab=\"2\" aria-controls=\"elementor-tab-content-7782\">Detalles del producto<\/h5>\n<p>&nbsp;<\/p>\n<div id=\"elementor-tab-content-7782\" class=\"elementor-tab-content elementor-clearfix elementor-active\" role=\"tabpanel\" data-tab=\"2\" aria-labelledby=\"elementor-tab-title-7782\">\n<div class=\"page\" title=\"Page 3\">\n<div class=\"section\">\n<div class=\"layoutArea\">\n<div class=\"column\">\n<div class=\"detalles\"><img decoding=\"async\" src=\"https:\/\/mthelmets.com\/img\/detalles\/sunvisor.png\" height=\"64\" \/>\u00a0\u00a0<strong>Gafa Solar<\/strong>\u00a0incorporada.<\/p>\n<p><img decoding=\"async\" src=\"https:\/\/mthelmets.com\/img\/detalles\/hirp.png\" height=\"64\" \/>\u00a0\u00a0<strong>High Impact Resistant<\/strong>\u00a0<strong>Polymer.<br \/>\n<\/strong>Calota HIRP compuesta por una combinacio\u0301n de poli\u0301meros que ofrece un excelente comportamiento en caso de impacto.<\/p>\n<div class=\"peso\"><img decoding=\"async\" src=\"https:\/\/mthelmets.com\/img\/detalles\/p_1850.png\" \/><\/div>\n<div><\/div>\n<\/div>\n<\/div>\n<\/div>\n<\/div>\n<\/div>\n<\/div>\n<\/div>\n<\/div>\n<\/div>\n<\/div>\n<\/div>\n<\/div>\n<p><strong><span dir=\"auto\">CARACTER\u00cdSTICAS\u00a0<\/span><\/strong><\/p>\n<ul>\n<li><span dir=\"auto\">El nuevo Atom 2 SV supera el exigente est\u00e1ndar 22.06 y tambi\u00e9n cuenta con la aprobaci\u00f3n DOT.<\/span><\/li>\n<li><span dir=\"auto\">Este modelo est\u00e1 homologado P\/J, lo que significa que se puede conducir legalmente con la mentonera abierta.<\/span><\/li>\n<li><span dir=\"auto\">Carcasa dise\u00f1ada para la instalaci\u00f3n de un sistema Bluetooth compatible con el nuevo est\u00e1ndar de intercomunicaci\u00f3n para cascos de motocicleta.<\/span><\/li>\n<li><span dir=\"auto\">Sistema de visor de apertura r\u00e1pida con posici\u00f3n antivaho autom\u00e1tica. Este casco est\u00e1 equipado con un sistema de apertura r\u00e1pida que coloca autom\u00e1ticamente el visor en la posici\u00f3n antivaho.<\/span><\/li>\n<li><span dir=\"auto\">Sistema de visor retr\u00e1ctil que cubre todo el campo de visi\u00f3n, evitando distorsiones causadas por cambios de luz. Su mecanismo permite un manejo r\u00e1pido y c\u00f3modo con una sola mano.<\/span><\/li>\n<li><span dir=\"auto\">El Atom 2 incorpora las \u00faltimas tecnolog\u00edas de dise\u00f1o desarrolladas por MT Helmets, incluyendo MT-RADD (Dise\u00f1o de Resistencia Aerodin\u00e1mica Reducida) y MT-AFCS (Sistema de Canal de Flujo de Aire).<\/span><\/li>\n<li><span dir=\"auto\">Al igual que los \u00faltimos modelos de MT Helmets, este casco ofrece un campo de visi\u00f3n ampliado, lo que mejora tanto la comodidad como la seguridad al conducir.<\/span><\/li>\n<li><span dir=\"auto\">Sistema de soporte de tres puntos desarrollado para ofrecer una buena estabilidad en superficies planas. Este sistema a\u00edsla el interior del casco de la superficie, protegi\u00e9ndolo de la fricci\u00f3n y, sobre todo, mejorando la higiene del casco durante su uso.<\/span><\/li>\n<li><span dir=\"auto\">Cierre microm\u00e9trico con sistema de retenci\u00f3n de doble diente para garantizar la m\u00e1xima seguridad.<\/span><\/li>\n<li><span dir=\"auto\">Protector de barbilla: Sistema de apertura del protector de barbilla con una sola palanca (operaci\u00f3n con una sola mano) y homologado por P\/J.<\/span><\/li>\n<li><span dir=\"auto\">Correa de barbilla que ofrece una excelente protecci\u00f3n aerodin\u00e1mica y reduce el ruido.<\/span><\/li>\n<li><span dir=\"auto\">Todos los interiores del Atom SV est\u00e1n fabricados con tejidos hipoalerg\u00e9nicos, son desmontables y lavables.<\/span><\/li>\n<li><span dir=\"auto\">La pantalla est\u00e1 fabricada con un material \u00f3ptico de alta calidad resistente a los ara\u00f1azos. Ajuste perfecto entre la pantalla y la carcasa para mayor comodidad durante el movimiento.<\/span><\/li>\n<li><span dir=\"auto\">Casco compatible con los sistemas antivaho Fog-O y Pinlock.<\/span><\/li>\n<li><span dir=\"auto\">Carcasa HIRP &#8211; Pol\u00edmero de Alta Resistencia al Impacto -, un material que combina las mejores cualidades en t\u00e9rminos de relaci\u00f3n seguridad-peso.<\/span><\/li>\n<li><span dir=\"auto\">El ATOM 2 fue dise\u00f1ado teniendo en cuenta principios ambientales, e incluye piezas desmontables para prolongar la vida \u00fatil del producto.<\/span><\/li>\n<li><span dir=\"auto\">Peso 1850 +\/- 50 g<\/span><\/li>\n<\/ul>\n<h5 id=\"elementor-tab-title-7784\" class=\"elementor-tab-title elementor-active\" role=\"tab\" data-tab=\"4\" aria-controls=\"elementor-tab-content-7784\">La caja contiene<\/h5>\n<div id=\"elementor-tab-content-7784\" class=\"elementor-tab-content elementor-clearfix elementor-active\" role=\"tabpanel\" data-tab=\"4\" aria-labelledby=\"elementor-tab-title-7784\">\n<div class=\"page\" title=\"Page 5\">\n<div class=\"section\">\n<div class=\"layoutArea\">\n<div class=\"column\">\n<p>&#8211; 1 casco Atom 2 SV.<br \/>\n&#8211; Funda protectora de tela con cierre ajustable.<br \/>\n&#8211; Foam de proteccio\u0301n con funcio\u0301n de soporte de casco.<br \/>\n&#8211; Manual de usuario.<br \/>\n&#8211; Adhesivos MT Helmets.<\/p>\n<\/div>\n<\/div>\n<\/div>\n<\/div>\n<\/div>\n","protected":false},"excerpt":{"rendered":"<p>ATOM 2 SV STRANGE C4 \u00a0El nuevo MT Atom 2 llega con mucho que ofrecer: las excelentes cualidades de su<\/p>\n","protected":false},"featured_media":92872,"comment_status":"open","ping_status":"closed","template":"","meta":{"nf_dc_page":""},"product_brand":[1131],"product_cat":[74,77],"product_tag":[1182],"class_list":{"0":"post-92871","1":"product","2":"type-product","3":"status-publish","4":"has-post-thumbnail","6":"product_brand-mt-helmets","7":"product_cat-accesorios-fem","8":"product_cat-accesorios-masc","9":"product_tag-m1335c222435","11":"first","12":"outofstock","13":"shipping-taxable","14":"purchasable","15":"product-type-simple"},"_links":{"self":[{"href":"https:\/\/brandss.com.py\/index\/wp-json\/wp\/v2\/product\/92871","targetHints":{"allow":["GET"]}}],"collection":[{"href":"https:\/\/brandss.com.py\/index\/wp-json\/wp\/v2\/product"}],"about":[{"href":"https:\/\/brandss.com.py\/index\/wp-json\/wp\/v2\/types\/product"}],"replies":[{"embeddable":true,"href":"https:\/\/brandss.com.py\/index\/wp-json\/wp\/v2\/comments?post=92871"}],"version-history":[{"count":1,"href":"https:\/\/brandss.com.py\/index\/wp-json\/wp\/v2\/product\/92871\/revisions"}],"predecessor-version":[{"id":92881,"href":"https:\/\/brandss.com.py\/index\/wp-json\/wp\/v2\/product\/92871\/revisions\/92881"}],"wp:featuredmedia":[{"embeddable":true,"href":"https:\/\/brandss.com.py\/index\/wp-json\/wp\/v2\/media\/92872"}],"wp:attachment":[{"href":"https:\/\/brandss.com.py\/index\/wp-json\/wp\/v2\/media?parent=92871"}],"wp:term":[{"taxonomy":"product_brand","embeddable":true,"href":"https:\/\/brandss.com.py\/index\/wp-json\/wp\/v2\/product_brand?post=92871"},{"taxonomy":"product_cat","embeddable":true,"href":"https:\/\/brandss.com.py\/index\/wp-json\/wp\/v2\/product_cat?post=92871"},{"taxonomy":"product_tag","embeddable":true,"href":"https:\/\/brandss.com.py\/index\/wp-json\/wp\/v2\/product_tag?post=92871"}],"curies":[{"name":"wp","href":"https:\/\/api.w.org\/{rel}","templated":true}]}}