{"id":92893,"date":"2025-10-29T19:16:54","date_gmt":"2025-10-29T19:16:54","guid":{"rendered":"https:\/\/brandss.com.py\/index\/?post_type=product&#038;p=92893"},"modified":"2026-03-05T18:58:29","modified_gmt":"2026-03-05T18:58:29","slug":"casco-unisex-mt-helmets-genesis-sv-solid-a1-black-gloss","status":"publish","type":"product","link":"https:\/\/brandss.com.py\/index\/producto\/casco-unisex-mt-helmets-genesis-sv-solid-a1-black-gloss\/","title":{"rendered":"CASCO UNISEX MT HELMETS GENESIS SV SOLID A1 BLACK GLOSS"},"content":{"rendered":"<p><img loading=\"lazy\" decoding=\"async\" class=\"\" src=\"https:\/\/mthelmets.com\/img\/cms\/visor-ico-1.png\" alt=\"MT Helmets\" width=\"77\" height=\"83\" \/><\/p>\n<h1>GENESIS SV SOLID A1<\/h1>\n<p><span dir=\"auto\">Presentamos el casco MT Helmets Genesis SV Solid A1 en un elegante acabado negro brillante, una opci\u00f3n perfecta para los motociclistas que buscan estilo y funcionalidad. El nuevo MT Genesis SV es un casco modular que destaca por su versatilidad, pero, fiel a los productos desarrollados por MT Helmets, tambi\u00e9n ofrece altos niveles de seguridad a un precio muy razonable.<\/span><\/p>\n<p data-processed=\"true\"><span dir=\"auto\" data-processed=\"true\">El MT Genesis es un casco abatible vers\u00e1til, ideal tanto para viajes como para conducci\u00f3n urbana. Con su dise\u00f1o robusto y caracter\u00edsticas avanzadas, este casco garantiza seguridad y comodidad en cada viaje. Disponible en una variedad de tallas, puede encontrar f\u00e1cilmente el ajuste adecuado para la forma de su cabeza.<\/span><\/p>\n<h5 id=\"elementor-tab-title-7781\" class=\"elementor-tab-title elementor-active\" role=\"tab\" data-tab=\"1\" aria-controls=\"elementor-tab-content-7781\">Homologaci\u00f3n<\/h5>\n<div id=\"elementor-tab-content-7781\" class=\"elementor-tab-content elementor-clearfix elementor-active\" role=\"tabpanel\" data-tab=\"1\" aria-labelledby=\"elementor-tab-title-7781\">\n<div class=\"page\" title=\"Page 2\">\n<div class=\"section\">\n<div class=\"layoutArea\">\n<div class=\"column\">\n<div class=\"homologacion\">\n<p><img decoding=\"async\" src=\"https:\/\/mthelmets.com\/img\/detalles\/h_06_dot_2.png\" \/><\/p>\n<p>Este casco integral cumple y supera la nueva normativa europea de seguridad ECE 22.06, instaurada en 2022. Este esta\u0301ndar avala la comercializacio\u0301n y el uso de este casco, el cual ha pasado las ma\u0301s exigentes pruebas de calidad y seguridad.<\/p>\n<p>Este casco tambie\u0301n cuenta con la aprobacio\u0301n de la normativa DOT.<\/p>\n<h5 id=\"elementor-tab-title-7782\" class=\"elementor-tab-title elementor-active\" role=\"tab\" data-tab=\"2\" aria-controls=\"elementor-tab-content-7782\">Detalles del producto<\/h5>\n<div role=\"tab\" data-tab=\"2\" aria-controls=\"elementor-tab-content-7782\"><\/div>\n<div id=\"elementor-tab-content-7782\" class=\"elementor-tab-content elementor-clearfix elementor-active\" role=\"tabpanel\" data-tab=\"2\" aria-labelledby=\"elementor-tab-title-7782\">\n<div class=\"page\" title=\"Page 3\">\n<div class=\"section\">\n<div class=\"layoutArea\">\n<div class=\"column\">\n<div class=\"detalles\"><img decoding=\"async\" src=\"https:\/\/mthelmets.com\/img\/detalles\/sunvisor.png\" height=\"64\" \/>\u00a0\u00a0<strong>Gafa Solar<\/strong>\u00a0incorporada.<\/p>\n<p><img decoding=\"async\" src=\"https:\/\/mthelmets.com\/img\/detalles\/hirp.png\" height=\"64\" \/>\u00a0\u00a0<strong>High Impact Resistant<\/strong>\u00a0<strong>Polymer.<br \/>\n<\/strong>Calota HIRP compuesta por una combinacio\u0301n de poli\u0301meros que ofrece un excelente comportamiento en caso de impacto.<\/p>\n<div class=\"peso\"><img decoding=\"async\" src=\"https:\/\/mthelmets.com\/img\/detalles\/p_1650.png\" \/><\/div>\n<div><\/div>\n<\/div>\n<\/div>\n<\/div>\n<\/div>\n<\/div>\n<\/div>\n<\/div>\n<\/div>\n<\/div>\n<\/div>\n<\/div>\n<\/div>\n<h3><span dir=\"auto\">Caracter\u00edsticas principales:<\/span><\/h3>\n<ul data-processed=\"true\">\n<li><span dir=\"auto\">El nuevo Genesis SV supera desde su origen la norma ECE 22.06, aline\u00e1ndose con los cascos m\u00e1s seguros del mercado y compitiendo de t\u00fa a t\u00fa con los modelos de gama alta en t\u00e9rminos de niveles de seguridad.<\/span><\/li>\n<li><span dir=\"auto\">El sistema de apertura de la mentonera con accionamiento con una sola mano y homologaci\u00f3n P\/J permite conducir con la mentonera abierta o cerrada.<\/span><\/li>\n<li><span dir=\"auto\">Visor solar de accionamiento con una sola mano.<\/span><\/li>\n<li><span dir=\"auto\">Sistema de fijaci\u00f3n de la mentonera cuando est\u00e1 abierta (homologado P\/J).<\/span><\/li>\n<li><span dir=\"auto\">Casco compatible con el sistema antivaho Pinlock DKS 002.<\/span><\/li>\n<li><span dir=\"auto\">Todos los interiores del Genesis SV est\u00e1n fabricados con tejidos hipoalerg\u00e9nicos, son extra\u00edbles y lavables<\/span><\/li>\n<li data-processed=\"true\"><span dir=\"auto\" data-processed=\"true\">Fabricada con HIRP (pol\u00edmero de alta resistencia al impacto) para mayor durabilidad.<\/span><\/li>\n<li data-processed=\"true\"><span dir=\"auto\" data-processed=\"true\">Cumple con las normas de homologaci\u00f3n ECE 22.06\u00a0y P\/J.<\/span><\/li>\n<li data-processed=\"true\"><span dir=\"auto\" data-processed=\"true\">Forro EPS de densidad m\u00faltiple para una absorci\u00f3n de impactos superior.<\/span><\/li>\n<li data-processed=\"true\"><span dir=\"auto\" data-processed=\"true\">Cierre microm\u00e9trico de liberaci\u00f3n r\u00e1pida para ajustes sencillos.<\/span><\/li>\n<li data-processed=\"true\"><span dir=\"auto\" data-processed=\"true\">Fabricado con una combinaci\u00f3n de tejidos para mayor comodidad y durabilidad.<\/span><\/li>\n<li data-processed=\"true\"><span dir=\"auto\" data-processed=\"true\">Todos los interiores son desmontables y lavables para un f\u00e1cil mantenimiento.<\/span><\/li>\n<li data-processed=\"true\"><span dir=\"auto\" data-processed=\"true\">Tejido transpirable para absorber la humedad eficazmente.<\/span><\/li>\n<li data-processed=\"true\"><span dir=\"auto\" data-processed=\"true\">Deflector de aliento para evitar que la visera se empa\u00f1e.<\/span><\/li>\n<li data-processed=\"true\"><span dir=\"auto\" data-processed=\"true\">Carcasa de intercomunicador integrada para una f\u00e1cil instalaci\u00f3n de altavoces.<\/span><\/li>\n<li data-processed=\"true\"><span dir=\"auto\" data-processed=\"true\">Entradas de aire frontales y superiores con sistema de apertura\/cierre.<\/span><\/li>\n<li data-processed=\"true\"><span dir=\"auto\" data-processed=\"true\">Canales de flujo de aire interiores para un control eficaz de la temperatura.<\/span><\/li>\n<li data-processed=\"true\"><span dir=\"auto\" data-processed=\"true\">Entradas de aire traseras para un flujo de aire \u00f3ptimo y extracci\u00f3n de humedad.<\/span><\/li>\n<li data-processed=\"true\"><span dir=\"auto\" data-processed=\"true\">Visera:<\/span><span dir=\"auto\" data-processed=\"true\">\u00a0Equipada con visera MT V 25B<\/span><\/li>\n<li data-processed=\"true\"><span dir=\"auto\" data-processed=\"true\">Visera solar retr\u00e1ctil con mecanismo de acci\u00f3n r\u00e1pida.<\/span><\/li>\n<li data-processed=\"true\"><span dir=\"auto\" data-processed=\"true\">100% MAX VISION Preparado para\u00a0Pinlock\u00a0para una visibilidad clara.<\/span><\/li>\n<li data-processed=\"true\"><span dir=\"auto\" data-processed=\"true\">Peso:<\/span><span dir=\"auto\" data-processed=\"true\">\u00a0Dise\u00f1o ligero de 1600\/1750 g.<\/span><\/li>\n<\/ul>\n<h5 id=\"elementor-tab-title-7784\" class=\"elementor-tab-title elementor-active\" role=\"tab\" data-tab=\"4\" aria-controls=\"elementor-tab-content-7784\">La caja contiene<\/h5>\n<div id=\"elementor-tab-content-7784\" class=\"elementor-tab-content elementor-clearfix elementor-active\" role=\"tabpanel\" data-tab=\"4\" aria-labelledby=\"elementor-tab-title-7784\">\n<div class=\"page\" title=\"Page 5\">\n<div class=\"section\">\n<div class=\"layoutArea\">\n<div class=\"column\">\n<p>&#8211; 1 casco GENESIS SV.<br \/>\n&#8211; Funda protectora de tela con cierre ajustable.<br \/>\n&#8211; Foam de proteccio\u0301n con funcio\u0301n de soporte de casco.<br \/>\n&#8211; Manual de usuario.<br \/>\n&#8211; Adhesivos MT Helmets.<\/p>\n<\/div>\n<\/div>\n<\/div>\n<\/div>\n<\/div>\n","protected":false},"excerpt":{"rendered":"<p>GENESIS SV SOLID A1 Presentamos el casco MT Helmets Genesis SV Solid A1 en un elegante acabado negro brillante, una<\/p>\n","protected":false},"featured_media":92894,"comment_status":"open","ping_status":"closed","template":"","meta":{"nf_dc_page":""},"product_brand":[1131],"product_cat":[74,77],"product_tag":[1184],"class_list":{"0":"post-92893","1":"product","2":"type-product","3":"status-publish","4":"has-post-thumbnail","6":"product_brand-mt-helmets","7":"product_cat-accesorios-fem","8":"product_cat-accesorios-masc","9":"product_tag-m13470000113","11":"first","12":"outofstock","13":"shipping-taxable","14":"purchasable","15":"product-type-simple"},"_links":{"self":[{"href":"https:\/\/brandss.com.py\/index\/wp-json\/wp\/v2\/product\/92893","targetHints":{"allow":["GET"]}}],"collection":[{"href":"https:\/\/brandss.com.py\/index\/wp-json\/wp\/v2\/product"}],"about":[{"href":"https:\/\/brandss.com.py\/index\/wp-json\/wp\/v2\/types\/product"}],"replies":[{"embeddable":true,"href":"https:\/\/brandss.com.py\/index\/wp-json\/wp\/v2\/comments?post=92893"}],"version-history":[{"count":1,"href":"https:\/\/brandss.com.py\/index\/wp-json\/wp\/v2\/product\/92893\/revisions"}],"predecessor-version":[{"id":92903,"href":"https:\/\/brandss.com.py\/index\/wp-json\/wp\/v2\/product\/92893\/revisions\/92903"}],"wp:featuredmedia":[{"embeddable":true,"href":"https:\/\/brandss.com.py\/index\/wp-json\/wp\/v2\/media\/92894"}],"wp:attachment":[{"href":"https:\/\/brandss.com.py\/index\/wp-json\/wp\/v2\/media?parent=92893"}],"wp:term":[{"taxonomy":"product_brand","embeddable":true,"href":"https:\/\/brandss.com.py\/index\/wp-json\/wp\/v2\/product_brand?post=92893"},{"taxonomy":"product_cat","embeddable":true,"href":"https:\/\/brandss.com.py\/index\/wp-json\/wp\/v2\/product_cat?post=92893"},{"taxonomy":"product_tag","embeddable":true,"href":"https:\/\/brandss.com.py\/index\/wp-json\/wp\/v2\/product_tag?post=92893"}],"curies":[{"name":"wp","href":"https:\/\/api.w.org\/{rel}","templated":true}]}}