{"id":92906,"date":"2025-10-30T10:45:31","date_gmt":"2025-10-30T10:45:31","guid":{"rendered":"https:\/\/brandss.com.py\/index\/?post_type=product&#038;p=92906"},"modified":"2026-03-05T18:58:43","modified_gmt":"2026-03-05T18:58:43","slug":"casco-unisex-mt-helmets-genesis-sv-solid-a12-grey-gloss","status":"publish","type":"product","link":"https:\/\/brandss.com.py\/index\/producto\/casco-unisex-mt-helmets-genesis-sv-solid-a12-grey-gloss\/","title":{"rendered":"CASCO UNISEX MT HELMETS GENESIS SV SOLID A12 GREY GLOSS"},"content":{"rendered":"<p><img loading=\"lazy\" decoding=\"async\" class=\"\" src=\"https:\/\/mthelmets.com\/img\/cms\/visor-ico-1.png\" alt=\"MT Helmets\" width=\"105\" height=\"113\" \/><\/p>\n<h1>GENESIS SV SOLID A12<\/h1>\n<h5 data-start=\"120\" data-end=\"205\"><em><strong data-start=\"124\" data-end=\"205\">Casco Abatible Ideal para Touring y Entornos Urbanos<\/strong><\/em><\/h5>\n<p data-start=\"207\" data-end=\"483\">El MT Genesis SV Solid A1 es un casco abatible dise\u00f1ado para ofrecer el m\u00e1ximo confort y seguridad tanto en rutas largas como en desplazamientos urbanos. Disponible en dos tama\u00f1os de calota y tres opciones de EPS, proporciona un ajuste preciso con seis tallas disponibles.<\/p>\n<h5 data-start=\"490\" data-end=\"504\"><strong data-start=\"494\" data-end=\"504\">Caracter\u00edsticas<\/strong><\/h5>\n<ul data-start=\"505\" data-end=\"727\">\n<li><span dir=\"auto\"><span dir=\"auto\">El nuevo Genesis SV supera desde su origen la norma ECE 22.06, aline\u00e1ndose con los cascos m\u00e1s seguros del mercado y situ\u00e1ndose a la par con los modelos de gama alta en t\u00e9rminos de niveles de seguridad.<\/span><\/span><\/li>\n<li><span dir=\"auto\"><span dir=\"auto\">El sistema de apertura de la mentonera con accionamiento con una sola mano (operaci\u00f3n con una mano) y homologaci\u00f3n P\/J permite conducir con la mentonera abierta o cerrada.<\/span><\/span><\/li>\n<li><span dir=\"auto\"><span dir=\"auto\">Visera parasol de accionamiento con una sola mano (operaci\u00f3n con una sola mano).<\/span><\/span><\/li>\n<li><span dir=\"auto\"><span dir=\"auto\">Sistema de sujeci\u00f3n del protector de barbilla cuando est\u00e1 abierto (homologado P\/J).<\/span><\/span><\/li>\n<li><span dir=\"auto\"><span dir=\"auto\">Casco compatible con el sistema antivaho Pinlock DKS 002.<\/span><\/span><\/li>\n<li><span dir=\"auto\"><span dir=\"auto\">Todos los interiores del Genesis SV est\u00e1n fabricados con tejidos hipoalerg\u00e9nicos, son desmontables y lavables.<\/span><\/span><\/li>\n<li data-start=\"505\" data-end=\"572\">\n<p data-start=\"507\" data-end=\"572\">Fabricada en\u00a0HIRP\u00a0(Pol\u00edmero de Alta Resistencia al Impacto)<\/p>\n<\/li>\n<li data-start=\"573\" data-end=\"616\">Peso:\u00a01.600 \/ 1.750 g<\/li>\n<\/ul>\n<h5 data-start=\"734\" data-end=\"750\"><strong data-start=\"738\" data-end=\"750\">Interior<\/strong><\/h5>\n<ul data-start=\"751\" data-end=\"1152\">\n<li data-start=\"751\" data-end=\"826\">\n<p data-start=\"753\" data-end=\"826\">Combinaci\u00f3n de m\u00faltiples tejidos para mayor\u00a0comodidad y durabilidad<\/p>\n<\/li>\n<li data-start=\"827\" data-end=\"869\">\n<p data-start=\"829\" data-end=\"869\">Interiores desmontables y lavables<\/p>\n<\/li>\n<li data-start=\"870\" data-end=\"930\">\n<p data-start=\"872\" data-end=\"930\">Ajuste perfecto gracias a diferentes tama\u00f1os de interior<\/p>\n<\/li>\n<li data-start=\"931\" data-end=\"999\">\n<p data-start=\"933\" data-end=\"999\">Tejido transpirable que\u00a0facilita la evacuaci\u00f3n de la humedad<\/p>\n<\/li>\n<li data-start=\"1000\" data-end=\"1064\">\n<p data-start=\"1002\" data-end=\"1064\">Deflector nasal\u00a0que evita el empa\u00f1amiento de la pantalla<\/p>\n<\/li>\n<li data-start=\"1065\" data-end=\"1152\">\n<p data-start=\"1067\" data-end=\"1152\">Preparado para sistema de intercomunicador con\u00a0espacios integrados para altavoces<\/p>\n<\/li>\n<\/ul>\n<h5 data-start=\"1159\" data-end=\"1178\"><strong data-start=\"1163\" data-end=\"1178\">Ventilaci\u00f3n<\/strong><\/h5>\n<ul data-start=\"1179\" data-end=\"1490\">\n<li data-start=\"1179\" data-end=\"1258\">\n<p data-start=\"1181\" data-end=\"1258\">Entradas de aire\u00a0delanteras y superiores\u00a0con sistema de apertura\/cierre<\/p>\n<\/li>\n<li data-start=\"1259\" data-end=\"1345\">\n<p data-start=\"1261\" data-end=\"1345\">Canales interiores de aire para mejorar la\u00a0ventilaci\u00f3n y control de la humedad<\/p>\n<\/li>\n<li data-start=\"1346\" data-end=\"1427\">\n<p data-start=\"1348\" data-end=\"1427\">Extractores traseros\u00a0que permiten la salida del aire y maximizan el flujo<\/p>\n<\/li>\n<li data-start=\"1428\" data-end=\"1490\">\n<p data-start=\"1430\" data-end=\"1490\">Deflector trasero\u00a0que mejora la aerodin\u00e1mica del casco<\/p>\n<\/li>\n<\/ul>\n<h5 data-start=\"1497\" data-end=\"1513\"><strong data-start=\"1501\" data-end=\"1513\">Pantalla<\/strong><\/h5>\n<ul data-start=\"1514\" data-end=\"1695\">\n<li data-start=\"1514\" data-end=\"1539\">\n<p data-start=\"1516\" data-end=\"1539\">Pantalla\u00a0MT-V-25B<\/p>\n<\/li>\n<li data-start=\"1540\" data-end=\"1616\">\n<p data-start=\"1542\" data-end=\"1616\">Visor solar integrado, con sistema retr\u00e1ctil de accionamiento r\u00e1pido<\/p>\n<\/li>\n<li data-start=\"1617\" data-end=\"1695\">\n<p data-start=\"1619\" data-end=\"1695\">Mecanismo de pivote que asegura el ajuste perfecto de la pantalla al casco<\/p>\n<\/li>\n<\/ul>\n<h5 data-start=\"1702\" data-end=\"1719\"><strong data-start=\"1706\" data-end=\"1719\">Seguridad<\/strong><\/h5>\n<ul data-start=\"1720\" data-end=\"1932\">\n<li data-start=\"1720\" data-end=\"1764\">\n<p data-start=\"1722\" data-end=\"1764\">Homologaciones:\u00a0DOT, ECE 22.06 y P\/J<\/p>\n<\/li>\n<li data-start=\"1765\" data-end=\"1842\">\n<p data-start=\"1767\" data-end=\"1842\">EPS de\u00a0densidad m\u00faltiple\u00a0que garantiza la mejor absorci\u00f3n de impactos<\/p>\n<\/li>\n<li data-start=\"1843\" data-end=\"1932\">\n<p data-start=\"1845\" data-end=\"1932\">Cierre microm\u00e9trico de liberaci\u00f3n r\u00e1pida\u00a0con sistema de bloqueo altamente ajustable<\/p>\n<\/li>\n<\/ul>\n<h5 id=\"elementor-tab-title-7781\" class=\"elementor-tab-title elementor-active\" role=\"tab\" data-tab=\"1\" aria-controls=\"elementor-tab-content-7781\">Homologaci\u00f3n<\/h5>\n<div id=\"elementor-tab-content-7781\" class=\"elementor-tab-content elementor-clearfix elementor-active\" role=\"tabpanel\" data-tab=\"1\" aria-labelledby=\"elementor-tab-title-7781\">\n<div class=\"page\" title=\"Page 2\">\n<div class=\"section\">\n<div class=\"layoutArea\">\n<div class=\"column\">\n<div class=\"homologacion\">\n<p><img decoding=\"async\" src=\"https:\/\/mthelmets.com\/img\/detalles\/h_06_dot_2.png\" \/><\/p>\n<p>Este casco integral cumple y supera la nueva normativa europea de seguridad ECE 22.06, instaurada en 2022. Este esta\u0301ndar avala la comercializacio\u0301n y el uso de este casco, el cual ha pasado las ma\u0301s exigentes pruebas de calidad y seguridad.<\/p>\n<p>Este casco tambie\u0301n cuenta con la aprobacio\u0301n de la normativa DOT.<\/p>\n<p>&nbsp;<\/p>\n<h5 id=\"elementor-tab-title-7782\" class=\"elementor-tab-title elementor-active\" role=\"tab\" data-tab=\"2\" aria-controls=\"elementor-tab-content-7782\">Detalles del producto<\/h5>\n<div role=\"tab\" data-tab=\"2\" aria-controls=\"elementor-tab-content-7782\"><\/div>\n<div id=\"elementor-tab-content-7782\" class=\"elementor-tab-content elementor-clearfix elementor-active\" role=\"tabpanel\" data-tab=\"2\" aria-labelledby=\"elementor-tab-title-7782\">\n<div class=\"page\" title=\"Page 3\">\n<div class=\"section\">\n<div class=\"layoutArea\">\n<div class=\"column\">\n<div class=\"detalles\"><img decoding=\"async\" src=\"https:\/\/mthelmets.com\/img\/detalles\/sunvisor.png\" height=\"64\" \/>\u00a0\u00a0<strong>Gafa Solar<\/strong>\u00a0incorporada.<\/p>\n<p><img decoding=\"async\" src=\"https:\/\/mthelmets.com\/img\/detalles\/hirp.png\" height=\"64\" \/>\u00a0\u00a0<strong>High Impact Resistant<\/strong>\u00a0<strong>Polymer.<br \/>\n<\/strong>Calota HIRP compuesta por una combinacio\u0301n de poli\u0301meros que ofrece un excelente comportamiento en caso de impacto.<\/p>\n<div class=\"peso\"><img decoding=\"async\" src=\"https:\/\/mthelmets.com\/img\/detalles\/p_1650.png\" \/><\/div>\n<div><\/div>\n<\/div>\n<\/div>\n<div>\n<h5 id=\"elementor-tab-title-7784\" class=\"elementor-tab-title elementor-active\" role=\"tab\" data-tab=\"4\" aria-controls=\"elementor-tab-content-7784\">La caja contiene<\/h5>\n<div id=\"elementor-tab-content-7784\" class=\"elementor-tab-content elementor-clearfix elementor-active\" role=\"tabpanel\" data-tab=\"4\" aria-labelledby=\"elementor-tab-title-7784\">\n<div class=\"page\" title=\"Page 5\">\n<div class=\"section\">\n<div class=\"layoutArea\">\n<div class=\"column\">\n<p>&#8211; 1 casco GENESIS SV.<br \/>\n&#8211; Funda protectora de tela con cierre ajustable.<br \/>\n&#8211; Foam de proteccio\u0301n con funcio\u0301n de soporte de casco.<br \/>\n&#8211; Manual de usuario.<br \/>\n&#8211; Adhesivos MT Helmets.<\/p>\n<\/div>\n<\/div>\n<\/div>\n<\/div>\n<\/div>\n<\/div>\n<\/div>\n<\/div>\n<\/div>\n<\/div>\n<\/div>\n<\/div>\n<\/div>\n<\/div>\n<\/div>\n<\/div>\n","protected":false},"excerpt":{"rendered":"<p>GENESIS SV SOLID A12 Casco Abatible Ideal para Touring y Entornos Urbanos El MT Genesis SV Solid A1 es un<\/p>\n","protected":false},"featured_media":92908,"comment_status":"open","ping_status":"closed","template":"","meta":{"nf_dc_page":""},"product_brand":[1131],"product_cat":[74,77],"product_tag":[1185],"class_list":{"0":"post-92906","1":"product","2":"type-product","3":"status-publish","4":"has-post-thumbnail","6":"product_brand-mt-helmets","7":"product_cat-accesorios-fem","8":"product_cat-accesorios-masc","9":"product_tag-m134700001215","11":"first","12":"outofstock","13":"shipping-taxable","14":"purchasable","15":"product-type-simple"},"_links":{"self":[{"href":"https:\/\/brandss.com.py\/index\/wp-json\/wp\/v2\/product\/92906","targetHints":{"allow":["GET"]}}],"collection":[{"href":"https:\/\/brandss.com.py\/index\/wp-json\/wp\/v2\/product"}],"about":[{"href":"https:\/\/brandss.com.py\/index\/wp-json\/wp\/v2\/types\/product"}],"replies":[{"embeddable":true,"href":"https:\/\/brandss.com.py\/index\/wp-json\/wp\/v2\/comments?post=92906"}],"version-history":[{"count":1,"href":"https:\/\/brandss.com.py\/index\/wp-json\/wp\/v2\/product\/92906\/revisions"}],"predecessor-version":[{"id":92917,"href":"https:\/\/brandss.com.py\/index\/wp-json\/wp\/v2\/product\/92906\/revisions\/92917"}],"wp:featuredmedia":[{"embeddable":true,"href":"https:\/\/brandss.com.py\/index\/wp-json\/wp\/v2\/media\/92908"}],"wp:attachment":[{"href":"https:\/\/brandss.com.py\/index\/wp-json\/wp\/v2\/media?parent=92906"}],"wp:term":[{"taxonomy":"product_brand","embeddable":true,"href":"https:\/\/brandss.com.py\/index\/wp-json\/wp\/v2\/product_brand?post=92906"},{"taxonomy":"product_cat","embeddable":true,"href":"https:\/\/brandss.com.py\/index\/wp-json\/wp\/v2\/product_cat?post=92906"},{"taxonomy":"product_tag","embeddable":true,"href":"https:\/\/brandss.com.py\/index\/wp-json\/wp\/v2\/product_tag?post=92906"}],"curies":[{"name":"wp","href":"https:\/\/api.w.org\/{rel}","templated":true}]}}