{"id":92926,"date":"2025-10-30T11:52:22","date_gmt":"2025-10-30T11:52:22","guid":{"rendered":"https:\/\/brandss.com.py\/index\/?post_type=product&#038;p=92926"},"modified":"2026-03-05T18:59:25","modified_gmt":"2026-03-05T18:59:25","slug":"casco-unisex-mt-helmets-stinger-2-ardent-c5-gloss","status":"publish","type":"product","link":"https:\/\/brandss.com.py\/index\/producto\/casco-unisex-mt-helmets-stinger-2-ardent-c5-gloss\/","title":{"rendered":"CASCO UNISEX MT HELMETS STINGER 2 ARDENT C5 GLOSS"},"content":{"rendered":"<p><img loading=\"lazy\" decoding=\"async\" class=\"\" src=\"https:\/\/mthelmets.com\/img\/cms\/visor-ico-1.png\" alt=\"MT Helmets\" width=\"115\" height=\"124\" \/><\/p>\n<h1>STINGER 2 ARDENT C5<\/h1>\n<p>El casco Stinger 2 no escatima en gastos. Este modelo deportivo de entrada ofrece un rendimiento y unas caracter\u00edsticas de alta gama a un precio incre\u00edblemente competitivo.<\/p>\n<p data-processed=\"true\"><span dir=\"auto\">El casco MT Helmets Stinger 2 est\u00e1 dise\u00f1ado para motociclistas que buscan calidad y comodidad. Gracias a su calota HIRP ligera y su avanzado sistema\u00a0<\/span><span dir=\"auto\">de ventilaci\u00f3n<\/span><span dir=\"auto\">, este casco es perfecto tanto para motociclistas ocasionales como para los m\u00e1s experimentados. Su acabado rojo brillante le da un toque distintivo, convirti\u00e9ndolo en una opci\u00f3n excepcional para cualquier motociclista.<\/span><\/p>\n<p><strong data-processed=\"true\"><span dir=\"auto\">Caracter\u00edsticas<\/span><\/strong><\/p>\n<ul data-processed=\"true\">\n<li data-processed=\"true\"><span dir=\"auto\">Carcasa ligera de HIRP (pol\u00edmero de alta resistencia al impacto)<\/span><\/li>\n<li data-processed=\"true\"><span dir=\"auto\">1 tama\u00f1o de la carcasa exterior<\/span><\/li>\n<li data-processed=\"true\"><span dir=\"auto\">Capa interior de alta absorci\u00f3n de impactos<\/span><\/li>\n<li data-processed=\"true\"><span dir=\"auto\">Protecci\u00f3n frontal homologada &#8220;P&#8221;<\/span><\/li>\n<li data-processed=\"true\"><span dir=\"auto\">Revestimiento EPS de densidad m\u00faltiple<\/span><\/li>\n<li data-processed=\"true\"><span dir=\"auto\">Tejido\u00a0antial\u00e9rgico,\u00a0<\/span><span dir=\"auto\">transpirable<\/span><span dir=\"auto\">\u00a0y\u00a0<\/span><span dir=\"auto\">de secado r\u00e1pido para mayor comodidad y durabilidad.<\/span><\/li>\n<li data-processed=\"true\"><span dir=\"auto\">Forro extra\u00edble y lavable<\/span><\/li>\n<li data-processed=\"true\"><span dir=\"auto\">Ajuste perfecto gracias a las diferentes medidas interiores<\/span><\/li>\n<li data-processed=\"true\"><span dir=\"auto\">Deflector de aliento para evitar que la pantalla se empa\u00f1e<\/span><\/li>\n<li data-processed=\"true\"><span dir=\"auto\">Preparado para un sistema de intercomunicaci\u00f3n<\/span><\/li>\n<li data-processed=\"true\"><span dir=\"auto\">Hebilla microm\u00e9trica<\/span><\/li>\n<li data-processed=\"true\"><span dir=\"auto\">Visera: MT-V-28B<\/span><\/li>\n<li data-processed=\"true\"><span dir=\"auto\">Visor \u00f3ptico de policarbonato de alta calidad con mecanismo de liberaci\u00f3n r\u00e1pida y pivotante.<\/span><\/li>\n<li data-processed=\"true\"><span dir=\"auto\">Preparado para inserci\u00f3n Pinlock\u00ae<\/span><span dir=\"auto\">\u00a0MaxVision: DKS435<\/span><\/li>\n<li data-processed=\"true\"><span dir=\"auto\">Salidas de aire frontales y superiores con sistema de apertura\/cierre<\/span><\/li>\n<li data-processed=\"true\"><span dir=\"auto\">Canales de flujo de aire interiores para el control de la temperatura y la humedad<\/span><\/li>\n<li data-processed=\"true\"><span dir=\"auto\">Extracci\u00f3n de aire a trav\u00e9s de las rejillas de ventilaci\u00f3n traseras para maximizar el flujo de aire<\/span><\/li>\n<li data-processed=\"true\"><span dir=\"auto\">El deflector trasero optimiza la aerodin\u00e1mica de este casco.<\/span><\/li>\n<li data-processed=\"true\"><span dir=\"auto\">Peso: 1450 gramos (+\/- 50 gramos)<\/span><\/li>\n<li data-processed=\"true\"><span dir=\"auto\">ECE 22.06<\/span><\/li>\n<\/ul>\n<h5 id=\"elementor-tab-title-7781\" class=\"elementor-tab-title elementor-active\" role=\"tab\" data-tab=\"1\" aria-controls=\"elementor-tab-content-7781\">Homologaci\u00f3n<\/h5>\n<div id=\"elementor-tab-content-7781\" class=\"elementor-tab-content elementor-clearfix elementor-active\" role=\"tabpanel\" data-tab=\"1\" aria-labelledby=\"elementor-tab-title-7781\">\n<div class=\"page\" title=\"Page 2\">\n<div class=\"section\">\n<div class=\"layoutArea\">\n<div class=\"column\">\n<div class=\"homologacion\">\n<p><img decoding=\"async\" src=\"https:\/\/mthelmets.com\/img\/detalles\/h_06_dot_2.png\" \/><\/p>\n<p>Este casco integral cumple y supera la nueva normativa europea de seguridad ECE 22.06, instaurada en 2022. Este esta\u0301ndar avala la comercializacio\u0301n y el uso de este casco, el cual ha pasado las ma\u0301s exigentes pruebas de calidad y seguridad.<\/p>\n<p>Este casco tambie\u0301n cuenta con la aprobacio\u0301n de la normativa DOT.<\/p>\n<p>&nbsp;<\/p>\n<h5 id=\"elementor-tab-title-7782\" class=\"elementor-tab-title elementor-active\" role=\"tab\" data-tab=\"2\" aria-controls=\"elementor-tab-content-7782\">Detalles del producto<\/h5>\n<div role=\"tab\" data-tab=\"2\" aria-controls=\"elementor-tab-content-7782\"><\/div>\n<div id=\"elementor-tab-content-7782\" class=\"elementor-tab-content elementor-clearfix elementor-active\" role=\"tabpanel\" data-tab=\"2\" aria-labelledby=\"elementor-tab-title-7782\">\n<div class=\"page\" title=\"Page 3\">\n<div class=\"section\">\n<div class=\"layoutArea\">\n<div class=\"column\">\n<div class=\"detalles\"><img decoding=\"async\" src=\"https:\/\/mthelmets.com\/img\/detalles\/hirp.png\" height=\"64\" \/>\u00a0\u00a0<strong>High Impact Resistant<\/strong>\u00a0<strong>Polymer.<br \/>\n<\/strong>Calota HIRP compuesta por una combinacio\u0301n de poli\u0301meros que ofrece un excelente comportamiento en caso de impacto.<\/p>\n<div class=\"peso\"><img decoding=\"async\" src=\"https:\/\/mthelmets.com\/img\/detalles\/p_1650.png\" \/><\/div>\n<div><\/div>\n<\/div>\n<div>\n<h5 id=\"elementor-tab-title-7784\" class=\"elementor-tab-title elementor-active\" role=\"tab\" data-tab=\"4\" aria-controls=\"elementor-tab-content-7784\">La caja contiene<\/h5>\n<div id=\"elementor-tab-content-7784\" class=\"elementor-tab-content elementor-clearfix elementor-active\" role=\"tabpanel\" data-tab=\"4\" aria-labelledby=\"elementor-tab-title-7784\">\n<div class=\"page\" title=\"Page 5\">\n<div class=\"section\">\n<div class=\"layoutArea\">\n<div class=\"column\">\n<p>&#8211; Funda protectora de tela con cierre ajustable.<br \/>\n&#8211; Foam de proteccio\u0301n con funcio\u0301n de soporte de casco.<br \/>\n&#8211; Manual de usuario.<br \/>\n&#8211; Adhesivos MT Helmets.<\/p>\n<\/div>\n<\/div>\n<\/div>\n<\/div>\n<\/div>\n<\/div>\n<\/div>\n<\/div>\n<\/div>\n<\/div>\n<\/div>\n<\/div>\n<\/div>\n<\/div>\n<\/div>\n<\/div>\n<\/div>\n","protected":false},"excerpt":{"rendered":"<p>STINGER 2 ARDENT C5 El casco Stinger 2 no escatima en gastos. Este modelo deportivo de entrada ofrece un rendimiento<\/p>\n","protected":false},"featured_media":92927,"comment_status":"open","ping_status":"closed","template":"","meta":{"nf_dc_page":""},"product_brand":[1131],"product_cat":[74,77],"product_tag":[1187],"class_list":{"0":"post-92926","1":"product","2":"type-product","3":"status-publish","4":"has-post-thumbnail","6":"product_brand-mt-helmets","7":"product_cat-accesorios-fem","8":"product_cat-accesorios-masc","9":"product_tag-m1334b702513","11":"first","12":"outofstock","13":"shipping-taxable","14":"purchasable","15":"product-type-simple"},"_links":{"self":[{"href":"https:\/\/brandss.com.py\/index\/wp-json\/wp\/v2\/product\/92926","targetHints":{"allow":["GET"]}}],"collection":[{"href":"https:\/\/brandss.com.py\/index\/wp-json\/wp\/v2\/product"}],"about":[{"href":"https:\/\/brandss.com.py\/index\/wp-json\/wp\/v2\/types\/product"}],"replies":[{"embeddable":true,"href":"https:\/\/brandss.com.py\/index\/wp-json\/wp\/v2\/comments?post=92926"}],"version-history":[{"count":1,"href":"https:\/\/brandss.com.py\/index\/wp-json\/wp\/v2\/product\/92926\/revisions"}],"predecessor-version":[{"id":92936,"href":"https:\/\/brandss.com.py\/index\/wp-json\/wp\/v2\/product\/92926\/revisions\/92936"}],"wp:featuredmedia":[{"embeddable":true,"href":"https:\/\/brandss.com.py\/index\/wp-json\/wp\/v2\/media\/92927"}],"wp:attachment":[{"href":"https:\/\/brandss.com.py\/index\/wp-json\/wp\/v2\/media?parent=92926"}],"wp:term":[{"taxonomy":"product_brand","embeddable":true,"href":"https:\/\/brandss.com.py\/index\/wp-json\/wp\/v2\/product_brand?post=92926"},{"taxonomy":"product_cat","embeddable":true,"href":"https:\/\/brandss.com.py\/index\/wp-json\/wp\/v2\/product_cat?post=92926"},{"taxonomy":"product_tag","embeddable":true,"href":"https:\/\/brandss.com.py\/index\/wp-json\/wp\/v2\/product_tag?post=92926"}],"curies":[{"name":"wp","href":"https:\/\/api.w.org\/{rel}","templated":true}]}}