{"id":92949,"date":"2025-10-30T13:19:10","date_gmt":"2025-10-30T13:19:10","guid":{"rendered":"https:\/\/brandss.com.py\/index\/?post_type=product&#038;p=92949"},"modified":"2026-03-16T17:10:19","modified_gmt":"2026-03-16T17:10:19","slug":"mascara-capilar-pallamina-collagen-keratin-biotin-purple-hair-500ml","status":"publish","type":"product","link":"https:\/\/brandss.com.py\/index\/producto\/mascara-capilar-pallamina-collagen-keratin-biotin-purple-hair-500ml\/","title":{"rendered":"M\u00c1SCARA CAPILAR PALLAMINA COLLAGEN KERATIN BIOTIN PURPLE HAIR 500ML"},"content":{"rendered":"<p><img loading=\"lazy\" decoding=\"async\" class=\"\" src=\"https:\/\/krvietnam.vn\/wp-content\/uploads\/2022\/01\/Palamina.jpg\" alt=\"Trang ch\u1ee7 - K&amp;R Vi\u1ec7t Nam - Pallamina\" width=\"139\" height=\"104\" \/><\/p>\n<h1>COLLAGEN KERATIN BIOTIN PURPLE HAIR<\/h1>\n<p>La mascarilla capilar p\u00farpura Pallamina\u00a0<span class=\"index_module_idAiSummary__content__p__bold__01115bb2\">neutraliza los tonos amarillos<\/span>\u00a0en el cabello rubio, plateado y gris con su potente pigmento p\u00farpura mientras\u00a0<span class=\"index_module_idAiSummary__content__p__bold__01115bb2\">hidrata profundamente y repara las hebras da\u00f1adas<\/span>. Enriquecida con keratina y esencia de maca, aclara el color del cabello, restaura el brillo y protege contra la sequedad. Su f\u00f3rmula libre de sulfatos es segura para cabello tratado qu\u00edmicamente o<img loading=\"lazy\" decoding=\"async\" class=\"alignleft\" src=\"https:\/\/s.alicdn.com\/@sc04\/kf\/Hc38ba79345374137be590ea7aaf1eb3dO.jpg?avif=close&amp;webp=close\" width=\"584\" height=\"584\" \/> decolorado, ofreciendo tres beneficios: anti-amarilleo, hidrataci\u00f3n profunda y protecci\u00f3n UV para resultados de calidad de sal\u00f3n en casa.<\/p>\n<p>La mascarilla para el cabello puede protegerse contra los tonos amarillos del cabello, eliminando los tonos amarillos y, finalmente, haciendo que el cabello parezca del color ideal. Al mismo tiempo, puede proporcionar suficiente nutrici\u00f3n para el cabello despu\u00e9s de la decoloraci\u00f3n\/te\u00f1ido, haciendo que el cabello sea suave y brillante.<\/p>\n<h3>Beneficios<\/h3>\n<p>Protecci\u00f3n UV que inhibe la descoloraci\u00f3n.<\/p>\n<p>Correcci\u00f3n profesional de tonos amarillos, narajas y cobres.<\/p>\n<p>Color brillante y espectacular entre visitas al sal\u00f3n.<\/p>\n<p>Acondicionamiento profundo para el cabello seco y da\u00f1ado.<\/p>\n<p>Protector fortalecedor avanzado para el cabello.<\/p>\n<p>Soluci\u00f3n de ultrabrillo para un cabello brillaante y sedoso.<\/p>\n<p>F\u00f3rmula \u00fanica, segura y sin aplastamientos.<\/p>\n","protected":false},"excerpt":{"rendered":"<p>COLLAGEN KERATIN BIOTIN PURPLE HAIR La mascarilla capilar p\u00farpura Pallamina\u00a0neutraliza los tonos amarillos\u00a0en el cabello rubio, plateado y gris con<\/p>\n","protected":false},"featured_media":92950,"comment_status":"open","ping_status":"closed","template":"","meta":{"nf_dc_page":""},"product_brand":[765],"product_cat":[85],"product_tag":[1189],"class_list":{"0":"post-92949","1":"product","2":"type-product","3":"status-publish","4":"has-post-thumbnail","6":"product_brand-pallamina","7":"product_cat-cosmeticos","8":"product_tag-1189","10":"first","11":"instock","12":"shipping-taxable","13":"purchasable","14":"product-type-simple"},"_links":{"self":[{"href":"https:\/\/brandss.com.py\/index\/wp-json\/wp\/v2\/product\/92949","targetHints":{"allow":["GET"]}}],"collection":[{"href":"https:\/\/brandss.com.py\/index\/wp-json\/wp\/v2\/product"}],"about":[{"href":"https:\/\/brandss.com.py\/index\/wp-json\/wp\/v2\/types\/product"}],"replies":[{"embeddable":true,"href":"https:\/\/brandss.com.py\/index\/wp-json\/wp\/v2\/comments?post=92949"}],"version-history":[{"count":1,"href":"https:\/\/brandss.com.py\/index\/wp-json\/wp\/v2\/product\/92949\/revisions"}],"predecessor-version":[{"id":92957,"href":"https:\/\/brandss.com.py\/index\/wp-json\/wp\/v2\/product\/92949\/revisions\/92957"}],"wp:featuredmedia":[{"embeddable":true,"href":"https:\/\/brandss.com.py\/index\/wp-json\/wp\/v2\/media\/92950"}],"wp:attachment":[{"href":"https:\/\/brandss.com.py\/index\/wp-json\/wp\/v2\/media?parent=92949"}],"wp:term":[{"taxonomy":"product_brand","embeddable":true,"href":"https:\/\/brandss.com.py\/index\/wp-json\/wp\/v2\/product_brand?post=92949"},{"taxonomy":"product_cat","embeddable":true,"href":"https:\/\/brandss.com.py\/index\/wp-json\/wp\/v2\/product_cat?post=92949"},{"taxonomy":"product_tag","embeddable":true,"href":"https:\/\/brandss.com.py\/index\/wp-json\/wp\/v2\/product_tag?post=92949"}],"curies":[{"name":"wp","href":"https:\/\/api.w.org\/{rel}","templated":true}]}}