{"id":92969,"date":"2025-10-30T14:39:51","date_gmt":"2025-10-30T14:39:51","guid":{"rendered":"https:\/\/brandss.com.py\/index\/?post_type=product&#038;p=92969"},"modified":"2026-03-05T19:00:11","modified_gmt":"2026-03-05T19:00:11","slug":"casco-unisex-mt-helmets-stinger-2-solid-a11-matt","status":"publish","type":"product","link":"https:\/\/brandss.com.py\/index\/producto\/casco-unisex-mt-helmets-stinger-2-solid-a11-matt\/","title":{"rendered":"CASCO UNISEX MT HELMETS STINGER 2 SOLID A11 MATT"},"content":{"rendered":"<p><img loading=\"lazy\" decoding=\"async\" class=\"\" src=\"https:\/\/mthelmets.com\/img\/cms\/visor-ico-1.png\" alt=\"MT Helmets\" width=\"100\" height=\"108\" \/><\/p>\n<h1>STINGER 2 SOLID A11<\/h1>\n<p data-processed=\"true\"><span dir=\"auto\" data-processed=\"true\">Presentamos el casco MT Helmets Stinger 2 A11 en un elegante acabado negro mate. Este casco est\u00e1 dise\u00f1ado para motoristas que buscan estilo y rendimiento. El Stinger 2 A1 no es solo un casco; es una declaraci\u00f3n de calidad y seguridad.<\/span><\/p>\n<p data-processed=\"true\"><span dir=\"auto\" data-processed=\"true\">El Stinger 2 A1 es un casco de iniciaci\u00f3n que no escatima en prestaciones. Ofrece un rendimiento de alta gama a un precio incre\u00edblemente competitivo, lo que lo convierte en una opci\u00f3n fant\u00e1stica tanto para principiantes como para motoristas experimentados. Gracias a su dise\u00f1o ligero y sus avanzadas caracter\u00edsticas de seguridad, este casco es perfecto para quienes desean pilotar con confianza.<\/span><\/p>\n<h3><span dir=\"auto\">Caracter\u00edsticas principales:<\/span><\/h3>\n<ul data-processed=\"true\">\n<li data-processed=\"true\"><span dir=\"auto\" data-processed=\"true\">Carcasa ligera de HIRP (pol\u00edmero de alta resistencia al impacto)<\/span><\/li>\n<li data-processed=\"true\"><span dir=\"auto\" data-processed=\"true\">Capa interior de alta absorci\u00f3n de impactos<\/span><\/li>\n<li data-processed=\"true\"><span dir=\"auto\" data-processed=\"true\">Protecci\u00f3n frontal homologada &#8220;P&#8221;<\/span><\/li>\n<li data-processed=\"true\"><span dir=\"auto\" data-processed=\"true\">Revestimiento EPS de densidad m\u00faltiple<\/span><\/li>\n<li data-processed=\"true\"><span dir=\"auto\" data-processed=\"true\">Tejido antial\u00e9rgico, transpirable y de secado r\u00e1pido para mayor comodidad y durabilidad.<\/span><\/li>\n<li data-processed=\"true\"><span dir=\"auto\" data-processed=\"true\">Forro extra\u00edble y lavable<\/span><\/li>\n<li data-processed=\"true\"><span dir=\"auto\" data-processed=\"true\">Ajuste perfecto gracias a las diferentes medidas interiores<\/span><\/li>\n<li data-processed=\"true\"><span dir=\"auto\" data-processed=\"true\">Deflector de aliento para evitar que la pantalla se empa\u00f1e<\/span><\/li>\n<li data-processed=\"true\"><span dir=\"auto\" data-processed=\"true\">Preparado para un sistema de intercomunicaci\u00f3n<\/span><\/li>\n<li data-processed=\"true\"><span dir=\"auto\" data-processed=\"true\">Hebilla microm\u00e9trica<\/span><\/li>\n<li data-processed=\"true\"><span dir=\"auto\" data-processed=\"true\">Visera:<\/span><span dir=\"auto\" data-processed=\"true\">\u00a0MT-V-28B<\/span><\/li>\n<li data-processed=\"true\"><span dir=\"auto\" data-processed=\"true\">Visor \u00f3ptico de policarbonato de alta calidad con mecanismo de liberaci\u00f3n r\u00e1pida y pivotante.<\/span><\/li>\n<li data-processed=\"true\"><span dir=\"auto\" data-processed=\"true\">Preparado para inserto\u00a0Pinlock\u00a0Maxvision:<\/span><span dir=\"auto\" data-processed=\"true\">\u00a0DKS435<\/span><\/li>\n<li data-processed=\"true\"><span dir=\"auto\" data-processed=\"true\">Salidas de aire frontales y superiores con sistema de apertura\/cierre<\/span><\/li>\n<li data-processed=\"true\"><span dir=\"auto\" data-processed=\"true\">Canales de flujo de aire interiores para el control de la temperatura y la humedad<\/span><\/li>\n<li data-processed=\"true\"><span dir=\"auto\" data-processed=\"true\">Extracci\u00f3n de aire a trav\u00e9s de las rejillas de ventilaci\u00f3n traseras para maximizar el flujo de aire<\/span><\/li>\n<li data-processed=\"true\"><span dir=\"auto\" data-processed=\"true\">El deflector trasero optimiza la aerodin\u00e1mica de este casco.<\/span><\/li>\n<li data-processed=\"true\"><span dir=\"auto\" data-processed=\"true\">Peso:<\/span><span dir=\"auto\" data-processed=\"true\">\u00a01450 gramos (+\/- 50 gramos)<\/span><\/li>\n<li data-processed=\"true\"><span dir=\"auto\" data-processed=\"true\">ECE 22.06<\/span><\/li>\n<\/ul>\n<h5 id=\"elementor-tab-title-7781\" class=\"elementor-tab-title elementor-active\" role=\"tab\" data-tab=\"1\" aria-controls=\"elementor-tab-content-7781\">Homologaci\u00f3n<\/h5>\n<p>&nbsp;<\/p>\n<div id=\"elementor-tab-content-7781\" class=\"elementor-tab-content elementor-clearfix elementor-active\" role=\"tabpanel\" data-tab=\"1\" aria-labelledby=\"elementor-tab-title-7781\">\n<div class=\"page\" title=\"Page 2\">\n<div class=\"section\">\n<div class=\"layoutArea\">\n<div class=\"column\">\n<div class=\"homologacion\">\n<p><img decoding=\"async\" src=\"https:\/\/mthelmets.com\/img\/detalles\/h_06_dot_2.png\" \/><\/p>\n<p>Este casco integral cumple y supera la nueva normativa europea de seguridad ECE 22.06, instaurada en 2022. Este esta\u0301ndar avala la comercializacio\u0301n y el uso de este casco, el cual ha pasado las ma\u0301s exigentes pruebas de calidad y seguridad.<\/p>\n<p>Este casco tambie\u0301n cuenta con la aprobacio\u0301n de la normativa DOT.<\/p>\n<h5 id=\"elementor-tab-title-7782\" class=\"elementor-tab-title elementor-active\" role=\"tab\" data-tab=\"2\" aria-controls=\"elementor-tab-content-7782\">Detalles del producto<\/h5>\n<div role=\"tab\" data-tab=\"2\" aria-controls=\"elementor-tab-content-7782\"><\/div>\n<div id=\"elementor-tab-content-7782\" class=\"elementor-tab-content elementor-clearfix elementor-active\" role=\"tabpanel\" data-tab=\"2\" aria-labelledby=\"elementor-tab-title-7782\">\n<div class=\"page\" title=\"Page 3\">\n<div class=\"section\">\n<div class=\"layoutArea\">\n<div class=\"column\">\n<div class=\"detalles\"><img decoding=\"async\" src=\"https:\/\/mthelmets.com\/img\/detalles\/hirp.png\" height=\"64\" \/>\u00a0\u00a0<strong>High Impact Resistant<\/strong>\u00a0<strong>Polymer.<br \/>\n<\/strong>Calota HIRP compuesta por una combinacio\u0301n de poli\u0301meros que ofrece un excelente comportamiento en caso de impacto.<\/p>\n<div class=\"peso\"><img decoding=\"async\" src=\"https:\/\/mthelmets.com\/img\/detalles\/p_1650.png\" \/><\/div>\n<\/div>\n<div>\n<div role=\"tab\" data-tab=\"4\" aria-controls=\"elementor-tab-content-7784\"><\/div>\n<h5 id=\"elementor-tab-title-7784\" class=\"elementor-tab-title elementor-active\" role=\"tab\" data-tab=\"4\" aria-controls=\"elementor-tab-content-7784\">La caja contiene<\/h5>\n<div id=\"elementor-tab-content-7784\" class=\"elementor-tab-content elementor-clearfix elementor-active\" role=\"tabpanel\" data-tab=\"4\" aria-labelledby=\"elementor-tab-title-7784\">\n<div class=\"page\" title=\"Page 5\">\n<div class=\"section\">\n<div class=\"layoutArea\">\n<div class=\"column\">\n<p>&#8211; Funda protectora de tela con cierre ajustable.<br \/>\n&#8211; Foam de proteccio\u0301n con funcio\u0301n de soporte de casco.<br \/>\n&#8211; Manual de usuario.<br \/>\n&#8211; Adhesivos MT Helmets.<\/p>\n<\/div>\n<\/div>\n<\/div>\n<\/div>\n<\/div>\n<\/div>\n<\/div>\n<\/div>\n<\/div>\n<\/div>\n<\/div>\n<\/div>\n<\/div>\n<\/div>\n<\/div>\n<\/div>\n<\/div>\n","protected":false},"excerpt":{"rendered":"<p>STINGER 2 SOLID A11 Presentamos el casco MT Helmets Stinger 2 A11 en un elegante acabado negro mate. Este casco<\/p>\n","protected":false},"featured_media":92970,"comment_status":"open","ping_status":"closed","template":"","meta":{"nf_dc_page":""},"product_brand":[1131],"product_cat":[74,77],"product_tag":[1191],"class_list":{"0":"post-92969","1":"product","2":"type-product","3":"status-publish","4":"has-post-thumbnail","6":"product_brand-mt-helmets","7":"product_cat-accesorios-fem","8":"product_cat-accesorios-masc","9":"product_tag-m133400001133","11":"first","12":"outofstock","13":"shipping-taxable","14":"purchasable","15":"product-type-simple"},"_links":{"self":[{"href":"https:\/\/brandss.com.py\/index\/wp-json\/wp\/v2\/product\/92969","targetHints":{"allow":["GET"]}}],"collection":[{"href":"https:\/\/brandss.com.py\/index\/wp-json\/wp\/v2\/product"}],"about":[{"href":"https:\/\/brandss.com.py\/index\/wp-json\/wp\/v2\/types\/product"}],"replies":[{"embeddable":true,"href":"https:\/\/brandss.com.py\/index\/wp-json\/wp\/v2\/comments?post=92969"}],"version-history":[{"count":1,"href":"https:\/\/brandss.com.py\/index\/wp-json\/wp\/v2\/product\/92969\/revisions"}],"predecessor-version":[{"id":92979,"href":"https:\/\/brandss.com.py\/index\/wp-json\/wp\/v2\/product\/92969\/revisions\/92979"}],"wp:featuredmedia":[{"embeddable":true,"href":"https:\/\/brandss.com.py\/index\/wp-json\/wp\/v2\/media\/92970"}],"wp:attachment":[{"href":"https:\/\/brandss.com.py\/index\/wp-json\/wp\/v2\/media?parent=92969"}],"wp:term":[{"taxonomy":"product_brand","embeddable":true,"href":"https:\/\/brandss.com.py\/index\/wp-json\/wp\/v2\/product_brand?post=92969"},{"taxonomy":"product_cat","embeddable":true,"href":"https:\/\/brandss.com.py\/index\/wp-json\/wp\/v2\/product_cat?post=92969"},{"taxonomy":"product_tag","embeddable":true,"href":"https:\/\/brandss.com.py\/index\/wp-json\/wp\/v2\/product_tag?post=92969"}],"curies":[{"name":"wp","href":"https:\/\/api.w.org\/{rel}","templated":true}]}}