{"id":92998,"date":"2025-10-30T19:16:03","date_gmt":"2025-10-30T19:16:03","guid":{"rendered":"https:\/\/brandss.com.py\/index\/?post_type=product&#038;p=92998"},"modified":"2025-10-30T19:16:33","modified_gmt":"2025-10-30T19:16:33","slug":"casco-unisex-mt-helmets-thunder-4-sv-luminence-d5-matt","status":"publish","type":"product","link":"https:\/\/brandss.com.py\/index\/producto\/casco-unisex-mt-helmets-thunder-4-sv-luminence-d5-matt\/","title":{"rendered":"CASCO UNISEX MT HELMETS THUNDER 4 SV LUMINENCE D5 MATT"},"content":{"rendered":"<p><img loading=\"lazy\" decoding=\"async\" class=\"\" src=\"https:\/\/mthelmets.com\/img\/cms\/visor-ico-1.png\" alt=\"MT Helmets\" width=\"86\" height=\"93\" \/><\/p>\n<h1>THUNDER 4 SV LUMINENCE D5<\/h1>\n<p data-processed=\"true\"><span dir=\"auto\">Este casco est\u00e1 dise\u00f1ado para los amantes del sport-turismo, ofreciendo una comodidad y seguridad excepcionales para viajes largos. Gracias a su avanzado sistema <\/span><span dir=\"auto\">de ventilaci\u00f3n<\/span><span dir=\"auto\"> y su amplio campo de visi\u00f3n, el Thunder 4 SV te mantiene fresco y alerta en la carretera. Presentamos el casco MT Helmets Thunder 4 SV en el llamativo color Rojo Mate<\/span><\/p>\n<p data-processed=\"true\"><span dir=\"auto\">El Thunder 4 SV no solo destaca por su est\u00e9tica; incorpora tecnolog\u00eda de vanguardia para la comunicaci\u00f3n y la seguridad. La visera solar integrada ofrece una cobertura m\u00e1xima, mientras que el sistema MT-QVSS permite cambiarla r\u00e1pidamente. Este casco est\u00e1 dise\u00f1ado para durar, con especial atenci\u00f3n a la sostenibilidad y al m\u00ednimo impacto ambiental.<\/span><\/p>\n<p data-processed=\"true\"><strong data-processed=\"true\"><span dir=\"auto\">Caracter\u00edsticas clave<\/span><\/strong><\/p>\n<ul data-processed=\"true\">\n<li data-processed=\"true\"><span dir=\"auto\">Carcasa fabricada en HIRP (pol\u00edmero de alta resistencia al impacto), un material que combina las mejores cualidades en cuanto a la relaci\u00f3n seguridad-peso.<\/span><\/li>\n<li data-processed=\"true\"><span dir=\"auto\">Todos los interiores del Thunder 4 SV est\u00e1n fabricados con tejidos hipoalerg\u00e9nicos, son desmontables y lavables.<\/span><\/li>\n<li data-processed=\"true\"><span dir=\"auto\">Lente antivaho\u00a0Pinlock 100% MaxVision<\/span><\/li>\n<li data-processed=\"true\"><span dir=\"auto\">Sistema de liberaci\u00f3n de emergencia para una extracci\u00f3n r\u00e1pida y segura en caso de accidente.<\/span><\/li>\n<li data-processed=\"true\"><span dir=\"auto\">El bloqueo del escudo impide la apertura accidental del mismo en caso de impacto.<\/span><\/li>\n<li data-processed=\"true\"><span dir=\"auto\">Visera parasol retr\u00e1ctil mejorada que cubre completamente toda el \u00e1rea de visi\u00f3n<\/span><\/li>\n<li data-processed=\"true\"><span dir=\"auto\">MT-QVSS: el sistema patentado de cambio r\u00e1pido de visera de MT permite cambiar las pantallas en segundos, incluso con el casco puesto.<\/span><\/li>\n<li data-processed=\"true\"><span dir=\"auto\">Tejido reflectante: sistema de reflexi\u00f3n de la luz dise\u00f1ado para ser visto en la oscuridad.<\/span><\/li>\n<li data-processed=\"true\"><span dir=\"auto\">Jaula para intercomunicador compatible con Bluetooth, nuevo est\u00e1ndar dise\u00f1ado para intercomunicadores del Sistema de Comunicaciones Universal, el nuevo est\u00e1ndar del mercado.<\/span><\/li>\n<li data-processed=\"true\"><span dir=\"auto\">Cierre microm\u00e9trico con sistema de retenci\u00f3n de doble diente para garantizar la m\u00e1xima seguridad.<\/span><\/li>\n<li data-processed=\"true\"><span dir=\"auto\">Sistema de canales de flujo de aire: m\u00e1ximo flujo de refrigeraci\u00f3n posible con la m\u00ednima resistencia aerodin\u00e1mica y al aire.<\/span><\/li>\n<li data-processed=\"true\"><span dir=\"auto\">Sistema de protecci\u00f3n de 3 puntos: base de seguridad que evita el roce, protegiendo el casco y mejorando su higiene.<\/span><\/li>\n<li data-processed=\"true\"><span dir=\"auto\">Ecol\u00f3gico: la vida \u00fatil de la unidad se puede prolongar con elementos extra\u00edbles que son f\u00e1cilmente reemplazables.<\/span><\/li>\n<li data-processed=\"true\"><span dir=\"auto\">Visera: MT-V-28B<\/span><\/li>\n<li data-processed=\"true\"><span dir=\"auto\">Pinlock<\/span><span dir=\"auto\">\u00a0: DKS435<\/span><\/li>\n<li data-processed=\"true\"><span dir=\"auto\">Certificaci\u00f3n\u00a0ECE 22.06<\/span><\/li>\n<li data-processed=\"true\"><span dir=\"auto\">Homologaci\u00f3n DOT<\/span><\/li>\n<\/ul>\n<h5 id=\"elementor-tab-title-7781\" class=\"elementor-tab-title elementor-active\" role=\"tab\" data-tab=\"1\" aria-controls=\"elementor-tab-content-7781\">Homologaci\u00f3n<\/h5>\n<div id=\"elementor-tab-content-7781\" class=\"elementor-tab-content elementor-clearfix elementor-active\" role=\"tabpanel\" data-tab=\"1\" aria-labelledby=\"elementor-tab-title-7781\">\n<div class=\"page\" title=\"Page 2\">\n<div class=\"section\">\n<div class=\"layoutArea\">\n<div class=\"column\">\n<div class=\"homologacion\">\n<p><img decoding=\"async\" src=\"https:\/\/mthelmets.com\/img\/detalles\/h_06_dot_2.png\" \/><\/p>\n<p>Este casco integral cumple y supera la nueva normativa europea de seguridad ECE 22.06, instaurada en 2022. Este esta\u0301ndar avala la comercializacio\u0301n y el uso de este casco, el cual ha pasado las ma\u0301s exigentes pruebas de calidad y seguridad.<\/p>\n<p>Este casco tambie\u0301n cuenta con la aprobacio\u0301n de la normativa DOT.<\/p>\n<p>&nbsp;<\/p>\n<h5 id=\"elementor-tab-title-7782\" class=\"elementor-tab-title elementor-active\" role=\"tab\" data-tab=\"2\" aria-controls=\"elementor-tab-content-7782\">Detalles del producto<\/h5>\n<p>&nbsp;<\/p>\n<div id=\"elementor-tab-content-7782\" class=\"elementor-tab-content elementor-clearfix elementor-active\" role=\"tabpanel\" data-tab=\"2\" aria-labelledby=\"elementor-tab-title-7782\">\n<div class=\"page\" title=\"Page 3\">\n<div class=\"section\">\n<div class=\"layoutArea\">\n<div class=\"column\">\n<div class=\"detalles\"><img decoding=\"async\" src=\"https:\/\/mthelmets.com\/img\/detalles\/sunvisor.png\" height=\"64\" \/>\u00a0\u00a0<strong>Gafa Solar<\/strong>\u00a0incorporada.<\/p>\n<p><img decoding=\"async\" src=\"https:\/\/mthelmets.com\/img\/detalles\/hirp.png\" height=\"64\" \/>\u00a0\u00a0<strong>High Impact Resistant<\/strong>\u00a0<strong>Polymer.<br \/>\n<\/strong>Calota HIRP compuesta por una combinacio\u0301n de poli\u0301meros que ofrece un excelente comportamiento en caso de impacto.<\/p>\n<div class=\"peso\"><img decoding=\"async\" src=\"https:\/\/mthelmets.com\/img\/detalles\/p_1500.png\" \/><\/div>\n<div><\/div>\n<\/div>\n<div>\n<h5 id=\"elementor-tab-title-7784\" class=\"elementor-tab-title elementor-active\" role=\"tab\" data-tab=\"4\" aria-controls=\"elementor-tab-content-7784\">La caja contiene<\/h5>\n<p>&nbsp;<\/p>\n<div id=\"elementor-tab-content-7784\" class=\"elementor-tab-content elementor-clearfix elementor-active\" role=\"tabpanel\" data-tab=\"4\" aria-labelledby=\"elementor-tab-title-7784\">\n<div class=\"page\" title=\"Page 5\">\n<div class=\"section\">\n<div class=\"layoutArea\">\n<div class=\"column\">\n<p>&#8211; 1 casco MT Thunder 4 SV.<br \/>\n&#8211; Funda protectora de tela con cierre ajustable.<br \/>\n&#8211; Foam de proteccio\u0301n con funcio\u0301n de soporte de casco.<br \/>\n&#8211; Manual de usuario.<br \/>\n&#8211; Adhesivos MT Helmets.<\/p>\n<\/div>\n<\/div>\n<\/div>\n<\/div>\n<\/div>\n<\/div>\n<\/div>\n<\/div>\n<\/div>\n<\/div>\n<\/div>\n<\/div>\n<\/div>\n<\/div>\n<\/div>\n<\/div>\n<\/div>\n","protected":false},"excerpt":{"rendered":"<p>THUNDER 4 SV LUMINENCE D5 Este casco est\u00e1 dise\u00f1ado para los amantes del sport-turismo, ofreciendo una comodidad y seguridad excepcionales<\/p>\n","protected":false},"featured_media":92999,"comment_status":"open","ping_status":"closed","template":"","meta":{"nf_dc_page":""},"product_brand":[1131],"product_cat":[74,77],"product_tag":[1194],"class_list":{"0":"post-92998","1":"product","2":"type-product","3":"status-publish","4":"has-post-thumbnail","6":"product_brand-mt-helmets","7":"product_cat-accesorios-fem","8":"product_cat-accesorios-masc","9":"product_tag-m1308c383523","11":"first","12":"instock","13":"shipping-taxable","14":"purchasable","15":"product-type-simple"},"_links":{"self":[{"href":"https:\/\/brandss.com.py\/index\/wp-json\/wp\/v2\/product\/92998","targetHints":{"allow":["GET"]}}],"collection":[{"href":"https:\/\/brandss.com.py\/index\/wp-json\/wp\/v2\/product"}],"about":[{"href":"https:\/\/brandss.com.py\/index\/wp-json\/wp\/v2\/types\/product"}],"replies":[{"embeddable":true,"href":"https:\/\/brandss.com.py\/index\/wp-json\/wp\/v2\/comments?post=92998"}],"version-history":[{"count":1,"href":"https:\/\/brandss.com.py\/index\/wp-json\/wp\/v2\/product\/92998\/revisions"}],"predecessor-version":[{"id":93008,"href":"https:\/\/brandss.com.py\/index\/wp-json\/wp\/v2\/product\/92998\/revisions\/93008"}],"wp:featuredmedia":[{"embeddable":true,"href":"https:\/\/brandss.com.py\/index\/wp-json\/wp\/v2\/media\/92999"}],"wp:attachment":[{"href":"https:\/\/brandss.com.py\/index\/wp-json\/wp\/v2\/media?parent=92998"}],"wp:term":[{"taxonomy":"product_brand","embeddable":true,"href":"https:\/\/brandss.com.py\/index\/wp-json\/wp\/v2\/product_brand?post=92998"},{"taxonomy":"product_cat","embeddable":true,"href":"https:\/\/brandss.com.py\/index\/wp-json\/wp\/v2\/product_cat?post=92998"},{"taxonomy":"product_tag","embeddable":true,"href":"https:\/\/brandss.com.py\/index\/wp-json\/wp\/v2\/product_tag?post=92998"}],"curies":[{"name":"wp","href":"https:\/\/api.w.org\/{rel}","templated":true}]}}