{"id":93025,"date":"2025-10-31T13:10:26","date_gmt":"2025-10-31T13:10:26","guid":{"rendered":"https:\/\/brandss.com.py\/index\/?post_type=product&#038;p=93025"},"modified":"2026-03-05T19:00:42","modified_gmt":"2026-03-05T19:00:42","slug":"casco-unisex-axxis-fenix-ork-b5-matt","status":"publish","type":"product","link":"https:\/\/brandss.com.py\/index\/producto\/casco-unisex-axxis-fenix-ork-b5-matt\/","title":{"rendered":"CASCO UNISEX AXXIS FENIX ORK B5 MATT"},"content":{"rendered":"<p><img loading=\"lazy\" decoding=\"async\" class=\"\" src=\"https:\/\/www.motocentral.co.uk\/cdn\/shop\/files\/axxis_logo.png?v=1746111840&amp;width=225\" alt=\"Axxis Helmets - FREE UK Delivery | FREE 365 Day Returns\" width=\"87\" height=\"87\" \/><\/p>\n<h1>FENIX ORK B5<\/h1>\n<p>El Casco Axxis Fenix Ork B5 Mate\u00a0es la opci\u00f3n perfecta para quienes priorizan seguridad y dise\u00f1o en sus viajes en moto. Su calota monocasco, fabricada en policarbonato fundido, garantiza una resistencia y durabilidad superiores.<\/p>\n<p>Este casco cuenta con certificaciones\u00a0ECE 22.06 y DOT FMVSS 218, que avalan su alto nivel de protecci\u00f3n. Su sistema de ventilaci\u00f3n, con\u00a06 canales ajustables, asegura un flujo de aire constante, ideal para distintas condiciones clim\u00e1ticas y mayor confort al conducir.<\/p>\n<p>El interior es hipoalerg\u00e9nico y lavable, cuidando la piel del usuario y evitando alergias. Adem\u00e1s, est\u00e1 preparado para incorporar auriculares, posee un deflector de aliento extra\u00edble y una visera transparente de 2,2 mm compatible con Pinlock (se vende por separado).<\/p>\n<p>Con un dise\u00f1o aerodin\u00e1mico y funcional, el Fenix Ork B5 Mate es la elecci\u00f3n confiable para una conducci\u00f3n segura y estilizada en Argentina y m\u00e1s all\u00e1.<\/p>\n<p data-start=\"126\" data-end=\"442\"><span dir=\"auto\">La Axxis Fenix \u200b\u200bes imprescindible para los motoristas que buscan seguridad en cada viaje, e incluye preinstalaci\u00f3n para un sistema de intercomunicaci\u00f3n Bluetooth y un sistema de ventilaci\u00f3n interna. <\/span><span dir=\"auto\">Sistema Dymanix Tech: para cambiar la pantalla r\u00e1pidamente y con mayor comodidad. <\/span><span dir=\"auto\">Ecol\u00f3gica: tomas de aire y aler\u00f3n extra\u00edbles y reemplazables.<\/span><\/p>\n<p data-start=\"465\" data-end=\"737\"><strong data-start=\"465\" data-end=\"483\"><span dir=\"auto\">SEGURIDAD Y CARCASA<\/span><\/strong><br data-start=\"483\" data-end=\"486\" \/><span dir=\"auto\">\u2022 Fabricado con carcasa de termopl\u00e1stico inyectado (HIRP) y certificado seg\u00fan las normas ECE 22.06 y DOT<\/span><br data-start=\"585\" data-end=\"588\" \/><span dir=\"auto\">\u2022 Disponible en dos tallas de carcasa (XS-S y M-XXL)<\/span><br data-start=\"631\" data-end=\"634\" \/><span dir=\"auto\">\u2022 Se adapta a tallas de cabeza desde XS hasta XXL y superiores<\/span><br data-start=\"688\" data-end=\"691\" \/><span dir=\"auto\">\u2022 Peso del casco: aprox. 1550 g \u00b1 50 g<\/span><\/p>\n<p data-start=\"739\" data-end=\"947\"><strong data-start=\"739\" data-end=\"755\"><span dir=\"auto\">SISTEMA DE VISOR<\/span><\/strong><br data-start=\"755\" data-end=\"758\" \/><span dir=\"auto\">\u2022 Visor de policarbonato \u00f3ptico de 2,2 mm, resistente a los ara\u00f1azos y a los rayos UV<\/span><br data-start=\"825\" data-end=\"828\" \/><span dir=\"auto\">\u2022 Sistema de visor de liberaci\u00f3n r\u00e1pida Dymanix Tech (cambio de visor sin herramientas)<\/span><br data-start=\"894\" data-end=\"897\" \/><span dir=\"auto\">\u2022 Compatible con la l\u00e1mina Pinlock 100% Max Vision<\/span><\/p>\n<p data-start=\"949\" data-end=\"1133\"><strong data-start=\"949\" data-end=\"979\"><span dir=\"auto\">VENTILACI\u00d3N Y AERODIN\u00c1MICA<\/span><\/strong><br data-start=\"979\" data-end=\"982\" \/><span dir=\"auto\">\u2022 Dos entradas de aire superiores, dos salidas de aire frontales\/inferiores y dos salidas de aire traseras<\/span><br data-start=\"1054\" data-end=\"1057\" \/><span dir=\"auto\">\u2022 Aler\u00f3n aerodin\u00e1mico integrado<\/span><br data-start=\"1089\" data-end=\"1092\" \/><span dir=\"auto\">\u2022 Deflector de morro grande y cortina inferior<\/span><\/p>\n<p data-start=\"1135\" data-end=\"1378\"><strong data-start=\"1135\" data-end=\"1161\"><span dir=\"auto\">COMODIDAD Y AJUSTE INTERIOR<\/span><\/strong><br data-start=\"1161\" data-end=\"1164\" \/><span dir=\"auto\">\u2022 Forros antial\u00e9rgicos, extra\u00edbles y lavables<\/span><br data-start=\"1212\" data-end=\"1215\" \/><span dir=\"auto\">\u2022 N\u00facleo de EPS de multidensidad para una absorci\u00f3n de impactos personalizada<\/span><br data-start=\"1270\" data-end=\"1273\" \/><span dir=\"auto\">\u2022 Bolsillos internos para sistemas de intercomunicaci\u00f3n<\/span><br data-start=\"1316\" data-end=\"1319\" \/><span dir=\"auto\">\u2022 Cierre con hebilla microm\u00e9trica (liberaci\u00f3n r\u00e1pida) para un ajuste seguro<\/span><\/p>\n","protected":false},"excerpt":{"rendered":"<p>FENIX ORK B5 El Casco Axxis Fenix Ork B5 Mate\u00a0es la opci\u00f3n perfecta para quienes priorizan seguridad y dise\u00f1o en<\/p>\n","protected":false},"featured_media":93026,"comment_status":"open","ping_status":"closed","template":"","meta":{"nf_dc_page":""},"product_brand":[1197],"product_cat":[74,77],"product_tag":[1198],"class_list":{"0":"post-93025","1":"product","2":"type-product","3":"status-publish","4":"has-post-thumbnail","6":"product_brand-axxis","7":"product_cat-accesorios-fem","8":"product_cat-accesorios-masc","9":"product_tag-4364c181536","11":"first","12":"outofstock","13":"shipping-taxable","14":"purchasable","15":"product-type-simple"},"_links":{"self":[{"href":"https:\/\/brandss.com.py\/index\/wp-json\/wp\/v2\/product\/93025","targetHints":{"allow":["GET"]}}],"collection":[{"href":"https:\/\/brandss.com.py\/index\/wp-json\/wp\/v2\/product"}],"about":[{"href":"https:\/\/brandss.com.py\/index\/wp-json\/wp\/v2\/types\/product"}],"replies":[{"embeddable":true,"href":"https:\/\/brandss.com.py\/index\/wp-json\/wp\/v2\/comments?post=93025"}],"version-history":[{"count":2,"href":"https:\/\/brandss.com.py\/index\/wp-json\/wp\/v2\/product\/93025\/revisions"}],"predecessor-version":[{"id":93079,"href":"https:\/\/brandss.com.py\/index\/wp-json\/wp\/v2\/product\/93025\/revisions\/93079"}],"wp:featuredmedia":[{"embeddable":true,"href":"https:\/\/brandss.com.py\/index\/wp-json\/wp\/v2\/media\/93026"}],"wp:attachment":[{"href":"https:\/\/brandss.com.py\/index\/wp-json\/wp\/v2\/media?parent=93025"}],"wp:term":[{"taxonomy":"product_brand","embeddable":true,"href":"https:\/\/brandss.com.py\/index\/wp-json\/wp\/v2\/product_brand?post=93025"},{"taxonomy":"product_cat","embeddable":true,"href":"https:\/\/brandss.com.py\/index\/wp-json\/wp\/v2\/product_cat?post=93025"},{"taxonomy":"product_tag","embeddable":true,"href":"https:\/\/brandss.com.py\/index\/wp-json\/wp\/v2\/product_tag?post=93025"}],"curies":[{"name":"wp","href":"https:\/\/api.w.org\/{rel}","templated":true}]}}