{"id":93033,"date":"2025-10-31T13:45:26","date_gmt":"2025-10-31T13:45:26","guid":{"rendered":"https:\/\/brandss.com.py\/index\/?post_type=product&#038;p=93033"},"modified":"2026-04-27T19:12:15","modified_gmt":"2026-04-27T19:12:15","slug":"casco-unisex-axxis-fenix-ork-c2-gloss","status":"publish","type":"product","link":"https:\/\/brandss.com.py\/index\/producto\/casco-unisex-axxis-fenix-ork-c2-gloss\/","title":{"rendered":"CASCO UNISEX AXXIS FENIX ORK C2 GLOSS"},"content":{"rendered":"<p><img loading=\"lazy\" decoding=\"async\" class=\"\" src=\"https:\/\/www.motocentral.co.uk\/cdn\/shop\/files\/axxis_logo.png?v=1746111840&amp;width=225\" alt=\"Axxis Helmets - FREE UK Delivery | FREE 365 Day Returns\" width=\"95\" height=\"95\" \/><\/p>\n<h1>FENIX ORK C2<\/h1>\n<p>Axxis Fenix llega como uno de los lanzamientos m\u00e1s destacados de 2025. Dise\u00f1ado para dominar la ciudad, este casco integral combina una est\u00e9tica agresiva con tecnolog\u00eda avanzada y una comodidad sobresaliente. Disponible en una amplia variedad de gr\u00e1ficas y colores llamativos, ofrece una opci\u00f3n para cada tipo de motociclista, desde estilos m\u00e1s deportivos hasta dise\u00f1os urbanos con mucha personalidad.<\/p>\n<p>El Casco Axxis FF132 Fenix Ork C2\u00a0es la elecci\u00f3n ideal para quienes buscan combinar seguridad y estilo en cada viaje en motocicleta. Su calota monocasco, fabricada en policarbonato fundido, ofrece una resistencia superior y durabilidad garantizada.<\/p>\n<p>Este casco cuenta con\u00a0certificaciones ECE 22.06 y DOT FMVSS 218, que aseguran un nivel de protecci\u00f3n excepcional para el conductor. Su sistema de ventilaci\u00f3n incluye 6 canales ajustables, proporcionando un flujo de aire \u00f3ptimo que se adapta a distintas condiciones clim\u00e1ticas, aumentando la comodidad en la conducci\u00f3n.<\/p>\n<p>El interior hipoalerg\u00e9nico y lavable est\u00e1 dise\u00f1ado para cuidar la piel y evitar reacciones al\u00e9rgicas. Adem\u00e1s, posee preparaci\u00f3n para auriculares y un deflector de aliento extra\u00edble. La visera\u00a0espejadade 2,2 mm, preparada para Pinlock (se vende por separado), junto con un spoiler deportivo y cierres r\u00e1pidos, completan un dise\u00f1o funcional y aerodin\u00e1mico.<\/p>\n<p>&nbsp;<\/p>\n<h3>Seguridad<\/h3>\n<p>Calota de termopl\u00e1stico inyectado para una excelente absorci\u00f3n de impactos. Certificaci\u00f3n ECE 22.06 y DOT, cumpliendo con los est\u00e1ndares internacionales m\u00e1s exigentes. Cierre microm\u00e9trico de liberaci\u00f3n r\u00e1pida, seguro y f\u00e1cil de usar incluso con guantes.<\/p>\n<h3>Comodidad y funcionalidad<\/h3>\n<p>Interior desmontable y lavable, fabricado en tejido antial\u00e9rgico para mantener el casco siempre fresco. Sistema de ventilaci\u00f3n avanzado con dos entradas frontales, dos superiores y dos extractores traseros que garantizan una excelente circulaci\u00f3n del aire. Deflector nasal ampliado, que mejora el confort y reduce el empa\u00f1amiento. Compatible con sistemas de intercomunicaci\u00f3n para mantenerte conectado durante tus rutas.<\/p>\n<h3>Visi\u00f3n clara y protecci\u00f3n ocular<\/h3>\n<p>Pantalla de policarbonato \u00f3ptico con tratamiento antirrayas. Sistema Dymanix Tech de liberaci\u00f3n r\u00e1pida de la pantalla, sin herramientas. Apto Pinlock 100% Max Vision (NO incluido), que evita el empa\u00f1amiento y ofrece una visibilidad perfecta en cualquier condici\u00f3n.<\/p>\n","protected":false},"excerpt":{"rendered":"<p>FENIX ORK C2 Axxis Fenix llega como uno de los lanzamientos m\u00e1s destacados de 2025. Dise\u00f1ado para dominar la ciudad,<\/p>\n","protected":false},"featured_media":93034,"comment_status":"open","ping_status":"closed","template":"","meta":{"nf_dc_page":""},"product_brand":[1197],"product_cat":[74,77],"product_tag":[1199],"class_list":{"0":"post-93033","1":"product","2":"type-product","3":"status-publish","4":"has-post-thumbnail","6":"product_brand-axxis","7":"product_cat-accesorios-fem","8":"product_cat-accesorios-masc","9":"product_tag-4364c182214","11":"first","12":"outofstock","13":"shipping-taxable","14":"purchasable","15":"product-type-simple"},"_links":{"self":[{"href":"https:\/\/brandss.com.py\/index\/wp-json\/wp\/v2\/product\/93033","targetHints":{"allow":["GET"]}}],"collection":[{"href":"https:\/\/brandss.com.py\/index\/wp-json\/wp\/v2\/product"}],"about":[{"href":"https:\/\/brandss.com.py\/index\/wp-json\/wp\/v2\/types\/product"}],"replies":[{"embeddable":true,"href":"https:\/\/brandss.com.py\/index\/wp-json\/wp\/v2\/comments?post=93033"}],"version-history":[{"count":2,"href":"https:\/\/brandss.com.py\/index\/wp-json\/wp\/v2\/product\/93033\/revisions"}],"predecessor-version":[{"id":93080,"href":"https:\/\/brandss.com.py\/index\/wp-json\/wp\/v2\/product\/93033\/revisions\/93080"}],"wp:featuredmedia":[{"embeddable":true,"href":"https:\/\/brandss.com.py\/index\/wp-json\/wp\/v2\/media\/93034"}],"wp:attachment":[{"href":"https:\/\/brandss.com.py\/index\/wp-json\/wp\/v2\/media?parent=93033"}],"wp:term":[{"taxonomy":"product_brand","embeddable":true,"href":"https:\/\/brandss.com.py\/index\/wp-json\/wp\/v2\/product_brand?post=93033"},{"taxonomy":"product_cat","embeddable":true,"href":"https:\/\/brandss.com.py\/index\/wp-json\/wp\/v2\/product_cat?post=93033"},{"taxonomy":"product_tag","embeddable":true,"href":"https:\/\/brandss.com.py\/index\/wp-json\/wp\/v2\/product_tag?post=93033"}],"curies":[{"name":"wp","href":"https:\/\/api.w.org\/{rel}","templated":true}]}}