{"id":93049,"date":"2025-10-31T16:22:14","date_gmt":"2025-10-31T16:22:14","guid":{"rendered":"https:\/\/brandss.com.py\/index\/?post_type=product&#038;p=93049"},"modified":"2025-11-01T10:11:10","modified_gmt":"2025-11-01T10:11:10","slug":"casco-unisex-axxis-fenix-solid-a12-matt","status":"publish","type":"product","link":"https:\/\/brandss.com.py\/index\/producto\/casco-unisex-axxis-fenix-solid-a12-matt\/","title":{"rendered":"CASCO UNISEX AXXIS FENIX SOLID A12 MATT"},"content":{"rendered":"<p><img loading=\"lazy\" decoding=\"async\" class=\"\" src=\"https:\/\/www.motocentral.co.uk\/cdn\/shop\/files\/axxis_logo.png?v=1746111840&amp;width=225\" alt=\"Axxis Helmets - FREE UK Delivery | FREE 365 Day Returns\" width=\"79\" height=\"79\" \/><\/p>\n<h1>FENIX SOLID A12<\/h1>\n<p>Casco Axxis Fenix Solid A12 Titanio Mate. El Axxis Fenix llega a Ramirez Moto como uno de los lanzamientos m\u00e1s destacados de 2025. Dise\u00f1ado para dominar la ciudad, este casco integral combina una est\u00e9tica agresiva con tecnolog\u00eda avanzada y una comodidad sobresaliente. Disponible en una amplia variedad de gr\u00e1ficas y colores llamativos, el Fenix ofrece una opci\u00f3n para cada tipo de motorista, desde estilos m\u00e1s deportivos hasta dise\u00f1os urbanos con mucha personalidad.<\/p>\n<p data-start=\"97\" data-end=\"413\"><span dir=\"auto\">La Axxis Fenix \u200b\u200bes imprescindible para los motoristas que buscan seguridad en cada viaje, e incluye preinstalaci\u00f3n para un sistema de intercomunicaci\u00f3n Bluetooth y un sistema de ventilaci\u00f3n interna.<\/span><br data-start=\"272\" data-end=\"275\" \/><span dir=\"auto\">Sistema Dymanix Tech: para cambiar la pantalla r\u00e1pidamente y con mayor comodidad.<\/span><br data-start=\"346\" data-end=\"349\" \/><span dir=\"auto\">Ecol\u00f3gica: tomas de aire y aler\u00f3n extra\u00edbles y reemplazables.<\/span><\/p>\n<h4 data-start=\"415\" data-end=\"434\"><\/h4>\n<p data-start=\"436\" data-end=\"708\"><strong data-start=\"436\" data-end=\"454\"><span dir=\"auto\">Seguridad y carcasa<\/span><\/strong><\/p>\n<p data-start=\"436\" data-end=\"708\"><br data-start=\"454\" data-end=\"457\" \/><span dir=\"auto\">\u2022 Fabricado con carcasa de termopl\u00e1stico inyectado (HIRP) y certificado seg\u00fan las normas ECE 22.06 y DOT<\/span><br data-start=\"556\" data-end=\"559\" \/><span dir=\"auto\">\u2022 Disponible en dos tallas de carcasa (XS-S y M-XXL)<\/span><br data-start=\"602\" data-end=\"605\" \/><span dir=\"auto\">\u2022 Se adapta a tallas de cabeza desde XS hasta XXL y superiores<\/span><br data-start=\"659\" data-end=\"662\" \/><span dir=\"auto\">\u2022 Peso del casco: aprox. 1550 g \u00b1 50 g<\/span><\/p>\n<p data-start=\"710\" data-end=\"918\"><strong data-start=\"710\" data-end=\"726\"><span dir=\"auto\">Sistema de visor<\/span><\/strong><\/p>\n<p data-start=\"710\" data-end=\"918\"><br data-start=\"726\" data-end=\"729\" \/><span dir=\"auto\">\u2022 Visor de policarbonato \u00f3ptico de 2,2 mm, resistente a los ara\u00f1azos y a los rayos UV<\/span><br data-start=\"796\" data-end=\"799\" \/><span dir=\"auto\">\u2022 Sistema de visor de liberaci\u00f3n r\u00e1pida Dymanix Tech (cambio de visor sin herramientas)<\/span><br data-start=\"865\" data-end=\"868\" \/><span dir=\"auto\">\u2022 Compatible con la l\u00e1mina Pinlock 100% Max Vision<\/span><\/p>\n<p data-start=\"920\" data-end=\"1104\"><strong data-start=\"920\" data-end=\"950\"><span dir=\"auto\">Ventilaci\u00f3n y aerodin\u00e1mica<\/span><\/strong><\/p>\n<p data-start=\"920\" data-end=\"1104\"><br data-start=\"950\" data-end=\"953\" \/><span dir=\"auto\">\u2022 Dos entradas de aire superiores, dos salidas de aire frontales\/inferiores y dos salidas de aire traseras<\/span><br data-start=\"1025\" data-end=\"1028\" \/><span dir=\"auto\">\u2022 Aler\u00f3n aerodin\u00e1mico integrado<\/span><br data-start=\"1060\" data-end=\"1063\" \/><span dir=\"auto\">\u2022 Deflector de morro grande y cortina inferior<\/span><\/p>\n<p data-start=\"1106\" data-end=\"1349\"><strong data-start=\"1106\" data-end=\"1132\"><span dir=\"auto\">Comodidad y ajuste inferior\u00a0<\/span><\/strong><\/p>\n<p data-start=\"1106\" data-end=\"1349\"><br data-start=\"1132\" data-end=\"1135\" \/><span dir=\"auto\">\u2022 Forros antial\u00e9rgicos, extra\u00edbles y lavables<\/span><br data-start=\"1183\" data-end=\"1186\" \/><span dir=\"auto\">\u2022 N\u00facleo de EPS de multidensidad para una absorci\u00f3n de impactos personalizada<\/span><br data-start=\"1241\" data-end=\"1244\" \/><span dir=\"auto\">\u2022 Bolsillos internos para sistemas de intercomunicaci\u00f3n<\/span><br data-start=\"1287\" data-end=\"1290\" \/><span dir=\"auto\">\u2022 Cierre con hebilla microm\u00e9trica (liberaci\u00f3n r\u00e1pida) para un ajuste seguro<\/span><\/p>\n<p>&nbsp;<\/p>\n<h5>Dise\u00f1os con car\u00e1cter propio:<\/h5>\n<p>El AXXIS Fenix est\u00e1 disponible en varias gr\u00e1ficas impactantes y colores vibrantes como Azul, Rojo, Gris, entre otros. Cada dise\u00f1o est\u00e1 pensado para aportar personalidad al piloto y adaptarse a diferentes estilos, ya sea para quienes prefieren una est\u00e9tica deportiva o urbana.<\/p>\n<h3>Caracteristicas<\/h3>\n<p>Casco integral Axxis Fenix realizado en Policarbonato ligero de alta absorci\u00f3n contra impactos.<\/p>\n<p>Nueva pantalla MTV-31B que ofrece un amplio campo de vivi\u00f3n, con tratamiento antirrayas, preparada para montar Pinlock antivaho (no incluido de serie).<\/p>\n<p>Interior de alta absorci\u00f3n contra impactos con relleno multidensidad en tejido desmontable y lavable, suave y transpirable.<\/p>\n<p>Ventilaci\u00f3n con entradas y salidas de aire, canales internos para una perfecta ventilaci\u00f3n.<\/p>\n<p>Cierre seguridad Microm\u00e9trico.<\/p>\n<p>De serie Bolsa portacasco.<\/p>\n<p>Peso Aproximado 1.450grs +-50gr.<\/p>\n<p>Homologaci\u00f3n DOT y ECE R22.06<\/p>\n<p>*De serie se suministra con pantalla exterior transparente.<\/p>\n","protected":false},"excerpt":{"rendered":"<p>FENIX SOLID A12 Casco Axxis Fenix Solid A12 Titanio Mate. El Axxis Fenix llega a Ramirez Moto como uno de<\/p>\n","protected":false},"featured_media":93050,"comment_status":"open","ping_status":"closed","template":"","meta":{"nf_dc_page":""},"product_brand":[1197],"product_cat":[74,77],"product_tag":[1201],"class_list":{"0":"post-93049","1":"product","2":"type-product","3":"status-publish","4":"has-post-thumbnail","6":"product_brand-axxis","7":"product_cat-accesorios-fem","8":"product_cat-accesorios-masc","9":"product_tag-1201","11":"first","12":"instock","13":"shipping-taxable","14":"purchasable","15":"product-type-simple"},"_links":{"self":[{"href":"https:\/\/brandss.com.py\/index\/wp-json\/wp\/v2\/product\/93049","targetHints":{"allow":["GET"]}}],"collection":[{"href":"https:\/\/brandss.com.py\/index\/wp-json\/wp\/v2\/product"}],"about":[{"href":"https:\/\/brandss.com.py\/index\/wp-json\/wp\/v2\/types\/product"}],"replies":[{"embeddable":true,"href":"https:\/\/brandss.com.py\/index\/wp-json\/wp\/v2\/comments?post=93049"}],"version-history":[{"count":2,"href":"https:\/\/brandss.com.py\/index\/wp-json\/wp\/v2\/product\/93049\/revisions"}],"predecessor-version":[{"id":93082,"href":"https:\/\/brandss.com.py\/index\/wp-json\/wp\/v2\/product\/93049\/revisions\/93082"}],"wp:featuredmedia":[{"embeddable":true,"href":"https:\/\/brandss.com.py\/index\/wp-json\/wp\/v2\/media\/93050"}],"wp:attachment":[{"href":"https:\/\/brandss.com.py\/index\/wp-json\/wp\/v2\/media?parent=93049"}],"wp:term":[{"taxonomy":"product_brand","embeddable":true,"href":"https:\/\/brandss.com.py\/index\/wp-json\/wp\/v2\/product_brand?post=93049"},{"taxonomy":"product_cat","embeddable":true,"href":"https:\/\/brandss.com.py\/index\/wp-json\/wp\/v2\/product_cat?post=93049"},{"taxonomy":"product_tag","embeddable":true,"href":"https:\/\/brandss.com.py\/index\/wp-json\/wp\/v2\/product_tag?post=93049"}],"curies":[{"name":"wp","href":"https:\/\/api.w.org\/{rel}","templated":true}]}}