{"id":93057,"date":"2025-10-31T17:40:40","date_gmt":"2025-10-31T17:40:40","guid":{"rendered":"https:\/\/brandss.com.py\/index\/?post_type=product&#038;p=93057"},"modified":"2026-03-05T19:01:40","modified_gmt":"2026-03-05T19:01:40","slug":"casco-unisex-axxis-storm-s-sv-solid-a2-matt","status":"publish","type":"product","link":"https:\/\/brandss.com.py\/index\/producto\/casco-unisex-axxis-storm-s-sv-solid-a2-matt\/","title":{"rendered":"CASCO UNISEX AXXIS STORM S SV SOLID A2 MATT"},"content":{"rendered":"<p><img loading=\"lazy\" decoding=\"async\" class=\"\" src=\"https:\/\/http2.mlstatic.com\/D_NQ_NP_850110-MLA74983346891_032024-O.webp\" alt=\"AXXIS HELMETS | Tienda Oficial\" width=\"115\" height=\"84\" \/><\/p>\n<h1>STORM S SV SOLID A2<\/h1>\n<p class=\"mg-bottom-24px title\"><span dir=\"auto\">El AXXIS Storm SV es nuestro casco modular m\u00e1s avanzado. Dise\u00f1ado meticulosamente hasta el \u00faltimo detalle, combina l\u00edneas deportivas con multifuncionalidad. Incorpora visor solar y cumple con la homologaci\u00f3n ECE 22.06. El casco modular Axxis Storm SV S representa una combinaci\u00f3n pr\u00e1ctica de funcionalidad y dise\u00f1o. Confeccionado con atenci\u00f3n a los detalles, el casco ha sido pensado para adaptarse a diferentes escenarios de conducci\u00f3n, ofreciendo comodidad sin comprometer la seguridad.<\/span><\/p>\n<h5><span dir=\"auto\">Visera<\/span><\/h5>\n<p><span dir=\"auto\">La pantalla del Storm SV est\u00e1 fabricada con material antirrayas de policarbonato \u00f3ptico e incorpora una visera parasol interna. Su innovador mecanismo de liberaci\u00f3n r\u00e1pida permite la doble homologaci\u00f3n PJ.<\/span><\/p>\n<ul role=\"list\">\n<li><span dir=\"auto\">Sistema de bloqueo por pasador: Sistema Max Vision<\/span><\/li>\n<li><span dir=\"auto\">Mecanismo abatible: Sistema de bloqueo de dos etapas<\/span><\/li>\n<\/ul>\n<h5><span dir=\"auto\">Seguridad<\/span><\/h5>\n<ul>\n<li><span dir=\"auto\">Hebilla microm\u00e9trica de liberaci\u00f3n r\u00e1pida<\/span><\/li>\n<li><span dir=\"auto\">poliestireno interior de densidad m\u00faltiple<\/span><\/li>\n<li><span dir=\"auto\">Incluye un deflector nasal grande.<\/span><\/li>\n<li><span dir=\"auto\">Incluye cortina para la barbilla<\/span><\/li>\n<\/ul>\n<h5><span dir=\"auto\">Ventilaci\u00f3n<\/span><\/h5>\n<p><span dir=\"auto\">M\u00faltiples salidas y extracciones de aire con entradas de aire superiores y frontales y salidas traseras para garantizar una excelente ventilaci\u00f3n interna del Storm SV.<\/span><\/p>\n<ul role=\"list\">\n<li><span dir=\"auto\">Entradas de aire: Ventilaci\u00f3n interior con una entrada de aire superior y dos frontales.<\/span><\/li>\n<li><span dir=\"auto\">Extracci\u00f3n de aire: Dos salidas traseras para la evacuaci\u00f3n del aire interior.<\/span><\/li>\n<\/ul>\n<h5><span dir=\"auto\">Interior<\/span><\/h5>\n<p><span dir=\"auto\">El conjunto completo de acolchado interior no solo est\u00e1 fabricado con tejidos antial\u00e9rgicos extra\u00edbles y lavables, sino que tambi\u00e9n est\u00e1 dise\u00f1ado para mejorar la ventilaci\u00f3n interior, evitando la humedad a altas temperaturas.<\/span><\/p>\n<ul role=\"list\">\n<li><span dir=\"auto\">Preparado para la integraci\u00f3n de sistemas de comunicaci\u00f3n<\/span><\/li>\n<\/ul>\n<h5><strong data-start=\"1117\" data-end=\"1140\"><span dir=\"auto\">Caracter\u00edsticas adicionales<\/span><\/strong><\/h5>\n<p><br data-start=\"1140\" data-end=\"1143\" \/><span dir=\"auto\">\u2022 Deflector nasal incluido de serie<\/span><br data-start=\"1180\" data-end=\"1183\" \/><span dir=\"auto\">\u2022 Cortina de barbilla incluida de serie<\/span><\/p>\n<h5>Especificaciones t\u00e9cnicas<\/h5>\n<p>Nombre del producto: Axxis Storm SV &#8211; A2 Titanio mate<br \/>\nMarca: Axxis<br \/>\nTipo de producto: Cascos<br \/>\nEstilo de casco: Abatible \/ Modular<br \/>\nModelo de casco: Storm SV<br \/>\nComposici\u00f3n del casco: Policarbonato<br \/>\nCaracter\u00edsticas del casco: Visera solar interna, cierre microm\u00e9trico, compatible con Pinlock, interior desmontable<br \/>\nColor: Gris oscuro<br \/>\nAcabado del casco: Mate<\/p>\n","protected":false},"excerpt":{"rendered":"<p>STORM S SV SOLID A2 El AXXIS Storm SV es nuestro casco modular m\u00e1s avanzado. Dise\u00f1ado meticulosamente hasta el \u00faltimo<\/p>\n","protected":false},"featured_media":93058,"comment_status":"open","ping_status":"closed","template":"","meta":{"nf_dc_page":""},"product_brand":[1197],"product_cat":[74,77],"product_tag":[1202],"class_list":{"0":"post-93057","1":"product","2":"type-product","3":"status-publish","4":"has-post-thumbnail","6":"product_brand-axxis","7":"product_cat-accesorios-fem","8":"product_cat-accesorios-masc","9":"product_tag-1202","11":"first","12":"outofstock","13":"shipping-taxable","14":"purchasable","15":"product-type-simple"},"_links":{"self":[{"href":"https:\/\/brandss.com.py\/index\/wp-json\/wp\/v2\/product\/93057","targetHints":{"allow":["GET"]}}],"collection":[{"href":"https:\/\/brandss.com.py\/index\/wp-json\/wp\/v2\/product"}],"about":[{"href":"https:\/\/brandss.com.py\/index\/wp-json\/wp\/v2\/types\/product"}],"replies":[{"embeddable":true,"href":"https:\/\/brandss.com.py\/index\/wp-json\/wp\/v2\/comments?post=93057"}],"version-history":[{"count":1,"href":"https:\/\/brandss.com.py\/index\/wp-json\/wp\/v2\/product\/93057\/revisions"}],"predecessor-version":[{"id":93065,"href":"https:\/\/brandss.com.py\/index\/wp-json\/wp\/v2\/product\/93057\/revisions\/93065"}],"wp:featuredmedia":[{"embeddable":true,"href":"https:\/\/brandss.com.py\/index\/wp-json\/wp\/v2\/media\/93058"}],"wp:attachment":[{"href":"https:\/\/brandss.com.py\/index\/wp-json\/wp\/v2\/media?parent=93057"}],"wp:term":[{"taxonomy":"product_brand","embeddable":true,"href":"https:\/\/brandss.com.py\/index\/wp-json\/wp\/v2\/product_brand?post=93057"},{"taxonomy":"product_cat","embeddable":true,"href":"https:\/\/brandss.com.py\/index\/wp-json\/wp\/v2\/product_cat?post=93057"},{"taxonomy":"product_tag","embeddable":true,"href":"https:\/\/brandss.com.py\/index\/wp-json\/wp\/v2\/product_tag?post=93057"}],"curies":[{"name":"wp","href":"https:\/\/api.w.org\/{rel}","templated":true}]}}