{"id":93066,"date":"2025-10-31T18:48:06","date_gmt":"2025-10-31T18:48:06","guid":{"rendered":"https:\/\/brandss.com.py\/index\/?post_type=product&#038;p=93066"},"modified":"2026-03-05T19:01:57","modified_gmt":"2026-03-05T19:01:57","slug":"casco-unisex-axxis-storm-s-sv-solid-a1-matt","status":"publish","type":"product","link":"https:\/\/brandss.com.py\/index\/producto\/casco-unisex-axxis-storm-s-sv-solid-a1-matt\/","title":{"rendered":"CASCO UNISEX AXXIS STORM S SV SOLID A1 MATT"},"content":{"rendered":"<p><img loading=\"lazy\" decoding=\"async\" class=\"\" src=\"https:\/\/http2.mlstatic.com\/D_NQ_NP_850110-MLA74983346891_032024-O.webp\" alt=\"AXXIS HELMETS | Tienda Oficial\" width=\"127\" height=\"93\" \/><\/p>\n<h1>STORM S SV SOLID A1<\/h1>\n<p data-start=\"46\" data-end=\"291\"><span dir=\"auto\">Es un casco abatible avanzado que combina un dise\u00f1o deportivo con caracter\u00edsticas pr\u00e1cticas para una conducci\u00f3n vers\u00e1til en moto. El casco est\u00e1 homologado seg\u00fan la normativa ECE 22.06 e incorpora visor solar integrado y mecanismo abatible con homologaci\u00f3n PJ.<\/span><\/p>\n<p data-start=\"293\" data-end=\"577\"><span dir=\"auto\">La calota est\u00e1 fabricada en termopl\u00e1stico moldeado por inyecci\u00f3n y est\u00e1 disponible en dos tallas para un ajuste \u00f3ptimo. El casco cuenta con una ventilaci\u00f3n eficaz gracias a sus m\u00faltiples entradas y salidas de aire, as\u00ed como con un forro interior extra\u00edble, lavable e hipoalerg\u00e9nico. La visera exterior tiene tratamiento antirrayas y est\u00e1 preparada para la l\u00e1mina Pinlock Max Vision.<\/span><\/p>\n<p data-start=\"293\" data-end=\"577\">El casco modular Storm SV S representa una combinaci\u00f3n pr\u00e1ctica de funcionalidad y dise\u00f1o. Confeccionado con atenci\u00f3n a los detalles, el casco ha sido pensado para adaptarse a diferentes escenarios de conducci\u00f3n, ofreciendo comodidad sin comprometer la seguridad.<\/p>\n<p data-start=\"94\" data-end=\"470\"><span dir=\"auto\">El AXXIS Storm S SV es el casco modular m\u00e1s avanzado de la gama Axxis. Dise\u00f1ado meticulosamente hasta el \u00faltimo detalle, combina l\u00edneas deportivas con multifuncionalidad. La versatilidad de este casco dos en uno, junto con su forma aerodin\u00e1mica, visor solar interno y homologaci\u00f3n ECE 22.06, convierten al Storm S SV en el compa\u00f1ero perfecto para explorar sobre dos ruedas.<\/span><\/p>\n<p data-start=\"490\" data-end=\"734\"><strong data-start=\"490\" data-end=\"499\"><span dir=\"auto\">Visor<\/span><\/strong><br data-start=\"499\" data-end=\"502\" \/><span dir=\"auto\">\u2022 Visor \u00f3ptico de policarbonato antirrayas<\/span><br data-start=\"544\" data-end=\"547\" \/><span dir=\"auto\">\u2022 Visor solar interno incluido<\/span><br data-start=\"575\" data-end=\"578\" \/><span dir=\"auto\">\u2022 Innovador mecanismo de liberaci\u00f3n r\u00e1pida para doble homologaci\u00f3n PJ<\/span><br data-start=\"641\" data-end=\"644\" \/><span dir=\"auto\">\u2022 Compatible con el sistema Max Vision Pinlock<\/span><br data-start=\"687\" data-end=\"690\" \/><span dir=\"auto\">\u2022 Mecanismo abatible con bloqueo de dos etapas<\/span><\/p>\n<p data-start=\"736\" data-end=\"915\"><strong data-start=\"736\" data-end=\"751\"><span dir=\"auto\">Ventilaci\u00f3n<\/span><\/strong><br data-start=\"751\" data-end=\"754\" \/><span dir=\"auto\">\u2022 Entradas de aire superiores y frontales para un flujo de aire \u00f3ptimo<\/span><br data-start=\"800\" data-end=\"803\" \/><span dir=\"auto\">\u2022 Dos salidas de aire traseras para una extracci\u00f3n de aire eficiente<\/span><br data-start=\"856\" data-end=\"859\" \/><span dir=\"auto\">\u2022 Canales de flujo de aire internos para una circulaci\u00f3n constante<\/span><\/p>\n<p data-start=\"917\" data-end=\"1116\"><strong data-start=\"917\" data-end=\"929\"><span dir=\"auto\">Interior<\/span><\/strong><br data-start=\"929\" data-end=\"932\" \/><span dir=\"auto\">\u2022 Acolchado interior antial\u00e9rgico, totalmente desmontable y lavable<\/span><br data-start=\"996\" data-end=\"999\" \/><span dir=\"auto\">\u2022 Dise\u00f1ado para mejorar la ventilaci\u00f3n y reducir la humedad en climas c\u00e1lidos<\/span><br data-start=\"1070\" data-end=\"1073\" \/><span dir=\"auto\">\u2022 Preparado para sistemas de comunicaci\u00f3n<\/span><\/p>\n<p data-start=\"1118\" data-end=\"1221\"><strong data-start=\"1118\" data-end=\"1141\"><span dir=\"auto\">Caracter\u00edsticas Adicionales<\/span><\/strong><br data-start=\"1141\" data-end=\"1144\" \/><span dir=\"auto\">\u2022 Deflector nasal incluido de serie<\/span><br data-start=\"1181\" data-end=\"1184\" \/><span dir=\"auto\">\u2022 Cortina de barbilla incluida de serie<\/span><\/p>\n<h5 data-start=\"1118\" data-end=\"1221\">Detalles<\/h5>\n<ul>\n<li><span dir=\"auto\">Casco abatible homologado ECE 22.06 para uso en motocicleta.<\/span><\/li>\n<li><span dir=\"auto\">Mecanismo abatible con cierre de dos etapas y homologaci\u00f3n PJ.<\/span><\/li>\n<li><span dir=\"auto\">Visera solar y visor \u00f3ptico de policarbonato de 2,2 mm.<\/span><\/li>\n<li><span dir=\"auto\">Ventilaci\u00f3n con entrada de aire frontal y salida de aire trasera.<\/span><\/li>\n<li><span dir=\"auto\">C\u00f3modo, antial\u00e9rgico y lavable por dentro.<\/span><\/li>\n<li><span dir=\"auto\">Hebilla microm\u00e9trica con liberaci\u00f3n r\u00e1pida.<\/span><\/li>\n<li><span dir=\"auto\">Preparado para intercomunicador.<\/span><\/li>\n<li><span dir=\"auto\">Incluye mentonera y cubre nariz.<\/span><\/li>\n<\/ul>\n","protected":false},"excerpt":{"rendered":"<p>STORM S SV SOLID A1 Es un casco abatible avanzado que combina un dise\u00f1o deportivo con caracter\u00edsticas pr\u00e1cticas para una<\/p>\n","protected":false},"featured_media":93067,"comment_status":"open","ping_status":"closed","template":"","meta":{"nf_dc_page":""},"product_brand":[1197],"product_cat":[74,77],"product_tag":[1203],"class_list":{"0":"post-93066","1":"product","2":"type-product","3":"status-publish","4":"has-post-thumbnail","6":"product_brand-axxis","7":"product_cat-accesorios-fem","8":"product_cat-accesorios-masc","9":"product_tag-1203","11":"first","12":"outofstock","13":"shipping-taxable","14":"purchasable","15":"product-type-simple"},"_links":{"self":[{"href":"https:\/\/brandss.com.py\/index\/wp-json\/wp\/v2\/product\/93066","targetHints":{"allow":["GET"]}}],"collection":[{"href":"https:\/\/brandss.com.py\/index\/wp-json\/wp\/v2\/product"}],"about":[{"href":"https:\/\/brandss.com.py\/index\/wp-json\/wp\/v2\/types\/product"}],"replies":[{"embeddable":true,"href":"https:\/\/brandss.com.py\/index\/wp-json\/wp\/v2\/comments?post=93066"}],"version-history":[{"count":1,"href":"https:\/\/brandss.com.py\/index\/wp-json\/wp\/v2\/product\/93066\/revisions"}],"predecessor-version":[{"id":93072,"href":"https:\/\/brandss.com.py\/index\/wp-json\/wp\/v2\/product\/93066\/revisions\/93072"}],"wp:featuredmedia":[{"embeddable":true,"href":"https:\/\/brandss.com.py\/index\/wp-json\/wp\/v2\/media\/93067"}],"wp:attachment":[{"href":"https:\/\/brandss.com.py\/index\/wp-json\/wp\/v2\/media?parent=93066"}],"wp:term":[{"taxonomy":"product_brand","embeddable":true,"href":"https:\/\/brandss.com.py\/index\/wp-json\/wp\/v2\/product_brand?post=93066"},{"taxonomy":"product_cat","embeddable":true,"href":"https:\/\/brandss.com.py\/index\/wp-json\/wp\/v2\/product_cat?post=93066"},{"taxonomy":"product_tag","embeddable":true,"href":"https:\/\/brandss.com.py\/index\/wp-json\/wp\/v2\/product_tag?post=93066"}],"curies":[{"name":"wp","href":"https:\/\/api.w.org\/{rel}","templated":true}]}}