{"id":93073,"date":"2025-10-31T19:06:48","date_gmt":"2025-10-31T19:06:48","guid":{"rendered":"https:\/\/brandss.com.py\/index\/?post_type=product&#038;p=93073"},"modified":"2026-03-05T19:02:08","modified_gmt":"2026-03-05T19:02:08","slug":"casco-unisex-axxis-panther-sv-passenger-a7-matt","status":"publish","type":"product","link":"https:\/\/brandss.com.py\/index\/producto\/casco-unisex-axxis-panther-sv-passenger-a7-matt\/","title":{"rendered":"CASCO UNISEX AXXIS PANTHER SV PASSENGER A7 MATT"},"content":{"rendered":"<p><img loading=\"lazy\" decoding=\"async\" class=\"\" src=\"https:\/\/http2.mlstatic.com\/D_NQ_NP_850110-MLA74983346891_032024-O.webp\" alt=\"AXXIS HELMETS | Tienda Oficial\" width=\"141\" height=\"103\" \/><\/p>\n<h1>PANTHER SV PASSENGER A7<\/h1>\n<p data-start=\"113\" data-end=\"364\"><span dir=\"auto\">El Panther SV de Axxis es un casco integral que ha sido concebido para desafiar los est\u00e1ndares del mercado con un producto innovador que ofrece los m\u00e1s altos est\u00e1ndares de seguridad, superando la homologaci\u00f3n 22.06, al tiempo que proporciona una gran personalidad.<\/span><\/p>\n<h4 data-start=\"366\" data-end=\"385\"><span dir=\"auto\">Caracter\u00edsticas clave<\/span><\/h4>\n<p data-start=\"387\" data-end=\"525\"><strong data-start=\"387\" data-end=\"396\"><span dir=\"auto\">Carcasa<\/span><\/strong><br data-start=\"396\" data-end=\"399\" \/><span dir=\"auto\">\u2022 Construcci\u00f3n termopl\u00e1stica inyectada<\/span><br data-start=\"436\" data-end=\"439\" \/><span dir=\"auto\">\u2022 Material de seguridad de alto rendimiento tambi\u00e9n utilizado en cascos de astronautas y blindaje antibalas<\/span><\/p>\n<p data-start=\"527\" data-end=\"653\"><strong data-start=\"527\" data-end=\"536\"><span dir=\"auto\">Visor<\/span><\/strong><br data-start=\"536\" data-end=\"539\" \/><span dir=\"auto\">\u2022 Visor de policarbonato \u00f3ptico de 2,2 mm de espesor<\/span><br data-start=\"581\" data-end=\"584\" \/><span dir=\"auto\">\u2022 Revestimiento antirrayas para una claridad \u00f3ptica \u00f3ptima<\/span><br data-start=\"626\" data-end=\"629\" \/><span dir=\"auto\">\u2022 Preparado para Pinlock (DKS429)<\/span><\/p>\n<p data-start=\"655\" data-end=\"744\"><strong data-start=\"655\" data-end=\"670\"><span dir=\"auto\">Ventalaci\u00f3n<\/span><\/strong><br data-start=\"670\" data-end=\"673\" \/><span dir=\"auto\">\u2022 Entradas de aire frontales y superiores<\/span><br data-start=\"699\" data-end=\"702\" \/><span dir=\"auto\">\u2022 Salidas de aire traseras para un flujo de aire eficaz<\/span><\/p>\n<p data-start=\"746\" data-end=\"865\"><strong data-start=\"746\" data-end=\"758\"><span dir=\"auto\">Interior<\/span><\/strong><br data-start=\"758\" data-end=\"761\" \/><span dir=\"auto\">\u2022 Forro antial\u00e9rgico extra\u00edble y lavable<\/span><br data-start=\"806\" data-end=\"809\" \/><span dir=\"auto\">\u2022 Bolsillos integrados para las orejas para sistema de comunicaci\u00f3n (no incluido)<\/span><\/p>\n<p data-start=\"867\" data-end=\"1024\"><strong data-start=\"867\" data-end=\"888\"><span dir=\"auto\">Seguridad<\/span><\/strong><br data-start=\"888\" data-end=\"891\" \/><span dir=\"auto\">\u2022 Hebilla microm\u00e9trica de liberaci\u00f3n r\u00e1pida<\/span><br data-start=\"925\" data-end=\"928\" \/><span dir=\"auto\">\u2022 Interior de poliestireno de densidad m\u00faltiple<\/span><br data-start=\"964\" data-end=\"967\" \/><span dir=\"auto\">\u2022 Incluye deflector nasal grande<\/span><br data-start=\"998\" data-end=\"1001\" \/><span dir=\"auto\">\u2022 Incluye mentonera<\/span><\/p>\n<p data-start=\"867\" data-end=\"1024\">\n","protected":false},"excerpt":{"rendered":"<p>PANTHER SV PASSENGER A7 El Panther SV de Axxis es un casco integral que ha sido concebido para desafiar los<\/p>\n","protected":false},"featured_media":93074,"comment_status":"open","ping_status":"closed","template":"","meta":{"nf_dc_page":""},"product_brand":[1197],"product_cat":[74,77],"product_tag":[1204],"class_list":{"0":"post-93073","1":"product","2":"type-product","3":"status-publish","4":"has-post-thumbnail","6":"product_brand-axxis","7":"product_cat-accesorios-fem","8":"product_cat-accesorios-masc","9":"product_tag-4357c21073","11":"first","12":"outofstock","13":"shipping-taxable","14":"purchasable","15":"product-type-simple"},"_links":{"self":[{"href":"https:\/\/brandss.com.py\/index\/wp-json\/wp\/v2\/product\/93073","targetHints":{"allow":["GET"]}}],"collection":[{"href":"https:\/\/brandss.com.py\/index\/wp-json\/wp\/v2\/product"}],"about":[{"href":"https:\/\/brandss.com.py\/index\/wp-json\/wp\/v2\/types\/product"}],"replies":[{"embeddable":true,"href":"https:\/\/brandss.com.py\/index\/wp-json\/wp\/v2\/comments?post=93073"}],"version-history":[{"count":1,"href":"https:\/\/brandss.com.py\/index\/wp-json\/wp\/v2\/product\/93073\/revisions"}],"predecessor-version":[{"id":93078,"href":"https:\/\/brandss.com.py\/index\/wp-json\/wp\/v2\/product\/93073\/revisions\/93078"}],"wp:featuredmedia":[{"embeddable":true,"href":"https:\/\/brandss.com.py\/index\/wp-json\/wp\/v2\/media\/93074"}],"wp:attachment":[{"href":"https:\/\/brandss.com.py\/index\/wp-json\/wp\/v2\/media?parent=93073"}],"wp:term":[{"taxonomy":"product_brand","embeddable":true,"href":"https:\/\/brandss.com.py\/index\/wp-json\/wp\/v2\/product_brand?post=93073"},{"taxonomy":"product_cat","embeddable":true,"href":"https:\/\/brandss.com.py\/index\/wp-json\/wp\/v2\/product_cat?post=93073"},{"taxonomy":"product_tag","embeddable":true,"href":"https:\/\/brandss.com.py\/index\/wp-json\/wp\/v2\/product_tag?post=93073"}],"curies":[{"name":"wp","href":"https:\/\/api.w.org\/{rel}","templated":true}]}}