{"id":93124,"date":"2025-11-01T17:27:12","date_gmt":"2025-11-01T17:27:12","guid":{"rendered":"https:\/\/brandss.com.py\/index\/?post_type=product&#038;p=93124"},"modified":"2026-03-14T16:39:10","modified_gmt":"2026-03-14T16:39:10","slug":"smart-tv-smartfy-stv43b-43%e2%80%b3-fhd-wifi-hdmi-usb-android","status":"publish","type":"product","link":"https:\/\/brandss.com.py\/index\/producto\/smart-tv-smartfy-stv43b-43%e2%80%b3-fhd-wifi-hdmi-usb-android\/","title":{"rendered":"SMART TV SMARTFY STV43B 43\u2033 FHD\/WIFI\/HDMI\/USB\/ANDROID"},"content":{"rendered":"<p><img loading=\"lazy\" decoding=\"async\" class=\"\" src=\"https:\/\/smartfybrasil.com.br\/assets\/sm-com-TZeQkCLv.png\" alt=\"Smartfy\" width=\"81\" height=\"58\" \/><\/p>\n<h1>STV43B 43\u2033<\/h1>\n<p>Disfruta de tu contenido favorito con una experiencia visual envolvente y acceso r\u00e1pido a tus plataformas preferidas. Este modelo ofrece una experiencia de entretenimiento completa con un dise\u00f1o que se adapta f\u00e1cilmente a cualquier espacio. El televisor Smart TV STV43B de 43&#8243; ofrece una experiencia visual envolvente con resoluci\u00f3n 4K Ultra HD de 3840 x 2160. Equipado con sistema operativo Android TV, brinda acceso a tus aplicaciones y plataformas favoritas con total facilidad. Sus altavoces integrados garantizan un sonido claro y potente, ideal para disfrutar pel\u00edculas, series y juegos con excelente calidad.<\/p>\n<h3>Caracter\u00edsticas<\/h3>\n<p>Marca: Smartfy<br \/>\nModelo: STV43B<br \/>\ncolor del borde: Negro<br \/>\nResoluci\u00f3n de pantalla (p\u00edxeles): 1920 x 1080 p\u00edxeles &#8211; Full HD<br \/>\nTama\u00f1o de pantalla: 43 pulgadas<br \/>\nInterfaz: 2 USB &#8211; 2 HDMI &#8211; 3 AV &#8211; RF &#8211; Coaxial &#8211; Ethernet RJ45 &#8211; AUX 3,5 mm<br \/>\nConectividad: Wi-Fi<br \/>\nSistema operativo: Android 14<br \/>\nLouvoces: Integrado<br \/>\nFunci\u00f3n de Smart TV: Integrado<br \/>\nTelevisi\u00f3n digital: ISDB-T<br \/>\nConsumo: 75 W<br \/>\nVoltaje: 110-240 V &#8211; 50\/60 Hz<br \/>\nDimensiones: 59 x 99,05 x 8,05 cm<br \/>\nPeso: 7,1 kg<\/p>\n","protected":false},"excerpt":{"rendered":"<p>STV43B 43\u2033 Disfruta de tu contenido favorito con una experiencia visual envolvente y acceso r\u00e1pido a tus plataformas preferidas. Este<\/p>\n","protected":false},"featured_media":93125,"comment_status":"open","ping_status":"closed","template":"","meta":{"nf_dc_page":""},"product_brand":[1209],"product_cat":[89],"product_tag":[1211],"class_list":{"0":"post-93124","1":"product","2":"type-product","3":"status-publish","4":"has-post-thumbnail","6":"product_brand-smartfy","7":"product_cat-electronicos","8":"product_tag-1211","10":"first","11":"instock","12":"shipping-taxable","13":"purchasable","14":"product-type-simple"},"_links":{"self":[{"href":"https:\/\/brandss.com.py\/index\/wp-json\/wp\/v2\/product\/93124","targetHints":{"allow":["GET"]}}],"collection":[{"href":"https:\/\/brandss.com.py\/index\/wp-json\/wp\/v2\/product"}],"about":[{"href":"https:\/\/brandss.com.py\/index\/wp-json\/wp\/v2\/types\/product"}],"replies":[{"embeddable":true,"href":"https:\/\/brandss.com.py\/index\/wp-json\/wp\/v2\/comments?post=93124"}],"version-history":[{"count":1,"href":"https:\/\/brandss.com.py\/index\/wp-json\/wp\/v2\/product\/93124\/revisions"}],"predecessor-version":[{"id":93130,"href":"https:\/\/brandss.com.py\/index\/wp-json\/wp\/v2\/product\/93124\/revisions\/93130"}],"wp:featuredmedia":[{"embeddable":true,"href":"https:\/\/brandss.com.py\/index\/wp-json\/wp\/v2\/media\/93125"}],"wp:attachment":[{"href":"https:\/\/brandss.com.py\/index\/wp-json\/wp\/v2\/media?parent=93124"}],"wp:term":[{"taxonomy":"product_brand","embeddable":true,"href":"https:\/\/brandss.com.py\/index\/wp-json\/wp\/v2\/product_brand?post=93124"},{"taxonomy":"product_cat","embeddable":true,"href":"https:\/\/brandss.com.py\/index\/wp-json\/wp\/v2\/product_cat?post=93124"},{"taxonomy":"product_tag","embeddable":true,"href":"https:\/\/brandss.com.py\/index\/wp-json\/wp\/v2\/product_tag?post=93124"}],"curies":[{"name":"wp","href":"https:\/\/api.w.org\/{rel}","templated":true}]}}