{"id":93149,"date":"2025-11-03T11:16:03","date_gmt":"2025-11-03T11:16:03","guid":{"rendered":"https:\/\/brandss.com.py\/index\/?post_type=product&#038;p=93149"},"modified":"2025-11-03T11:17:00","modified_gmt":"2025-11-03T11:17:00","slug":"freidora-de-aire-smartfy-af01w-con-visor-900w-3-6l-220v-white","status":"publish","type":"product","link":"https:\/\/brandss.com.py\/index\/producto\/freidora-de-aire-smartfy-af01w-con-visor-900w-3-6l-220v-white\/","title":{"rendered":"FREIDORA DE AIRE SMARTFY AF01W CON VISOR 900W 3.6L 220V WHITE"},"content":{"rendered":"<p><img loading=\"lazy\" decoding=\"async\" class=\"\" src=\"https:\/\/smartfybrasil.com.br\/assets\/sm-com-TZeQkCLv.png\" alt=\"Smartfy\" width=\"80\" height=\"57\" \/><\/p>\n<h1>AF01W<\/h1>\n<p>La Freidora de Aire Smartfy 3.5 L Blanca T\u00e1ctil es la soluci\u00f3n ideal para quienes buscan una forma m\u00e1s saludable de disfrutar de sus comidas favoritas. Con su capacidad de 3,6 litros, permite preparar porciones generosas para toda la familia, mientras que su potencia de 1400 W asegura un calentamiento r\u00e1pido y eficiente.<\/p>\n<p>Su pantalla t\u00e1ctil digital facilita la selecci\u00f3n de temperaturas que van desde los 60 \u00b0C hasta los 200 \u00b0C, brindando versatilidad para cocinar una amplia variedad de platillos. Adem\u00e1s, cuenta con una superficie antiadherente que simplifica la limpieza y una ventana transparente que permite monitorear el proceso de cocci\u00f3n sin necesidad de abrir la freidora.<\/p>\n<p>Compacta y elegante, con dimensiones de 34,8 cm de altura, 30,5 cm de ancho y 31,1 cm de largo, se adapta perfectamente a cualquier cocina. Su dise\u00f1o moderno en color blanco no solo es funcional, sino que tambi\u00e9n a\u00f1ade un toque est\u00e9tico a tu espacio culinario.<\/p>\n<p>La Freidora de Aire Smartfy es la elecci\u00f3n perfecta para quienes desean disfrutar de comidas crujientes y sabrosas sin el exceso de grasa. Con esta herramienta, cocinar se convierte en una experiencia m\u00e1s placentera y saludable, ideal para aquellos que valoran su bienestar sin sacrificar el sabor.<\/p>\n<h3>Especificaciones<\/h3>\n<p>Marca: Smartfy.<br \/>\nModelo: AF01W.<br \/>\nColor: Blanco\/Dorado.<br \/>\nPotencia: 900 watts.<br \/>\nTemperatura: Ajustable, m\u00e1xima de 210 \u00b0C.<br \/>\nTemporizador: Integrado, para 70 minutos.<br \/>\nCapacidad: 3.6 litros.<br \/>\nFunciones: 8 programaciones.<br \/>\nCaracter\u00edsticas: Recipiente de vidrio extra\u00edble para f\u00e1cil limpieza &#8211; Base antideslizante &#8211; Con indicadores de tiempo para cada tipo de alimento.<br \/>\nDisplay: Touch Screen retroiluminado por LED<br \/>\nVoltaje: 220V<br \/>\nPeso Bruto (g): 4807<br \/>\nDimensiones del embalaje (cm): 31.1 x 30.6 x 34.9<br \/>\nIncluye: Manual.<\/p>\n","protected":false},"excerpt":{"rendered":"<p>AF01W La Freidora de Aire Smartfy 3.5 L Blanca T\u00e1ctil es la soluci\u00f3n ideal para quienes buscan una forma m\u00e1s<\/p>\n","protected":false},"featured_media":93150,"comment_status":"open","ping_status":"closed","template":"","meta":{"nf_dc_page":""},"product_brand":[1209],"product_cat":[83],"product_tag":[1221],"class_list":{"0":"post-93149","1":"product","2":"type-product","3":"status-publish","4":"has-post-thumbnail","6":"product_brand-smartfy","7":"product_cat-hogar","8":"product_tag-1221","10":"first","11":"instock","12":"shipping-taxable","13":"purchasable","14":"product-type-simple"},"_links":{"self":[{"href":"https:\/\/brandss.com.py\/index\/wp-json\/wp\/v2\/product\/93149","targetHints":{"allow":["GET"]}}],"collection":[{"href":"https:\/\/brandss.com.py\/index\/wp-json\/wp\/v2\/product"}],"about":[{"href":"https:\/\/brandss.com.py\/index\/wp-json\/wp\/v2\/types\/product"}],"replies":[{"embeddable":true,"href":"https:\/\/brandss.com.py\/index\/wp-json\/wp\/v2\/comments?post=93149"}],"version-history":[{"count":1,"href":"https:\/\/brandss.com.py\/index\/wp-json\/wp\/v2\/product\/93149\/revisions"}],"predecessor-version":[{"id":93153,"href":"https:\/\/brandss.com.py\/index\/wp-json\/wp\/v2\/product\/93149\/revisions\/93153"}],"wp:featuredmedia":[{"embeddable":true,"href":"https:\/\/brandss.com.py\/index\/wp-json\/wp\/v2\/media\/93150"}],"wp:attachment":[{"href":"https:\/\/brandss.com.py\/index\/wp-json\/wp\/v2\/media?parent=93149"}],"wp:term":[{"taxonomy":"product_brand","embeddable":true,"href":"https:\/\/brandss.com.py\/index\/wp-json\/wp\/v2\/product_brand?post=93149"},{"taxonomy":"product_cat","embeddable":true,"href":"https:\/\/brandss.com.py\/index\/wp-json\/wp\/v2\/product_cat?post=93149"},{"taxonomy":"product_tag","embeddable":true,"href":"https:\/\/brandss.com.py\/index\/wp-json\/wp\/v2\/product_tag?post=93149"}],"curies":[{"name":"wp","href":"https:\/\/api.w.org\/{rel}","templated":true}]}}