{"id":93216,"date":"2025-11-04T11:10:30","date_gmt":"2025-11-04T11:10:30","guid":{"rendered":"https:\/\/brandss.com.py\/index\/?post_type=product&#038;p=93216"},"modified":"2025-11-04T11:11:01","modified_gmt":"2025-11-04T11:11:01","slug":"calculadora-cientifica-casio-fx-82es-plus-2nd-edition-black","status":"publish","type":"product","link":"https:\/\/brandss.com.py\/index\/producto\/calculadora-cientifica-casio-fx-82es-plus-2nd-edition-black\/","title":{"rendered":"CALCULADORA CIENT\u00cdFICA CASIO FX-82ES PLUS 2ND EDITION BLACK"},"content":{"rendered":"<p><img loading=\"lazy\" decoding=\"async\" class=\"\" src=\"https:\/\/1000logos.net\/wp-content\/uploads\/2017\/12\/Casio-Logo.png\" alt=\"Casio Logo and symbol, meaning, history, PNG, brand\" width=\"94\" height=\"53\" \/><\/p>\n<h1>FX-82ES PLUS<\/h1>\n<p>La calculadora cient\u00edfica Casio FX-82ES-BK Plus 2nd Edition ofrece un dise\u00f1o elegante y ergon\u00f3mico con una pantalla de cristal l\u00edquido que presenta expresiones matem\u00e1ticas de manera natural, facilitando la comprensi\u00f3n. Con 252 funciones, incluye caracter\u00edsticas como reproducci\u00f3n y repetici\u00f3n m\u00faltiple. Funciona con una pila AAA (R03) con una duraci\u00f3n de aproximadamente 2 a\u00f1os. Esta calculadora es una herramienta educativa destacada, enfocada en la comodidad, legibilidad y facilidad de uso a trav\u00e9s de su dise\u00f1o simple. Esta calculadora es ideal para estudiantes y profesionales que requieren una herramienta confiable y vers\u00e1til para sus c\u00e1lculos matem\u00e1ticos y cient\u00edficos.<\/p>\n<p><strong>Caracter\u00edsticas:<\/strong><\/p>\n<ul>\n<li>Cristal L\u00edquido con presentaci\u00f3n de matriz de puntos y de libro de texto natural.<\/li>\n<li>252 funciones, con capacidad para realizar c\u00e1lculos avanzados y estad\u00edsticos.<\/li>\n<li>Teclas dise\u00f1adas y preparadas para ser de uso f\u00e1cil<\/li>\n<li>Visualizaci\u00f3n de expresiones similar a un libro de texto<\/li>\n<li>Visualizaci\u00f3n de mantisa de 10 d\u00edgitos m\u00e1s exponentes de 2 d\u00edgitos<\/li>\n<li>Alimentaci\u00f3n por 1 x pila AAA (R03) con una duraci\u00f3n aproximada de 2 a\u00f1os.<\/li>\n<li>Prioriza la comodidad en la mano y facilidad de uso para una experiencia intuitiva.<\/li>\n<\/ul>\n","protected":false},"excerpt":{"rendered":"<p>FX-82ES PLUS La calculadora cient\u00edfica Casio FX-82ES-BK Plus 2nd Edition ofrece un dise\u00f1o elegante y ergon\u00f3mico con una pantalla de<\/p>\n","protected":false},"featured_media":93217,"comment_status":"open","ping_status":"closed","template":"","meta":{"nf_dc_page":""},"product_brand":[1270],"product_cat":[89],"product_tag":[1271],"class_list":{"0":"post-93216","1":"product","2":"type-product","3":"status-publish","4":"has-post-thumbnail","6":"product_brand-casio","7":"product_cat-electronicos","8":"product_tag-1271","10":"first","11":"instock","12":"shipping-taxable","13":"purchasable","14":"product-type-simple"},"_links":{"self":[{"href":"https:\/\/brandss.com.py\/index\/wp-json\/wp\/v2\/product\/93216","targetHints":{"allow":["GET"]}}],"collection":[{"href":"https:\/\/brandss.com.py\/index\/wp-json\/wp\/v2\/product"}],"about":[{"href":"https:\/\/brandss.com.py\/index\/wp-json\/wp\/v2\/types\/product"}],"replies":[{"embeddable":true,"href":"https:\/\/brandss.com.py\/index\/wp-json\/wp\/v2\/comments?post=93216"}],"version-history":[{"count":1,"href":"https:\/\/brandss.com.py\/index\/wp-json\/wp\/v2\/product\/93216\/revisions"}],"predecessor-version":[{"id":93224,"href":"https:\/\/brandss.com.py\/index\/wp-json\/wp\/v2\/product\/93216\/revisions\/93224"}],"wp:featuredmedia":[{"embeddable":true,"href":"https:\/\/brandss.com.py\/index\/wp-json\/wp\/v2\/media\/93217"}],"wp:attachment":[{"href":"https:\/\/brandss.com.py\/index\/wp-json\/wp\/v2\/media?parent=93216"}],"wp:term":[{"taxonomy":"product_brand","embeddable":true,"href":"https:\/\/brandss.com.py\/index\/wp-json\/wp\/v2\/product_brand?post=93216"},{"taxonomy":"product_cat","embeddable":true,"href":"https:\/\/brandss.com.py\/index\/wp-json\/wp\/v2\/product_cat?post=93216"},{"taxonomy":"product_tag","embeddable":true,"href":"https:\/\/brandss.com.py\/index\/wp-json\/wp\/v2\/product_tag?post=93216"}],"curies":[{"name":"wp","href":"https:\/\/api.w.org\/{rel}","templated":true}]}}