{"id":93225,"date":"2025-11-04T11:43:58","date_gmt":"2025-11-04T11:43:58","guid":{"rendered":"https:\/\/brandss.com.py\/index\/?post_type=product&#038;p=93225"},"modified":"2025-11-04T11:45:50","modified_gmt":"2025-11-04T11:45:50","slug":"balanza-de-cocina-quanta-qtblc9000-digital-5kg","status":"publish","type":"product","link":"https:\/\/brandss.com.py\/index\/producto\/balanza-de-cocina-quanta-qtblc9000-digital-5kg\/","title":{"rendered":"BALANZA DE COCINA QUANTA QTBLC9000 DIGITAL 5KG"},"content":{"rendered":"<p><img loading=\"lazy\" decoding=\"async\" class=\"\" src=\"https:\/\/electronicaparis.com\/eparisv2b\/images\/virtuemart\/manufacturer\/resized\/Quanta_0x120.png\" alt=\"Detalles de fabricante QUANTA\" width=\"120\" height=\"44\" \/><\/p>\n<h1>QTBLC9000<\/h1>\n<p>La balanza para cocina Quanta cuenta con tecnolog\u00eda de alta precisi\u00f3n, pantalla LCD y funciones como conversi\u00f3n de pesos g\/lb\/oz. Tiene capacidad para pesar alimentos o ingredientes de hasta 5 kg. Fue fabricada con material resistente y duradero, adem\u00e1s de contar con un dise\u00f1o compacto y ligero.<\/p>\n<h3>Caracter\u00edsticas<\/h3>\n<p>Modelo: QTBLC9000<\/p>\n<p>Capacidad: 5 kg<\/p>\n<p>Divisi\u00f3n: d=1g<\/p>\n<p>Conversi\u00f3n g\/lb\/oz<\/p>\n<p>Se apaga autom\u00e1ticamente<\/p>\n<p>Sistema de sensores de alta precisi\u00f3n<\/p>\n<p>Display LCD<\/p>\n<p>Fabricado en pl\u00e1stico ABS<\/p>\n<p>Tama\u00f1o: 190x210x70mm<\/p>\n<p>Indicador de sobrecarga<\/p>\n<p>Alimentaci\u00f3n: bater\u00eda 2xAAA &#8211; (No incluido)<\/p>\n","protected":false},"excerpt":{"rendered":"<p>QTBLC9000 La balanza para cocina Quanta cuenta con tecnolog\u00eda de alta precisi\u00f3n, pantalla LCD y funciones como conversi\u00f3n de pesos<\/p>\n","protected":false},"featured_media":93226,"comment_status":"open","ping_status":"closed","template":"","meta":{"nf_dc_page":""},"product_brand":[1272],"product_cat":[83],"product_tag":[1273],"class_list":{"0":"post-93225","1":"product","2":"type-product","3":"status-publish","4":"has-post-thumbnail","6":"product_brand-quanta","7":"product_cat-hogar","8":"product_tag-1273","10":"first","11":"instock","12":"shipping-taxable","13":"purchasable","14":"product-type-simple"},"_links":{"self":[{"href":"https:\/\/brandss.com.py\/index\/wp-json\/wp\/v2\/product\/93225","targetHints":{"allow":["GET"]}}],"collection":[{"href":"https:\/\/brandss.com.py\/index\/wp-json\/wp\/v2\/product"}],"about":[{"href":"https:\/\/brandss.com.py\/index\/wp-json\/wp\/v2\/types\/product"}],"replies":[{"embeddable":true,"href":"https:\/\/brandss.com.py\/index\/wp-json\/wp\/v2\/comments?post=93225"}],"version-history":[{"count":1,"href":"https:\/\/brandss.com.py\/index\/wp-json\/wp\/v2\/product\/93225\/revisions"}],"predecessor-version":[{"id":93229,"href":"https:\/\/brandss.com.py\/index\/wp-json\/wp\/v2\/product\/93225\/revisions\/93229"}],"wp:featuredmedia":[{"embeddable":true,"href":"https:\/\/brandss.com.py\/index\/wp-json\/wp\/v2\/media\/93226"}],"wp:attachment":[{"href":"https:\/\/brandss.com.py\/index\/wp-json\/wp\/v2\/media?parent=93225"}],"wp:term":[{"taxonomy":"product_brand","embeddable":true,"href":"https:\/\/brandss.com.py\/index\/wp-json\/wp\/v2\/product_brand?post=93225"},{"taxonomy":"product_cat","embeddable":true,"href":"https:\/\/brandss.com.py\/index\/wp-json\/wp\/v2\/product_cat?post=93225"},{"taxonomy":"product_tag","embeddable":true,"href":"https:\/\/brandss.com.py\/index\/wp-json\/wp\/v2\/product_tag?post=93225"}],"curies":[{"name":"wp","href":"https:\/\/api.w.org\/{rel}","templated":true}]}}