{"id":93262,"date":"2025-11-06T11:12:15","date_gmt":"2025-11-06T11:12:15","guid":{"rendered":"https:\/\/brandss.com.py\/index\/?post_type=product&#038;p=93262"},"modified":"2025-11-06T11:21:36","modified_gmt":"2025-11-06T11:21:36","slug":"calzado-deportivo-masculino-diadora-nerja-black","status":"publish","type":"product","link":"https:\/\/brandss.com.py\/index\/producto\/calzado-deportivo-masculino-diadora-nerja-black\/","title":{"rendered":"CALZADO DEPORTIVO MASCULINO DIADORA NERJA BLACK"},"content":{"rendered":"<p><img loading=\"lazy\" decoding=\"async\" class=\"\" src=\"https:\/\/encrypted-tbn0.gstatic.com\/images?q=tbn:ANd9GcSlIstvB1LB4o6fWRgP15FcftOtQr5kf7M7DQ&amp;s\" alt=\"Archivo de logotipos Diadora\" width=\"99\" height=\"28\" \/><\/p>\n<h1>NERJA<\/h1>\n<p data-start=\"157\" data-end=\"415\">Es un calzado deportivo masculino dise\u00f1ado para ofrecer comodidad, ligereza y soporte durante la actividad f\u00edsica o el uso diario. Su dise\u00f1o moderno en negro total con detalles grises le da un aspecto elegante y vers\u00e1til. Nerja masculino combina rendimiento, confort y estilo minimalista, siendo ideal tanto para correr, entrenar o usar a diario gracias a su amortiguaci\u00f3n y ligereza.<\/p>\n<ul>\n<li data-start=\"417\" data-end=\"1316\">Parte superior (capellada): confeccionada en malla t\u00e9cnica transpirable, que favorece la ventilaci\u00f3n del pie y brinda un ajuste flexible. Incluye refuerzos sint\u00e9ticos en zonas estrat\u00e9gicas para mayor durabilidad y estabilidad lateral.<\/li>\n<li data-start=\"417\" data-end=\"1316\">Mediasuela: fabricada en EVA expandido de alta densidad, que proporciona una excelente amortiguaci\u00f3n y absorci\u00f3n de impactos, ideal para entrenamientos o caminatas prolongadas.<\/li>\n<li data-start=\"417\" data-end=\"1316\">Suela: de goma antideslizante, con dibujo direccional que mejora la tracci\u00f3n en distintas superficies.<\/li>\n<li data-start=\"417\" data-end=\"1316\">Plantilla: c\u00f3moda y anat\u00f3mica, pensada para adaptarse al contorno del pie y ofrecer soporte ergon\u00f3mico.<\/li>\n<li data-start=\"417\" data-end=\"1316\">Dise\u00f1o: estilo running urbano, con el logotipo de Diadora en los laterales y la inscripci\u00f3n <em data-start=\"1195\" data-end=\"1202\">Nerja<\/em> en el tal\u00f3n.<\/li>\n<li data-start=\"417\" data-end=\"1316\">Cierre: sistema tradicional de cordones, que asegura un ajuste firme y personalizado.<\/li>\n<\/ul>\n<h4 data-start=\"417\" data-end=\"1316\">Detalles:<\/h4>\n<p data-start=\"417\" data-end=\"1316\"><strong>Modelo:<\/strong> NERJA-M-7171.<\/p>\n<p data-start=\"417\" data-end=\"1316\"><strong>G\u00e9nero:<\/strong> Masculino.<\/p>\n<p data-start=\"417\" data-end=\"1316\"><strong>Color:<\/strong> Negro.<\/p>\n<p data-start=\"417\" data-end=\"1316\"><strong>Disciplina:<\/strong> Running.<\/p>\n","protected":false},"excerpt":{"rendered":"<p>NERJA Es un calzado deportivo masculino dise\u00f1ado para ofrecer comodidad, ligereza y soporte durante la actividad f\u00edsica o el uso<\/p>\n","protected":false},"featured_media":93263,"comment_status":"open","ping_status":"closed","template":"","meta":{"nf_dc_page":""},"product_brand":[1293],"product_cat":[76],"product_tag":[1294],"class_list":{"0":"post-93262","1":"product","2":"type-product","3":"status-publish","4":"has-post-thumbnail","6":"product_brand-diadora","7":"product_cat-masculino","8":"product_tag-nerja-m-7171","10":"first","11":"instock","12":"shipping-taxable","13":"purchasable","14":"product-type-simple"},"_links":{"self":[{"href":"https:\/\/brandss.com.py\/index\/wp-json\/wp\/v2\/product\/93262","targetHints":{"allow":["GET"]}}],"collection":[{"href":"https:\/\/brandss.com.py\/index\/wp-json\/wp\/v2\/product"}],"about":[{"href":"https:\/\/brandss.com.py\/index\/wp-json\/wp\/v2\/types\/product"}],"replies":[{"embeddable":true,"href":"https:\/\/brandss.com.py\/index\/wp-json\/wp\/v2\/comments?post=93262"}],"version-history":[{"count":1,"href":"https:\/\/brandss.com.py\/index\/wp-json\/wp\/v2\/product\/93262\/revisions"}],"predecessor-version":[{"id":93268,"href":"https:\/\/brandss.com.py\/index\/wp-json\/wp\/v2\/product\/93262\/revisions\/93268"}],"wp:featuredmedia":[{"embeddable":true,"href":"https:\/\/brandss.com.py\/index\/wp-json\/wp\/v2\/media\/93263"}],"wp:attachment":[{"href":"https:\/\/brandss.com.py\/index\/wp-json\/wp\/v2\/media?parent=93262"}],"wp:term":[{"taxonomy":"product_brand","embeddable":true,"href":"https:\/\/brandss.com.py\/index\/wp-json\/wp\/v2\/product_brand?post=93262"},{"taxonomy":"product_cat","embeddable":true,"href":"https:\/\/brandss.com.py\/index\/wp-json\/wp\/v2\/product_cat?post=93262"},{"taxonomy":"product_tag","embeddable":true,"href":"https:\/\/brandss.com.py\/index\/wp-json\/wp\/v2\/product_tag?post=93262"}],"curies":[{"name":"wp","href":"https:\/\/api.w.org\/{rel}","templated":true}]}}