{"id":93332,"date":"2025-11-07T13:36:04","date_gmt":"2025-11-07T13:36:04","guid":{"rendered":"https:\/\/brandss.com.py\/index\/?post_type=product&#038;p=93332"},"modified":"2026-02-13T10:59:53","modified_gmt":"2026-02-13T10:59:53","slug":"camiseta-deportivo-masculino-umbro-baller-degrade-mangas-cortas-2","status":"publish","type":"product","link":"https:\/\/brandss.com.py\/index\/producto\/camiseta-deportivo-masculino-umbro-baller-degrade-mangas-cortas-2\/","title":{"rendered":"CAMISETA DEPORTIVO MASCULINO UMBRO BALLER DEGRAD\u00c9 MANGAS CORTAS"},"content":{"rendered":"<h1><img loading=\"lazy\" decoding=\"async\" class=\"\" src=\"https:\/\/upload.wikimedia.org\/wikipedia\/commons\/b\/b7\/Logo_Umbro.png\" alt=\"Archivo:Logo Umbro.png - Wikipedia, la enciclopedia libre\" width=\"109\" height=\"73\" \/><\/h1>\n<h1>BALLER DEGRAD\u00c9<\/h1>\n<h3><span dir=\"auto\">Estilo y comodidad para el deporte<\/span><\/h3>\n<p><span dir=\"auto\">Experimenta la combinaci\u00f3n perfecta de estilo y funcionalidad con la\u00a0<\/span><span dir=\"auto\">camiseta Umbro Baller para hombre<\/span><span dir=\"auto\">. Ideal para quienes buscan comodidad durante la pr\u00e1ctica deportiva, esta camiseta est\u00e1 confeccionada en punto 100% poli\u00e9ster, lo que garantiza ligereza y transpirabilidad. Con un dise\u00f1o moderno y caracter\u00edsticas excepcionales, la camiseta Umbro Baller es la elecci\u00f3n perfecta para atletas y aficionados al fitness.<\/span><\/p>\n<h2><span dir=\"auto\">Dise\u00f1o y comodidad<\/span><\/h2>\n<p><span dir=\"auto\">La\u00a0<\/span><span dir=\"auto\">camiseta Umbro Baller para hombre<\/span><span dir=\"auto\">\u00a0presenta un corte cl\u00e1sico que ofrece comodidad y libertad de movimiento, esenciales para cualquier actividad f\u00edsica. El cuello en V de canal\u00e9 y las mangas ragl\u00e1n cortas garantizan un ajuste perfecto, mientras que el estampado degradado sublimado en las mangas y las sisas le da un toque moderno. El logotipo de Umbro, aplicado con tinta termoadhesiva al agua en la parte delantera, refuerza la autenticidad y la calidad del producto.<\/span><\/p>\n<h2><span dir=\"auto\">\u00bfPor qu\u00e9 elegir la camiseta Umbro Baller?<\/span><\/h2>\n<p><span dir=\"auto\">Si buscas una camiseta que combine estilo, comodidad y rendimiento, la\u00a0<\/span><span dir=\"auto\">camiseta Umbro Baller para hombre<\/span><span dir=\"auto\">\u00a0es la opci\u00f3n ideal. Su tejido ligero y transpirable, junto con su dise\u00f1o moderno, la convierten en una prenda indispensable en el armario de cualquier deportista. Ya sea para entrenar, competir o para el tiempo libre, esta camiseta destaca por su versatilidad y calidad superior.<\/span><\/p>\n<p><span dir=\"auto\">No pierdas la oportunidad de mejorar tu rendimiento deportivo con la\u00a0<\/span><span dir=\"auto\">camiseta Umbro Baller para hombre<\/span><span dir=\"auto\">. \u00a1Consigue la tuya ahora y siente la diferencia que un producto de calidad puede marcar en tus actividades f\u00edsicas!<\/span><\/p>\n<p><span dir=\"auto\">\u00a1Aseg\u00farate la camisa ahora y prep\u00e1rate para brillar con cada movimiento!<\/span><\/p>\n<p>&nbsp;<\/p>\n<h3>Especificaciones<\/h3>\n<p>G\u00e9nero: Masculino.<br \/>\nMaterial: Poli\u00e9ster.<br \/>\nDisciplina: F\u00fatbol.<br \/>\nTipo De Ocasi\u00f3n: Entrenamiento.<br \/>\nColores: Negro\/ Blanco.<br \/>\nModelo: U11TW00450-121.<\/p>\n","protected":false},"excerpt":{"rendered":"<p>BALLER DEGRAD\u00c9 Estilo y comodidad para el deporte Experimenta la combinaci\u00f3n perfecta de estilo y funcionalidad con la\u00a0camiseta Umbro Baller<\/p>\n","protected":false},"featured_media":93341,"comment_status":"open","ping_status":"closed","template":"","meta":{"nf_dc_page":""},"product_brand":[1309],"product_cat":[76],"product_tag":[1311],"class_list":{"0":"post-93332","1":"product","2":"type-product","3":"status-publish","4":"has-post-thumbnail","6":"product_brand-umbro","7":"product_cat-masculino","8":"product_tag-u11tw00450-121","10":"first","11":"instock","12":"shipping-taxable","13":"purchasable","14":"product-type-simple"},"_links":{"self":[{"href":"https:\/\/brandss.com.py\/index\/wp-json\/wp\/v2\/product\/93332","targetHints":{"allow":["GET"]}}],"collection":[{"href":"https:\/\/brandss.com.py\/index\/wp-json\/wp\/v2\/product"}],"about":[{"href":"https:\/\/brandss.com.py\/index\/wp-json\/wp\/v2\/types\/product"}],"replies":[{"embeddable":true,"href":"https:\/\/brandss.com.py\/index\/wp-json\/wp\/v2\/comments?post=93332"}],"version-history":[{"count":1,"href":"https:\/\/brandss.com.py\/index\/wp-json\/wp\/v2\/product\/93332\/revisions"}],"predecessor-version":[{"id":93345,"href":"https:\/\/brandss.com.py\/index\/wp-json\/wp\/v2\/product\/93332\/revisions\/93345"}],"wp:featuredmedia":[{"embeddable":true,"href":"https:\/\/brandss.com.py\/index\/wp-json\/wp\/v2\/media\/93341"}],"wp:attachment":[{"href":"https:\/\/brandss.com.py\/index\/wp-json\/wp\/v2\/media?parent=93332"}],"wp:term":[{"taxonomy":"product_brand","embeddable":true,"href":"https:\/\/brandss.com.py\/index\/wp-json\/wp\/v2\/product_brand?post=93332"},{"taxonomy":"product_cat","embeddable":true,"href":"https:\/\/brandss.com.py\/index\/wp-json\/wp\/v2\/product_cat?post=93332"},{"taxonomy":"product_tag","embeddable":true,"href":"https:\/\/brandss.com.py\/index\/wp-json\/wp\/v2\/product_tag?post=93332"}],"curies":[{"name":"wp","href":"https:\/\/api.w.org\/{rel}","templated":true}]}}