{"id":93346,"date":"2025-11-07T13:56:17","date_gmt":"2025-11-07T13:56:17","guid":{"rendered":"https:\/\/brandss.com.py\/index\/?post_type=product&#038;p=93346"},"modified":"2025-11-07T13:56:58","modified_gmt":"2025-11-07T13:56:58","slug":"camiseta-deportivo-masculino-umbro-dinamo-mangas-cortas","status":"publish","type":"product","link":"https:\/\/brandss.com.py\/index\/producto\/camiseta-deportivo-masculino-umbro-dinamo-mangas-cortas\/","title":{"rendered":"CAMISETA DEPORTIVO MASCULINO UMBRO DINAMO MANGAS CORTAS"},"content":{"rendered":"<p><img loading=\"lazy\" decoding=\"async\" class=\"\" src=\"https:\/\/upload.wikimedia.org\/wikipedia\/commons\/b\/b7\/Logo_Umbro.png\" alt=\"Archivo:Logo Umbro.png - Wikipedia, la enciclopedia libre\" width=\"97\" height=\"65\" \/><\/p>\n<h1>DINAMO<\/h1>\n<h5><em><span dir=\"auto\">Domina tu estilo deportivo<\/span><\/em><\/h5>\n<p><span dir=\"auto\">Descubre la camiseta Umbro Dinamo para hombre, perfecta para el deporte, confeccionada en tejido de punto 100% poli\u00e9ster con malla en la espalda para una mayor transpirabilidad.<\/span><\/p>\n<p><span dir=\"auto\">Esta camiseta de corte cl\u00e1sico ofrece comodidad y libertad de movimiento durante la pr\u00e1ctica deportiva. El cuello redondo con ribete acanalado y las mangas ragl\u00e1n cortas proporcionan un ajuste perfecto. El ribete en contraste en el cuello y los pu\u00f1os le da un toque de estilo \u00fanico.<\/span><\/p>\n<p><span dir=\"auto\">El dobladillo trasero redondeado, m\u00e1s largo que el delantero, junto con el ribete al bies en contraste, crea un look moderno y din\u00e1mico. Las sisas y el cuello est\u00e1n pespunteados, lo que garantiza su durabilidad y resistencia. Adem\u00e1s, el logotipo de Umbro impreso con tinta al agua en la parte superior derecha delantera le aporta autenticidad a la prenda.<\/span><\/p>\n<p><span dir=\"auto\">\u00a1Consigue ya la camiseta Umbro Dinamo para hombre y mejora tu rendimiento deportivo con una comodidad y un estilo inigualables! \u00a1No pierdas la oportunidad de destacar en tus entrenamientos y competiciones!<\/span><\/p>\n<h3>Detalles<\/h3>\n<ul>\n<li><strong><span dir=\"auto\">Marca:<\/span><\/strong><span dir=\"auto\">\u00a0Umbro<\/span><\/li>\n<li><strong><span dir=\"auto\">Modelo:<\/span><\/strong><span dir=\"auto\"> U11TW00438-474.<\/span><\/li>\n<li><strong><span dir=\"auto\">Color:<\/span><\/strong><span dir=\"auto\"> Rojo, Azul marino.<\/span><\/li>\n<li><strong>G\u00e9nero:<\/strong> Masculino.<\/li>\n<\/ul>\n","protected":false},"excerpt":{"rendered":"<p>DINAMO Domina tu estilo deportivo Descubre la camiseta Umbro Dinamo para hombre, perfecta para el deporte, confeccionada en tejido de<\/p>\n","protected":false},"featured_media":93347,"comment_status":"open","ping_status":"closed","template":"","meta":{"nf_dc_page":""},"product_brand":[1309],"product_cat":[76],"product_tag":[1312],"class_list":{"0":"post-93346","1":"product","2":"type-product","3":"status-publish","4":"has-post-thumbnail","6":"product_brand-umbro","7":"product_cat-masculino","8":"product_tag-u11tw00438-474","10":"first","11":"instock","12":"shipping-taxable","13":"purchasable","14":"product-type-simple"},"_links":{"self":[{"href":"https:\/\/brandss.com.py\/index\/wp-json\/wp\/v2\/product\/93346","targetHints":{"allow":["GET"]}}],"collection":[{"href":"https:\/\/brandss.com.py\/index\/wp-json\/wp\/v2\/product"}],"about":[{"href":"https:\/\/brandss.com.py\/index\/wp-json\/wp\/v2\/types\/product"}],"replies":[{"embeddable":true,"href":"https:\/\/brandss.com.py\/index\/wp-json\/wp\/v2\/comments?post=93346"}],"version-history":[{"count":1,"href":"https:\/\/brandss.com.py\/index\/wp-json\/wp\/v2\/product\/93346\/revisions"}],"predecessor-version":[{"id":93352,"href":"https:\/\/brandss.com.py\/index\/wp-json\/wp\/v2\/product\/93346\/revisions\/93352"}],"wp:featuredmedia":[{"embeddable":true,"href":"https:\/\/brandss.com.py\/index\/wp-json\/wp\/v2\/media\/93347"}],"wp:attachment":[{"href":"https:\/\/brandss.com.py\/index\/wp-json\/wp\/v2\/media?parent=93346"}],"wp:term":[{"taxonomy":"product_brand","embeddable":true,"href":"https:\/\/brandss.com.py\/index\/wp-json\/wp\/v2\/product_brand?post=93346"},{"taxonomy":"product_cat","embeddable":true,"href":"https:\/\/brandss.com.py\/index\/wp-json\/wp\/v2\/product_cat?post=93346"},{"taxonomy":"product_tag","embeddable":true,"href":"https:\/\/brandss.com.py\/index\/wp-json\/wp\/v2\/product_tag?post=93346"}],"curies":[{"name":"wp","href":"https:\/\/api.w.org\/{rel}","templated":true}]}}