{"id":93353,"date":"2025-11-07T14:35:13","date_gmt":"2025-11-07T14:35:13","guid":{"rendered":"https:\/\/brandss.com.py\/index\/?post_type=product&#038;p=93353"},"modified":"2025-11-07T14:35:37","modified_gmt":"2025-11-07T14:35:37","slug":"camiseta-termica-masculino-umbro-diamond-touch-mangas-largas","status":"publish","type":"product","link":"https:\/\/brandss.com.py\/index\/producto\/camiseta-termica-masculino-umbro-diamond-touch-mangas-largas\/","title":{"rendered":"CAMISETA T\u00c9RMICA MASCULINO UMBRO DIAMOND TOUCH MANGAS LARGAS"},"content":{"rendered":"<p><img loading=\"lazy\" decoding=\"async\" class=\"\" src=\"https:\/\/upload.wikimedia.org\/wikipedia\/commons\/b\/b7\/Logo_Umbro.png\" alt=\"Archivo:Logo Umbro.png - Wikipedia, la enciclopedia libre\" width=\"106\" height=\"71\" \/><\/p>\n<h1>DIAMOND TOUCH<\/h1>\n<p class=\"ckeditor-css\"><strong><span dir=\"auto\">\u00a1Tu aliada perfecta para el rendimiento!<\/span><\/strong><\/p>\n<p class=\"ckeditor-css\"><span dir=\"auto\">Cuando se trata de actividad f\u00edsica, mereces lo mejor en comodidad, estilo y rendimiento. Te presentamos la\u00a0<\/span><strong><span dir=\"auto\">camiseta t\u00e9rmica Umbro Diamond Touch<\/span><\/strong><span dir=\"auto\">, la opci\u00f3n ideal para quienes buscan la m\u00e1xima calidad y funcionalidad.<\/span><\/p>\n<p class=\"ckeditor-css\"><strong><span dir=\"auto\">Mant\u00e9n el control:<\/span><\/strong><span dir=\"auto\">\u00a0Esta camiseta t\u00e9rmica est\u00e1 dise\u00f1ada para brindarte una experiencia inigualable. Con su composici\u00f3n de 93 % poli\u00e9ster y 7 % elastano, obtendr\u00e1s el equilibrio perfecto entre flexibilidad y durabilidad. Siente la suavidad del tejido contra tu piel mientras se adapta perfectamente a tu cuerpo.<\/span><\/p>\n<p class=\"ckeditor-css\"><strong><span dir=\"auto\">Supera tus l\u00edmites:<\/span><\/strong><span dir=\"auto\">\u00a0Las mangas largas de esta camiseta te ofrecen mayor protecci\u00f3n contra el fr\u00edo y el viento, permiti\u00e9ndote concentrarte plenamente en tu actividad f\u00edsica. Siente la libertad de movimiento mientras entrenas y supera f\u00e1cilmente tus propios l\u00edmites.<\/span><\/p>\n<p class=\"ckeditor-css\"><strong><span dir=\"auto\">Elegancia en movimiento:<\/span><\/strong><span dir=\"auto\"> El negro es un color atemporal y elegante que aporta un toque de sofisticaci\u00f3n a tu look deportivo. Puedes usarlo tanto en el gimnasio como para actividades al aire libre, luciendo siempre con estilo.<\/span><\/p>\n<p class=\"ckeditor-css\"><strong><span dir=\"auto\">Marca de confianza:<\/span><\/strong><span dir=\"auto\">\u00a0Umbro es una marca de renombre mundial, sin\u00f3nimo de calidad y tradici\u00f3n en el mundo del deporte. Al elegir la <\/span><span dir=\"auto\">camiseta t\u00e9rmica Umbro Diamond Touch<\/span><span dir=\"auto\">, optas por un producto que refleja excelencia y experiencia.<\/span><\/p>\n<p class=\"ckeditor-css\"><strong><span dir=\"auto\">Prep\u00e1rate para la acci\u00f3n:<\/span><\/strong><span dir=\"auto\">\u00a0Ya sea que te est\u00e9s preparando para un entrenamiento intenso, una carrera exigente o simplemente una actividad casual, esta camiseta es la elecci\u00f3n perfecta. Si\u00e9ntete seguro, c\u00f3modo y listo para afrontar cualquier reto.<\/span><\/p>\n<p class=\"ckeditor-css\"><span dir=\"auto\">No pierdas la oportunidad de mejorar tu rendimiento y tu estilo. Consigue ya la\u00a0<\/span><span dir=\"auto\">camiseta t\u00e9rmica Umbro Diamond Touch<\/span><span dir=\"auto\">\u00a0y experimenta la sensaci\u00f3n de tener el control de tus actividades f\u00edsicas.<\/span><\/p>\n<p class=\"ckeditor-css\"><span dir=\"auto\">\u00a1Compra ahora<\/span><span dir=\"auto\">\u00a0y lleva tu experiencia deportiva al siguiente nivel!<\/span><\/p>\n<p>&nbsp;<\/p>\n<h3 class=\"ckeditor-css\">Detalles<\/h3>\n<p class=\"ckeditor-css\"><span dir=\"auto\">Marca: <\/span><span dir=\"auto\">Umbro.<\/span><br \/>\n<span dir=\"auto\">Modelo: <\/span><span dir=\"auto\"> U11TW00029-111.<\/span><br \/>\n<span dir=\"auto\">G\u00e9nero: <\/span><span dir=\"auto\">Masculino.<\/span><br \/>\n<span dir=\"auto\">Recomendada para:<\/span><span dir=\"auto\">\u00a0Actividad f\u00edsica .<\/span><br \/>\n<span dir=\"auto\">Material:<\/span><span dir=\"auto\"> 93% poli\u00e9ster y 7% elastano.<\/span><br \/>\n<span dir=\"auto\">Manga: <\/span><span dir=\"auto\">Larga.<\/span><\/p>\n","protected":false},"excerpt":{"rendered":"<p>DIAMOND TOUCH \u00a1Tu aliada perfecta para el rendimiento! Cuando se trata de actividad f\u00edsica, mereces lo mejor en comodidad, estilo<\/p>\n","protected":false},"featured_media":93354,"comment_status":"open","ping_status":"closed","template":"","meta":{"nf_dc_page":""},"product_brand":[1309],"product_cat":[76],"product_tag":[1313],"class_list":{"0":"post-93353","1":"product","2":"type-product","3":"status-publish","4":"has-post-thumbnail","6":"product_brand-umbro","7":"product_cat-masculino","8":"product_tag-u11tw00029-111","10":"first","11":"instock","12":"shipping-taxable","13":"purchasable","14":"product-type-simple"},"_links":{"self":[{"href":"https:\/\/brandss.com.py\/index\/wp-json\/wp\/v2\/product\/93353","targetHints":{"allow":["GET"]}}],"collection":[{"href":"https:\/\/brandss.com.py\/index\/wp-json\/wp\/v2\/product"}],"about":[{"href":"https:\/\/brandss.com.py\/index\/wp-json\/wp\/v2\/types\/product"}],"replies":[{"embeddable":true,"href":"https:\/\/brandss.com.py\/index\/wp-json\/wp\/v2\/comments?post=93353"}],"version-history":[{"count":1,"href":"https:\/\/brandss.com.py\/index\/wp-json\/wp\/v2\/product\/93353\/revisions"}],"predecessor-version":[{"id":93357,"href":"https:\/\/brandss.com.py\/index\/wp-json\/wp\/v2\/product\/93353\/revisions\/93357"}],"wp:featuredmedia":[{"embeddable":true,"href":"https:\/\/brandss.com.py\/index\/wp-json\/wp\/v2\/media\/93354"}],"wp:attachment":[{"href":"https:\/\/brandss.com.py\/index\/wp-json\/wp\/v2\/media?parent=93353"}],"wp:term":[{"taxonomy":"product_brand","embeddable":true,"href":"https:\/\/brandss.com.py\/index\/wp-json\/wp\/v2\/product_brand?post=93353"},{"taxonomy":"product_cat","embeddable":true,"href":"https:\/\/brandss.com.py\/index\/wp-json\/wp\/v2\/product_cat?post=93353"},{"taxonomy":"product_tag","embeddable":true,"href":"https:\/\/brandss.com.py\/index\/wp-json\/wp\/v2\/product_tag?post=93353"}],"curies":[{"name":"wp","href":"https:\/\/api.w.org\/{rel}","templated":true}]}}