{"id":93358,"date":"2025-11-07T16:50:11","date_gmt":"2025-11-07T16:50:11","guid":{"rendered":"https:\/\/brandss.com.py\/index\/?post_type=product&#038;p=93358"},"modified":"2025-11-07T16:50:57","modified_gmt":"2025-11-07T16:50:57","slug":"camiseta-deportivo-masculino-umbro-ftvl-flame-mangas-cortas","status":"publish","type":"product","link":"https:\/\/brandss.com.py\/index\/producto\/camiseta-deportivo-masculino-umbro-ftvl-flame-mangas-cortas\/","title":{"rendered":"CAMISETA DEPORTIVO MASCULINO UMBRO FTVL FLAME MANGAS CORTAS"},"content":{"rendered":"<p><img loading=\"lazy\" decoding=\"async\" class=\"\" src=\"https:\/\/upload.wikimedia.org\/wikipedia\/commons\/b\/b7\/Logo_Umbro.png\" alt=\"Archivo:Logo Umbro.png - Wikipedia, la enciclopedia libre\" width=\"98\" height=\"65\" \/><\/p>\n<h1>FTVL FLAME<\/h1>\n<p><span dir=\"auto\">Descubre la camiseta Umbro Ftvl Flame negra para hombre, ideal para quienes buscan estilo y rendimiento en una sola prenda. Confeccionada con tejido ligero y transpirable, ofrece confort t\u00e9rmico y gran durabilidad para actividades f\u00edsicas y uso casual. Su moderno dise\u00f1o negro con detalles amarillos le confiere un aspecto sofisticado y vers\u00e1til, perfecto para el d\u00eda a d\u00eda o entrenamientos intensos.<\/span><\/p>\n<h5><span dir=\"auto\">Beneficios clave:<\/span><\/h5>\n<p><span dir=\"auto\">&#8211; Tecnolog\u00eda de tejido transpirable que mantiene la piel seca<\/span><br \/>\n<span dir=\"auto\">&#8211; Corte anat\u00f3mico que garantiza libertad de movimiento y un ajuste excelente<\/span><br \/>\n<span dir=\"auto\">&#8211; Estampado exclusivo Umbro FTVL Flame en la espalda para una sensaci\u00f3n aut\u00e9ntica<\/span><br \/>\n<span dir=\"auto\">&#8211; Material duradero que conserva su color y forma incluso despu\u00e9s de m\u00faltiples lavados<\/span><\/p>\n<p><span dir=\"auto\">Ideal para hombres que valoran la calidad y el rendimiento, esta camiseta es una apuesta segura para elevar tu vestuario deportivo con comodidad y estilo. No pierdas la oportunidad de conseguir un producto que combina la tradici\u00f3n de Umbro con la innovaci\u00f3n textil.<\/span><\/p>\n<h5><strong><span dir=\"auto\">CARACTER\u00cdSTICAS<\/span><\/strong><\/h5>\n<p><span dir=\"auto\">G\u00e9nero: Masculino.<\/span><br \/>\n<span dir=\"auto\">Marca: Umbro.<\/span><br \/>\n<span dir=\"auto\">Nombre: Ftvl Flame.\u00a0\u00a0<\/span><br \/>\n<span dir=\"auto\">Modelo: U11PF00109-111.<\/span><br \/>\n<span dir=\"auto\">Color: Negro.<\/span><\/p>\n","protected":false},"excerpt":{"rendered":"<p>FTVL FLAME Descubre la camiseta Umbro Ftvl Flame negra para hombre, ideal para quienes buscan estilo y rendimiento en una<\/p>\n","protected":false},"featured_media":93359,"comment_status":"open","ping_status":"closed","template":"","meta":{"nf_dc_page":""},"product_brand":[1309],"product_cat":[76],"product_tag":[1314],"class_list":{"0":"post-93358","1":"product","2":"type-product","3":"status-publish","4":"has-post-thumbnail","6":"product_brand-umbro","7":"product_cat-masculino","8":"product_tag-u11pf00109-111","10":"first","11":"instock","12":"shipping-taxable","13":"purchasable","14":"product-type-simple"},"_links":{"self":[{"href":"https:\/\/brandss.com.py\/index\/wp-json\/wp\/v2\/product\/93358","targetHints":{"allow":["GET"]}}],"collection":[{"href":"https:\/\/brandss.com.py\/index\/wp-json\/wp\/v2\/product"}],"about":[{"href":"https:\/\/brandss.com.py\/index\/wp-json\/wp\/v2\/types\/product"}],"replies":[{"embeddable":true,"href":"https:\/\/brandss.com.py\/index\/wp-json\/wp\/v2\/comments?post=93358"}],"version-history":[{"count":1,"href":"https:\/\/brandss.com.py\/index\/wp-json\/wp\/v2\/product\/93358\/revisions"}],"predecessor-version":[{"id":93361,"href":"https:\/\/brandss.com.py\/index\/wp-json\/wp\/v2\/product\/93358\/revisions\/93361"}],"wp:featuredmedia":[{"embeddable":true,"href":"https:\/\/brandss.com.py\/index\/wp-json\/wp\/v2\/media\/93359"}],"wp:attachment":[{"href":"https:\/\/brandss.com.py\/index\/wp-json\/wp\/v2\/media?parent=93358"}],"wp:term":[{"taxonomy":"product_brand","embeddable":true,"href":"https:\/\/brandss.com.py\/index\/wp-json\/wp\/v2\/product_brand?post=93358"},{"taxonomy":"product_cat","embeddable":true,"href":"https:\/\/brandss.com.py\/index\/wp-json\/wp\/v2\/product_cat?post=93358"},{"taxonomy":"product_tag","embeddable":true,"href":"https:\/\/brandss.com.py\/index\/wp-json\/wp\/v2\/product_tag?post=93358"}],"curies":[{"name":"wp","href":"https:\/\/api.w.org\/{rel}","templated":true}]}}