{"id":93367,"date":"2025-11-07T17:08:20","date_gmt":"2025-11-07T17:08:20","guid":{"rendered":"https:\/\/brandss.com.py\/index\/?post_type=product&#038;p=93367"},"modified":"2025-11-07T17:33:38","modified_gmt":"2025-11-07T17:33:38","slug":"short-deportivo-masculino-umbro-ftvl-flame","status":"publish","type":"product","link":"https:\/\/brandss.com.py\/index\/producto\/short-deportivo-masculino-umbro-ftvl-flame\/","title":{"rendered":"SHORT DEPORTIVO MASCULINO UMBRO FTVL FLAME"},"content":{"rendered":"<p><img loading=\"lazy\" decoding=\"async\" class=\"\" src=\"https:\/\/upload.wikimedia.org\/wikipedia\/commons\/b\/b7\/Logo_Umbro.png\" alt=\"Archivo:Logo Umbro.png - Wikipedia, la enciclopedia libre\" width=\"69\" height=\"46\" \/><\/p>\n<h1>FTVL FLAME<\/h1>\n<p>Los pantalones cortos tipo bermuda Umbro Ftvl Flame para hombre est\u00e1n confeccionados en poli\u00e9ster de trama lisa con un hilo t\u00e9cnico que ofrece protecci\u00f3n solar SPF 50+ contra los rayos UVA y UVB. Ideales para jugar al footvolley, esta prenda sostenible y pr\u00e1ctica incorpora la tecnolog\u00eda POLYGIENE\u00ae, que reduce los olores y mantiene el tejido fresco durante m\u00e1s tiempo, evitando lavados excesivos.<\/p>\n<p><span dir=\"auto\">Los pantalones cortos tipo bermuda Umbro FTVL Flame para hombre presentan un corte cl\u00e1sico y un largo corto, pu\u00f1os laterales asim\u00e9tricos para mayor libertad de movimiento y una cintura de 4 cm con el\u00e1stico interior y cord\u00f3n ajustable. Entre sus caracter\u00edsticas principales se incluyen ribetes en contraste en la parte delantera, bolsillos laterales, un gran logotipo FTVL Umbro en el lateral izquierdo, un logotipo Umbro Footvolley cerca del dobladillo delantero y un logotipo Umbro cerca de la cintura trasera. Su longitud total es de 36 cm.<\/span><\/p>\n<h5><span dir=\"auto\">Destacando la tecnolog\u00eda POLYGIENE\u00ae<\/span><\/h5>\n<p><span dir=\"auto\">La tecnolog\u00eda POLYGIENE\u00ae presente en estos pantalones cortos es una innovaci\u00f3n que garantiza durabilidad y frescura al tejido, manteni\u00e9ndolo limpio por m\u00e1s tiempo y reduciendo la necesidad de lavados frecuentes. Esto proporciona practicidad y comodidad al usuario, adem\u00e1s de contribuir a la sostenibilidad al reducir el consumo de agua y energ\u00eda asociado al lavado.<\/span><\/p>\n<h5><span dir=\"auto\">Comodidad y estilo para el deporte<\/span><\/h5>\n<p><span dir=\"auto\">Los pantalones cortos Umbro Ftvl Flame para hombre combinan funcionalidad y estilo, convirti\u00e9ndolos en la opci\u00f3n ideal para quienes buscan rendimiento y comodidad durante la pr\u00e1ctica deportiva. Sus detalles de dise\u00f1o y materiales de alta calidad garantizan una experiencia superior, permiti\u00e9ndote destacar en el f\u00fatbol-v\u00f3ley con confianza y estilo.<\/span><\/p>\n<p><span dir=\"auto\">\u00a1Consigue ya los pantalones cortos Umbro Ftvl Flame para hombre y mejora tu rendimiento deportivo con una comodidad y un estilo inigualables!<\/span><\/p>\n<h3>Detalles<\/h3>\n<ul>\n<li><strong><span dir=\"auto\">Marca:<\/span><\/strong><span dir=\"auto\"> Umbro.<\/span><\/li>\n<li><strong><span dir=\"auto\">Modelo:<\/span><\/strong><span dir=\"auto\"> U11PF00111-151.<\/span><\/li>\n<li><strong><span dir=\"auto\">Color:<\/span><\/strong><span dir=\"auto\"> Negro, Lima.<\/span><\/li>\n<li><strong>G\u00e9nero:<\/strong> Masculino.<\/li>\n<\/ul>\n","protected":false},"excerpt":{"rendered":"<p>FTVL FLAME Los pantalones cortos tipo bermuda Umbro Ftvl Flame para hombre est\u00e1n confeccionados en poli\u00e9ster de trama lisa con<\/p>\n","protected":false},"featured_media":93368,"comment_status":"open","ping_status":"closed","template":"","meta":{"nf_dc_page":""},"product_brand":[1309],"product_cat":[76],"product_tag":[1316],"class_list":{"0":"post-93367","1":"product","2":"type-product","3":"status-publish","4":"has-post-thumbnail","6":"product_brand-umbro","7":"product_cat-masculino","8":"product_tag-u11pf00111-151","10":"first","11":"instock","12":"shipping-taxable","13":"purchasable","14":"product-type-simple"},"_links":{"self":[{"href":"https:\/\/brandss.com.py\/index\/wp-json\/wp\/v2\/product\/93367","targetHints":{"allow":["GET"]}}],"collection":[{"href":"https:\/\/brandss.com.py\/index\/wp-json\/wp\/v2\/product"}],"about":[{"href":"https:\/\/brandss.com.py\/index\/wp-json\/wp\/v2\/types\/product"}],"replies":[{"embeddable":true,"href":"https:\/\/brandss.com.py\/index\/wp-json\/wp\/v2\/comments?post=93367"}],"version-history":[{"count":1,"href":"https:\/\/brandss.com.py\/index\/wp-json\/wp\/v2\/product\/93367\/revisions"}],"predecessor-version":[{"id":93373,"href":"https:\/\/brandss.com.py\/index\/wp-json\/wp\/v2\/product\/93367\/revisions\/93373"}],"wp:featuredmedia":[{"embeddable":true,"href":"https:\/\/brandss.com.py\/index\/wp-json\/wp\/v2\/media\/93368"}],"wp:attachment":[{"href":"https:\/\/brandss.com.py\/index\/wp-json\/wp\/v2\/media?parent=93367"}],"wp:term":[{"taxonomy":"product_brand","embeddable":true,"href":"https:\/\/brandss.com.py\/index\/wp-json\/wp\/v2\/product_brand?post=93367"},{"taxonomy":"product_cat","embeddable":true,"href":"https:\/\/brandss.com.py\/index\/wp-json\/wp\/v2\/product_cat?post=93367"},{"taxonomy":"product_tag","embeddable":true,"href":"https:\/\/brandss.com.py\/index\/wp-json\/wp\/v2\/product_tag?post=93367"}],"curies":[{"name":"wp","href":"https:\/\/api.w.org\/{rel}","templated":true}]}}