{"id":93374,"date":"2025-11-07T18:10:35","date_gmt":"2025-11-07T18:10:35","guid":{"rendered":"https:\/\/brandss.com.py\/index\/?post_type=product&#038;p=93374"},"modified":"2025-11-07T18:11:17","modified_gmt":"2025-11-07T18:11:17","slug":"bermuda-casual-masculino-umbro-essential-comfy","status":"publish","type":"product","link":"https:\/\/brandss.com.py\/index\/producto\/bermuda-casual-masculino-umbro-essential-comfy\/","title":{"rendered":"BERMUDA CASUAL MASCULINO UMBRO ESSENTIAL COMFY"},"content":{"rendered":"<p><img loading=\"lazy\" decoding=\"async\" class=\"\" src=\"https:\/\/upload.wikimedia.org\/wikipedia\/commons\/b\/b7\/Logo_Umbro.png\" alt=\"Archivo:Logo Umbro.png - Wikipedia, la enciclopedia libre\" width=\"75\" height=\"50\" \/><\/p>\n<h1>ESSENTIAL COMFY<\/h1>\n<p>Bermuda para hombre confeccionada en tejido ligero de poli\u00e9ster y algod\u00f3n tipo sudadera (sin forro polar). Presenta un corte cl\u00e1sico, cintura el\u00e1stica, cord\u00f3n ajustable exterior, bolsillos laterales y el logotipo de Umbro en el lateral izquierdo. .<\/p>\n<h3>Detalles<\/h3>\n<p>Modelo: U11L00588-888.<\/p>\n<p>Categor\u00eda: Casual.<\/p>\n<p>G\u00e9nero: Masculino.<\/p>\n<p>Color: Gris mezcla media.<\/p>\n<p>Largo total: 48 cm.<\/p>\n<p>Composici\u00f3n: 50% poli\u00e9ster 50% algod\u00f3n.<\/p>\n","protected":false},"excerpt":{"rendered":"<p>ESSENTIAL COMFY Bermuda para hombre confeccionada en tejido ligero de poli\u00e9ster y algod\u00f3n tipo sudadera (sin forro polar). Presenta un<\/p>\n","protected":false},"featured_media":93375,"comment_status":"open","ping_status":"closed","template":"","meta":{"nf_dc_page":""},"product_brand":[1309],"product_cat":[76],"product_tag":[1317],"class_list":{"0":"post-93374","1":"product","2":"type-product","3":"status-publish","4":"has-post-thumbnail","6":"product_brand-umbro","7":"product_cat-masculino","8":"product_tag-u11l00588-888","10":"first","11":"instock","12":"shipping-taxable","13":"purchasable","14":"product-type-simple"},"_links":{"self":[{"href":"https:\/\/brandss.com.py\/index\/wp-json\/wp\/v2\/product\/93374","targetHints":{"allow":["GET"]}}],"collection":[{"href":"https:\/\/brandss.com.py\/index\/wp-json\/wp\/v2\/product"}],"about":[{"href":"https:\/\/brandss.com.py\/index\/wp-json\/wp\/v2\/types\/product"}],"replies":[{"embeddable":true,"href":"https:\/\/brandss.com.py\/index\/wp-json\/wp\/v2\/comments?post=93374"}],"version-history":[{"count":1,"href":"https:\/\/brandss.com.py\/index\/wp-json\/wp\/v2\/product\/93374\/revisions"}],"predecessor-version":[{"id":93380,"href":"https:\/\/brandss.com.py\/index\/wp-json\/wp\/v2\/product\/93374\/revisions\/93380"}],"wp:featuredmedia":[{"embeddable":true,"href":"https:\/\/brandss.com.py\/index\/wp-json\/wp\/v2\/media\/93375"}],"wp:attachment":[{"href":"https:\/\/brandss.com.py\/index\/wp-json\/wp\/v2\/media?parent=93374"}],"wp:term":[{"taxonomy":"product_brand","embeddable":true,"href":"https:\/\/brandss.com.py\/index\/wp-json\/wp\/v2\/product_brand?post=93374"},{"taxonomy":"product_cat","embeddable":true,"href":"https:\/\/brandss.com.py\/index\/wp-json\/wp\/v2\/product_cat?post=93374"},{"taxonomy":"product_tag","embeddable":true,"href":"https:\/\/brandss.com.py\/index\/wp-json\/wp\/v2\/product_tag?post=93374"}],"curies":[{"name":"wp","href":"https:\/\/api.w.org\/{rel}","templated":true}]}}