{"id":93391,"date":"2025-11-08T14:07:31","date_gmt":"2025-11-08T14:07:31","guid":{"rendered":"https:\/\/brandss.com.py\/index\/?post_type=product&#038;p=93391"},"modified":"2025-11-08T14:08:07","modified_gmt":"2025-11-08T14:08:07","slug":"aceite-capilar-joico-k-pak-color-therapy-luster-lock-63ml","status":"publish","type":"product","link":"https:\/\/brandss.com.py\/index\/producto\/aceite-capilar-joico-k-pak-color-therapy-luster-lock-63ml\/","title":{"rendered":"ACEITE CAPILAR JOICO K-PAK COLOR THERAPY LUSTER LOCK 63ML"},"content":{"rendered":"<p><img loading=\"lazy\" decoding=\"async\" class=\"\" src=\"https:\/\/logos-world.net\/wp-content\/uploads\/2020\/11\/Joico-Logo.png\" alt=\"Joico Logo, symbol, meaning, history, PNG, brand\" width=\"112\" height=\"63\" \/><\/p>\n<h1>K-PAK COLOR THERAPY<\/h1>\n<p class=\"vc_custom_heading cesis_text_transform_none wpb_animate_when_almost_visible wpb_fadeIn fadeIn wpb_start_animation animated\" data-delay=\"750\"><span dir=\"auto\">\u00bfTe falta brillo? \u00a1Descubre el producto imprescindible para tu cabello! Consigue un color vibrante y un brillo espectacular. Su f\u00f3rmula ligera es ideal para cabello fino, pero a la vez lo suficientemente nutritiva para cabello grueso. Esta mezcla de aceites esencial te brinda un efecto impactante al instante y una protecci\u00f3n potente para que tu color resplandezca durante horas.<\/span><\/p>\n<p data-delay=\"750\"><span dir=\"auto\">Con cada gloriosa gota de este &#8220;potenciador del brillo&#8221; infusionado con aceite de arg\u00e1n y manketti africano, ayudar\u00e1s a fortalecer las hebras, realzar la intensidad del color, controlar el encrespamiento y dar brillo a la opacidad, sin apelmazar el cabello fino ni dejar las hebras gruesas con una sensaci\u00f3n de falta de nutrici\u00f3n.<img loading=\"lazy\" decoding=\"async\" class=\"alignleft\" src=\"https:\/\/beautyartpro.com\/cdn\/shop\/products\/13_d9216d59-3cdc-4dbc-a23e-c4653290295d_3000x.jpg?v=1673030864\" width=\"534\" height=\"534\" \/><\/span><\/p>\n<p><span dir=\"auto\">El aceite Joico K-Pak Color Therapy Luster Lock Glossing Oil de 63 ml es una mezcla de aceites ligera que proporciona brillo instant\u00e1neo y una gran intensidad de color a todo tipo de cabello, a la vez que ofrece una potente protecci\u00f3n para garantizar que tu tono brille a la distancia.<\/span><\/p>\n<p><span dir=\"auto\">Esta f\u00f3rmula con aceite de arg\u00e1n y manketti africano fortalece el cabello, intensifica el color, controla el encrespamiento y aporta brillo sin apelmazar el cabello fino ni resecar el cabello grueso. Duplica la intensidad del color, conserva m\u00e1s del 85 % del tono y proporciona un 150 % m\u00e1s de brillo, suavidad instant\u00e1nea y sedosidad. Adem\u00e1s, protege el cabello de la contaminaci\u00f3n.<\/span><\/p>\n<div class=\"wpb_text_column wpb_content_element cesis_text_transform_none vc_custom_1547086025718\">\n<h3 class=\"wpb_wrapper\"><strong><span dir=\"auto\">Aqu\u00ed te contamos por qu\u00e9 te encantar\u00e1:<\/span><\/strong><\/h3>\n<p class=\"wpb_wrapper\">\n<span dir=\"auto\">\u2013 Duplica la intensidad del color*<\/span><br \/>\n<span dir=\"auto\">\u2013 Conserva m\u00e1s del 85% del color**<\/span><br \/>\n<span dir=\"auto\">\u2013 150% m\u00e1s brillo*<\/span><br \/>\n<span dir=\"auto\">\u2013 Cabello 2 veces m\u00e1s fuerte\u2020<\/span><br \/>\n<span dir=\"auto\">\u2013 Protege el cabello contra la contaminaci\u00f3n\u2021<\/span><br \/>\n<span dir=\"auto\">\u2013 Suavidad y tersura instant\u00e1neas<\/span><br \/>\n<span dir=\"auto\">*En comparaci\u00f3n con el cabello sin tratar<\/span><br \/>\n<span dir=\"auto\">\u2020Contra la rotura al peinar cabello da\u00f1ado en comparaci\u00f3n con un champ\u00fa sin acondicionador<\/span><br \/>\n<span dir=\"auto\">\u2021Probado en laboratorio con part\u00edculas contaminantes<\/span><\/p>\n<h3 class=\"wpb_wrapper\"><strong><span dir=\"auto\">Ingredientes:<\/span><\/strong><\/h3>\n<p class=\"wpb_wrapper\">\n<span dir=\"auto\"><strong>Tecnolog\u00eda SmartRelease:<\/strong> e<\/span><span dir=\"auto\">ncapsula nuestros ingredientes de triple acci\u00f3n para un cabello sano en un liposomas invisible. Este exclusivo sistema de liberaci\u00f3n permite una liberaci\u00f3n continua, protegiendo el cabello del da\u00f1o recurrente causado por el peinado y el desgaste diarios.<\/span><\/p>\n<p class=\"wpb_wrapper\">\n<strong><span dir=\"auto\">Aceite de Manketti africano<\/span><\/strong><span dir=\"auto\"><strong>:<\/strong> r<\/span><span dir=\"auto\">ica fuente de vitamina E, conocida por su protecci\u00f3n natural contra la decoloraci\u00f3n.<\/span><\/p>\n<p class=\"wpb_wrapper\">\n<strong><span dir=\"auto\">Queratina<\/span><\/strong><span dir=\"auto\"><strong>:<\/strong> prote\u00edna protectora presente de forma natural en el cabello, que busca activamente el da\u00f1o y ayuda a repararlo reemplazando las prote\u00ednas perdidas. \u00bfEl resultado? Un cabello m\u00e1s fuerte y con un aspecto m\u00e1s saludable.<\/span><\/p>\n<p class=\"wpb_wrapper\">\n<span dir=\"auto\"><strong>Aceite de arg\u00e1n:<\/strong> u<\/span><span dir=\"auto\">na fuente inagotable de vitamina E, antioxidantes y \u00e1cidos grasos esenciales que ayudan a hidratar y nutrir profundamente el cabello.<\/span><\/p>\n<h3 class=\"wpb_wrapper\"><strong><span dir=\"auto\">Modo de empleo:<\/span><\/strong><\/h3>\n<p class=\"wpb_wrapper\">\n<span dir=\"auto\">Aplicar 1-2 pulsaciones sobre el cabello seco o h\u00famedo. Peinar como de costumbre.<\/span><\/p>\n<\/div>\n<div id=\"gorgias-chat-container\">\n<div data-focus-guard=\"true\"><\/div>\n<\/div>\n","protected":false},"excerpt":{"rendered":"<p>K-PAK COLOR THERAPY \u00bfTe falta brillo? \u00a1Descubre el producto imprescindible para tu cabello! Consigue un color vibrante y un brillo<\/p>\n","protected":false},"featured_media":93392,"comment_status":"open","ping_status":"closed","template":"","meta":{"nf_dc_page":""},"product_brand":[1318],"product_cat":[85],"product_tag":[1321],"class_list":{"0":"post-93391","1":"product","2":"type-product","3":"status-publish","4":"has-post-thumbnail","6":"product_brand-joico","7":"product_cat-cosmeticos","8":"product_tag-1321","10":"first","11":"instock","12":"shipping-taxable","13":"purchasable","14":"product-type-simple"},"_links":{"self":[{"href":"https:\/\/brandss.com.py\/index\/wp-json\/wp\/v2\/product\/93391","targetHints":{"allow":["GET"]}}],"collection":[{"href":"https:\/\/brandss.com.py\/index\/wp-json\/wp\/v2\/product"}],"about":[{"href":"https:\/\/brandss.com.py\/index\/wp-json\/wp\/v2\/types\/product"}],"replies":[{"embeddable":true,"href":"https:\/\/brandss.com.py\/index\/wp-json\/wp\/v2\/comments?post=93391"}],"version-history":[{"count":1,"href":"https:\/\/brandss.com.py\/index\/wp-json\/wp\/v2\/product\/93391\/revisions"}],"predecessor-version":[{"id":93398,"href":"https:\/\/brandss.com.py\/index\/wp-json\/wp\/v2\/product\/93391\/revisions\/93398"}],"wp:featuredmedia":[{"embeddable":true,"href":"https:\/\/brandss.com.py\/index\/wp-json\/wp\/v2\/media\/93392"}],"wp:attachment":[{"href":"https:\/\/brandss.com.py\/index\/wp-json\/wp\/v2\/media?parent=93391"}],"wp:term":[{"taxonomy":"product_brand","embeddable":true,"href":"https:\/\/brandss.com.py\/index\/wp-json\/wp\/v2\/product_brand?post=93391"},{"taxonomy":"product_cat","embeddable":true,"href":"https:\/\/brandss.com.py\/index\/wp-json\/wp\/v2\/product_cat?post=93391"},{"taxonomy":"product_tag","embeddable":true,"href":"https:\/\/brandss.com.py\/index\/wp-json\/wp\/v2\/product_tag?post=93391"}],"curies":[{"name":"wp","href":"https:\/\/api.w.org\/{rel}","templated":true}]}}