{"id":93414,"date":"2025-11-08T17:26:36","date_gmt":"2025-11-08T17:26:36","guid":{"rendered":"https:\/\/brandss.com.py\/index\/?post_type=product&#038;p=93414"},"modified":"2025-11-08T17:30:12","modified_gmt":"2025-11-08T17:30:12","slug":"balsamo-labial-carmex-classic-medicated-triple-force-stick-spf-15-4-25gr","status":"publish","type":"product","link":"https:\/\/brandss.com.py\/index\/producto\/balsamo-labial-carmex-classic-medicated-triple-force-stick-spf-15-4-25gr\/","title":{"rendered":"B\u00c1LSAMO LABIAL CARMEX CLASSIC MEDICATED TRIPLE FORCE STICK SPF 15 4.25GR"},"content":{"rendered":"<p><img loading=\"lazy\" decoding=\"async\" class=\"\" src=\"https:\/\/logodix.com\/logo\/1755817.png\" alt=\"Carmex Logo - LogoDix\" width=\"229\" height=\"120\" \/><\/p>\n<h1>CLASSIC MEDICATED TRIPLE FORCE<\/h1>\n<p><strong><em><span dir=\"auto\">Calma, cura y protege.<\/span><\/em><\/strong><\/p>\n<p><span dir=\"auto\">La f\u00f3rmula de este b\u00e1lsamo labial medicado ayuda a aliviar los labios secos y agrietados. <\/span><span dir=\"auto\">Cuidado labial multiusos con protector solar y b\u00e1lsamo labial para ayudar a proteger contra el fr\u00edo, el viento y el clima seco.\u00a0<\/span><span dir=\"auto\">Este b\u00e1lsamo labial hidratante contiene manteca de cacao, alcanfor y mentol para una sensaci\u00f3n calmante y refrescante en una f\u00f3rmula que se desliza suavemente sobre los labios.\u00a0<\/span><\/p>\n<p><span dir=\"auto\">El cl\u00e1sico b\u00e1lsamo labial en barra es f\u00e1cil de llevar contigo.<\/span><\/p>\n<p><span dir=\"auto\">Alivia y protege tus labios secos y agrietados con el b\u00e1lsamo labial medicado Carmex. El alcanfor y el mentol le dan a este b\u00e1lsamo labial hidratante una sensaci\u00f3n refrescante y calmante, y la manteca de cacao ayuda a suavizar los labios. Un b\u00e1lsamo labial multifuncional, Carmex con FPS 15, ayuda a proteger tus labios en todo tipo de clima. Su pr\u00e1ctico formato en barra cabe f\u00e1cilmente en tu bolsillo o bolso para el cuidado de tus labios en cualquier lugar. Simplemente aplica generosamente este b\u00e1lsamo labial Carmex en tus labios 15 minutos antes de la exposici\u00f3n al sol. Reaplica cada dos horas. \u00a1Revitaliza tus labios con el b\u00e1lsamo labial Carmex!\u00a0<\/span><\/p>\n<h3>Beneficios<\/h3>\n<ul>\n<li>Protege y alivia tus labios.<\/li>\n<li>Su f\u00f3rmula medicinal original ofrece una hidrataci\u00f3n profunda y una barrera efectiva contra el fr\u00edo, el viento y el clima seco.<\/li>\n<li>Enriquecido con manteca de cacao, suaviza y nutre los labios, previniendo la resequedad.<\/li>\n<li>Contiene alcanfor y mentol, brindando una sensaci\u00f3n refrescante y calmante en cada aplicaci\u00f3n.<\/li>\n<li>Su factor de protecci\u00f3n solar 15 ayuda a prevenir quemaduras solares y labios agrietados, ideal para el uso diario.<\/li>\n<li>Se desliza suavemente, proporcionando confort inmediato y una hidrataci\u00f3n duradera.<\/li>\n<li>Su pr\u00e1ctico formato en barra facilita la aplicaci\u00f3n en cualquier momento y lugar.<\/li>\n<li>Dise\u00f1ado para todas las estaciones, mantiene tus labios saludables y protegidos durante todo el a\u00f1o.<\/li>\n<\/ul>\n","protected":false},"excerpt":{"rendered":"<p>CLASSIC MEDICATED TRIPLE FORCE Calma, cura y protege. La f\u00f3rmula de este b\u00e1lsamo labial medicado ayuda a aliviar los labios<\/p>\n","protected":false},"featured_media":93415,"comment_status":"open","ping_status":"closed","template":"","meta":{"nf_dc_page":""},"product_brand":[1324],"product_cat":[85],"product_tag":[1325],"class_list":{"0":"post-93414","1":"product","2":"type-product","3":"status-publish","4":"has-post-thumbnail","6":"product_brand-carmex","7":"product_cat-cosmeticos","8":"product_tag-1325","10":"first","11":"instock","12":"shipping-taxable","13":"purchasable","14":"product-type-simple"},"_links":{"self":[{"href":"https:\/\/brandss.com.py\/index\/wp-json\/wp\/v2\/product\/93414","targetHints":{"allow":["GET"]}}],"collection":[{"href":"https:\/\/brandss.com.py\/index\/wp-json\/wp\/v2\/product"}],"about":[{"href":"https:\/\/brandss.com.py\/index\/wp-json\/wp\/v2\/types\/product"}],"replies":[{"embeddable":true,"href":"https:\/\/brandss.com.py\/index\/wp-json\/wp\/v2\/comments?post=93414"}],"version-history":[{"count":2,"href":"https:\/\/brandss.com.py\/index\/wp-json\/wp\/v2\/product\/93414\/revisions"}],"predecessor-version":[{"id":93422,"href":"https:\/\/brandss.com.py\/index\/wp-json\/wp\/v2\/product\/93414\/revisions\/93422"}],"wp:featuredmedia":[{"embeddable":true,"href":"https:\/\/brandss.com.py\/index\/wp-json\/wp\/v2\/media\/93415"}],"wp:attachment":[{"href":"https:\/\/brandss.com.py\/index\/wp-json\/wp\/v2\/media?parent=93414"}],"wp:term":[{"taxonomy":"product_brand","embeddable":true,"href":"https:\/\/brandss.com.py\/index\/wp-json\/wp\/v2\/product_brand?post=93414"},{"taxonomy":"product_cat","embeddable":true,"href":"https:\/\/brandss.com.py\/index\/wp-json\/wp\/v2\/product_cat?post=93414"},{"taxonomy":"product_tag","embeddable":true,"href":"https:\/\/brandss.com.py\/index\/wp-json\/wp\/v2\/product_tag?post=93414"}],"curies":[{"name":"wp","href":"https:\/\/api.w.org\/{rel}","templated":true}]}}