{"id":93423,"date":"2025-11-08T17:48:24","date_gmt":"2025-11-08T17:48:24","guid":{"rendered":"https:\/\/brandss.com.py\/index\/?post_type=product&#038;p=93423"},"modified":"2025-11-08T17:49:04","modified_gmt":"2025-11-08T17:49:04","slug":"balsamo-labial-carmex-classic-medicated-triple-force-10gr","status":"publish","type":"product","link":"https:\/\/brandss.com.py\/index\/producto\/balsamo-labial-carmex-classic-medicated-triple-force-10gr\/","title":{"rendered":"B\u00c1LSAMO LABIAL CARMEX CLASSIC MEDICATED TRIPLE FORCE 10GR"},"content":{"rendered":"<p><img loading=\"lazy\" decoding=\"async\" class=\"\" src=\"https:\/\/logodix.com\/logo\/1755817.png\" alt=\"Carmex Logo - LogoDix\" width=\"154\" height=\"81\" \/><\/p>\n<h1>CLASSIC MEDICATED TRIPLE FORCE<\/h1>\n<p>El B\u00e1lsamo Labial Carmex Classic Medicated Triple Force es tu mejor aliado para mantener tus labios hidratados y protegidos. Este ic\u00f3nico b\u00e1lsamo, presentado en su cl\u00e1sico tubo, ha sido la soluci\u00f3n confiable de generaciones para combatir la resequedad y las grietas labiales. Gracias a su Triple Force Formula, no solo protege contra el fr\u00edo, el viento y el clima seco, sino que tambi\u00e9n alivia los labios secos y ayuda a suavizar e hidratar con la eficacia de la manteca de cacao. Los ingredientes activos, como el alcanfor y el mentol, ofrecen un efecto refrescante y suavizante, haciendo que tus labios se sientan revitalizados al instante. Especialmente formulado para ayudar a aliviar los s\u00edntomas del herpes labial, este b\u00e1lsamo es esencial para cualquier kit de cuidado personal e ideal para usar en cualquier estaci\u00f3n.<\/p>\n<h3>Beneficios<\/h3>\n<ul class=\"wp-block-list\">\n<li><span dir=\"auto\"><span class=\"VIpgJd-yAWNEb-VIpgJd-fmcmS-sn54Q\" dir=\"auto\">La f\u00f3rmula Triple Force\u2122 ayuda a proteger del fr\u00edo, el viento y el clima seco.<\/span><\/span><\/li>\n<li><span dir=\"auto\">Se desliza suavemente para ayudar a suavizar e hidratar los labios con manteca de cacao hidratante.<\/span><\/li>\n<li><span dir=\"auto\">Refresca y suaviza los labios<\/span><\/li>\n<li><span dir=\"auto\">Los productos Carmex nunca se prueban en animales.<\/span><\/li>\n<li>Analg\u00e9sico externo | Protector labial.<\/li>\n<li>Calma. Cura. It Protects\u00ae<\/li>\n<li>Alivio confiable para labios secos y agrietados.<\/li>\n<li>F\u00f3rmula de triple fuerza.<\/li>\n<li>Ayuda a proteger contra el fr\u00edo, el viento y el clima seco.<\/li>\n<li>Ayuda a aliviar los s\u00edntomas del herpes labial y los labios secos.<\/li>\n<\/ul>\n","protected":false},"excerpt":{"rendered":"<p>CLASSIC MEDICATED TRIPLE FORCE El B\u00e1lsamo Labial Carmex Classic Medicated Triple Force es tu mejor aliado para mantener tus labios<\/p>\n","protected":false},"featured_media":93424,"comment_status":"open","ping_status":"closed","template":"","meta":{"nf_dc_page":""},"product_brand":[1324],"product_cat":[85],"product_tag":[1326],"class_list":{"0":"post-93423","1":"product","2":"type-product","3":"status-publish","4":"has-post-thumbnail","6":"product_brand-carmex","7":"product_cat-cosmeticos","8":"product_tag-1326","10":"first","11":"instock","12":"shipping-taxable","13":"purchasable","14":"product-type-simple"},"_links":{"self":[{"href":"https:\/\/brandss.com.py\/index\/wp-json\/wp\/v2\/product\/93423","targetHints":{"allow":["GET"]}}],"collection":[{"href":"https:\/\/brandss.com.py\/index\/wp-json\/wp\/v2\/product"}],"about":[{"href":"https:\/\/brandss.com.py\/index\/wp-json\/wp\/v2\/types\/product"}],"replies":[{"embeddable":true,"href":"https:\/\/brandss.com.py\/index\/wp-json\/wp\/v2\/comments?post=93423"}],"version-history":[{"count":1,"href":"https:\/\/brandss.com.py\/index\/wp-json\/wp\/v2\/product\/93423\/revisions"}],"predecessor-version":[{"id":93427,"href":"https:\/\/brandss.com.py\/index\/wp-json\/wp\/v2\/product\/93423\/revisions\/93427"}],"wp:featuredmedia":[{"embeddable":true,"href":"https:\/\/brandss.com.py\/index\/wp-json\/wp\/v2\/media\/93424"}],"wp:attachment":[{"href":"https:\/\/brandss.com.py\/index\/wp-json\/wp\/v2\/media?parent=93423"}],"wp:term":[{"taxonomy":"product_brand","embeddable":true,"href":"https:\/\/brandss.com.py\/index\/wp-json\/wp\/v2\/product_brand?post=93423"},{"taxonomy":"product_cat","embeddable":true,"href":"https:\/\/brandss.com.py\/index\/wp-json\/wp\/v2\/product_cat?post=93423"},{"taxonomy":"product_tag","embeddable":true,"href":"https:\/\/brandss.com.py\/index\/wp-json\/wp\/v2\/product_tag?post=93423"}],"curies":[{"name":"wp","href":"https:\/\/api.w.org\/{rel}","templated":true}]}}