{"id":93428,"date":"2025-11-08T18:04:22","date_gmt":"2025-11-08T18:04:22","guid":{"rendered":"https:\/\/brandss.com.py\/index\/?post_type=product&#038;p=93428"},"modified":"2025-11-08T18:04:57","modified_gmt":"2025-11-08T18:04:57","slug":"balsamo-labial-carmex-classic-medicated-daily-care-spf-15-strawberry-10gr","status":"publish","type":"product","link":"https:\/\/brandss.com.py\/index\/producto\/balsamo-labial-carmex-classic-medicated-daily-care-spf-15-strawberry-10gr\/","title":{"rendered":"B\u00c1LSAMO LABIAL CARMEX CLASSIC MEDICATED DAILY CARE SPF 15 STRAWBERRY 10GR"},"content":{"rendered":"<p><img loading=\"lazy\" decoding=\"async\" class=\"\" src=\"https:\/\/logodix.com\/logo\/1755817.png\" alt=\"Carmex Logo - LogoDix\" width=\"212\" height=\"111\" \/><\/p>\n<h1>DAILY CARE SPF 15 STRAWBERRY<\/h1>\n<p>Dale un toque de sabor a tu d\u00eda con el primer Carmex Daily Care\u00ae disponible en un tubo exprimible. El b\u00e1lsamo labial CARMEX de fresa, con un intenso aroma, protege e hidrata los labios secos y contiene protecci\u00f3n adicional SPF 15. \u00dasalo como base para el labial o solo para darle a tus labios un brillo natural y saludable.<\/p>\n<h3>Beneficios<\/h3>\n<ul class=\"wp-block-list\">\n<li><span dir=\"auto\"><span class=\"VIpgJd-yAWNEb-VIpgJd-fmcmS-sn54Q\" dir=\"auto\">Suaviza, calma y alisa los labios<\/span><\/span><\/li>\n<li><span dir=\"auto\">Protecci\u00f3n solar diaria SPF 15 y resistente al agua hasta 80 minutos<\/span><\/li>\n<li><span dir=\"auto\">Mantiene los labios con un aspecto y una sensaci\u00f3n saludables con el uso diario.<\/span><\/li>\n<\/ul>\n<h4><span dir=\"auto\">Usos<\/span><\/h4>\n<ul>\n<li><span dir=\"auto\">Ayuda a proteger contra las quemaduras solares.<\/span><\/li>\n<li><span dir=\"auto\">Un SPF m\u00e1s alto proporciona mayor protecci\u00f3n contra las quemaduras solares.<\/span><\/li>\n<\/ul>\n<h3><span dir=\"auto\"><span class=\"VIpgJd-yAWNEb-VIpgJd-fmcmS-sn54Q\" dir=\"auto\">Modo de empleo<\/span><\/span><\/h3>\n<ul>\n<li><span dir=\"auto\"><span class=\"\" dir=\"auto\">Aplicar generosamente 15 minutos antes de la exposici\u00f3n al sol.<\/span><\/span><\/li>\n<li><span dir=\"auto\"><span class=\"\" dir=\"auto\">Aplicar de nuevo:<\/span><\/span>\n<ul>\n<li><span dir=\"auto\">Despu\u00e9s de 80 minutos de nataci\u00f3n o sudoraci\u00f3n.<\/span><\/li>\n<li><span dir=\"auto\">Inmediatamente despu\u00e9s de secar con la toalla.<\/span><\/li>\n<li><span dir=\"auto\">Al menos cada 2 horas.<\/span><\/li>\n<\/ul>\n<\/li>\n<li><span dir=\"auto\">Ni\u00f1os menores de 2 a\u00f1os: consulte a un m\u00e9dico.<\/span><\/li>\n<\/ul>\n","protected":false},"excerpt":{"rendered":"<p>DAILY CARE SPF 15 STRAWBERRY Dale un toque de sabor a tu d\u00eda con el primer Carmex Daily Care\u00ae disponible<\/p>\n","protected":false},"featured_media":93429,"comment_status":"open","ping_status":"closed","template":"","meta":{"nf_dc_page":""},"product_brand":[1324],"product_cat":[85],"product_tag":[1327],"class_list":{"0":"post-93428","1":"product","2":"type-product","3":"status-publish","4":"has-post-thumbnail","6":"product_brand-carmex","7":"product_cat-cosmeticos","8":"product_tag-1327","10":"first","11":"instock","12":"shipping-taxable","13":"purchasable","14":"product-type-simple"},"_links":{"self":[{"href":"https:\/\/brandss.com.py\/index\/wp-json\/wp\/v2\/product\/93428","targetHints":{"allow":["GET"]}}],"collection":[{"href":"https:\/\/brandss.com.py\/index\/wp-json\/wp\/v2\/product"}],"about":[{"href":"https:\/\/brandss.com.py\/index\/wp-json\/wp\/v2\/types\/product"}],"replies":[{"embeddable":true,"href":"https:\/\/brandss.com.py\/index\/wp-json\/wp\/v2\/comments?post=93428"}],"version-history":[{"count":1,"href":"https:\/\/brandss.com.py\/index\/wp-json\/wp\/v2\/product\/93428\/revisions"}],"predecessor-version":[{"id":93433,"href":"https:\/\/brandss.com.py\/index\/wp-json\/wp\/v2\/product\/93428\/revisions\/93433"}],"wp:featuredmedia":[{"embeddable":true,"href":"https:\/\/brandss.com.py\/index\/wp-json\/wp\/v2\/media\/93429"}],"wp:attachment":[{"href":"https:\/\/brandss.com.py\/index\/wp-json\/wp\/v2\/media?parent=93428"}],"wp:term":[{"taxonomy":"product_brand","embeddable":true,"href":"https:\/\/brandss.com.py\/index\/wp-json\/wp\/v2\/product_brand?post=93428"},{"taxonomy":"product_cat","embeddable":true,"href":"https:\/\/brandss.com.py\/index\/wp-json\/wp\/v2\/product_cat?post=93428"},{"taxonomy":"product_tag","embeddable":true,"href":"https:\/\/brandss.com.py\/index\/wp-json\/wp\/v2\/product_tag?post=93428"}],"curies":[{"name":"wp","href":"https:\/\/api.w.org\/{rel}","templated":true}]}}