{"id":93434,"date":"2025-11-08T18:27:09","date_gmt":"2025-11-08T18:27:09","guid":{"rendered":"https:\/\/brandss.com.py\/index\/?post_type=product&#038;p=93434"},"modified":"2025-11-08T18:27:37","modified_gmt":"2025-11-08T18:27:37","slug":"balsamo-labial-carmex-classic-medicated-daily-care-spf-15-fresh-cherry-10gr","status":"publish","type":"product","link":"https:\/\/brandss.com.py\/index\/producto\/balsamo-labial-carmex-classic-medicated-daily-care-spf-15-fresh-cherry-10gr\/","title":{"rendered":"B\u00c1LSAMO LABIAL CARMEX CLASSIC MEDICATED DAILY CARE SPF 15 FRESH CHERRY 10GR"},"content":{"rendered":"<p><img loading=\"lazy\" decoding=\"async\" class=\"\" src=\"https:\/\/logodix.com\/logo\/1755817.png\" alt=\"Carmex Logo - LogoDix\" width=\"168\" height=\"88\" \/><\/p>\n<h1>DAILY CARE SPF 15 FRESH CHERRY<\/h1>\n<p>Nuestro b\u00e1lsamo labial Carmex Daily Care\u00ae de cereza fresca fue un \u00e9xito rotundo, por lo que decidimos que necesitaba un compa\u00f1ero exprimible. Nuestro b\u00e1lsamo labial CARMEX de cereza viene en el caracter\u00edstico envase de CARMEX y tiene un delicioso aroma afrutado. Contiene SPF 15 y la exclusiva f\u00f3rmula hidratante de CARMEX. Calma, hidrata y alivia, dejando los labios suaves y con un aspecto saludable.<\/p>\n<h3>Beneficios<\/h3>\n<ul class=\"wp-block-list\">\n<li><span dir=\"auto\">Suaviza, calma y alisa los labios<\/span><\/li>\n<li><span dir=\"auto\"><span class=\"VIpgJd-yAWNEb-VIpgJd-fmcmS-sn54Q\" dir=\"auto\">Protecci\u00f3n solar diaria SPF 15 y resistente al agua hasta 80 minutos<\/span><\/span><\/li>\n<li><span dir=\"auto\">Mantiene los labios con un aspecto y una sensaci\u00f3n saludables con el uso diario.<\/span><\/li>\n<li>Protector solar con FPS 15 resistente al agua (80 minutos).<\/li>\n<li>Calma. Suaviza. It Softens\u00ae<\/li>\n<li>Protecci\u00f3n solar e hidrataci\u00f3n diarias.<\/li>\n<li>No Animal Testing: producto no probado en animales.\n<div class=\"row item-row\">\n<div class=\"col-xs-24\">\n<div>\n<p><strong>Usos<\/strong><\/p>\n<ul>\n<li>Ayuda a proteger contra las quemaduras solares.<\/li>\n<li>Un FPS m\u00e1s alto brinda m\u00e1s protecci\u00f3n contra las quemaduras solares.<\/li>\n<\/ul>\n<\/div>\n<\/div>\n<\/div>\n<div class=\"row item-row\">\n<div class=\"col-xs-24\">\n<h3><strong>Uso sugerido<\/strong><\/h3>\n<div class=\"prodOverviewDetail\">\n<ul>\n<li>Aplique una cantidad abundante 15\u00a0minutos antes de exponerse al sol.<\/li>\n<li>Vuelva a aplicar: despu\u00e9s de haber nadado o transpirado durante 80 minutos.<\/li>\n<li>Inmediatamente despu\u00e9s de haberse secado con una toalla.<\/li>\n<li>Al menos, cada 2\u00a0horas.<\/li>\n<li>Ni\u00f1os menores de 2 a\u00f1os: consulte con un m\u00e9dico.<\/li>\n<\/ul>\n<\/div>\n<\/div>\n<\/div>\n<\/li>\n<\/ul>\n","protected":false},"excerpt":{"rendered":"<p>DAILY CARE SPF 15 FRESH CHERRY Nuestro b\u00e1lsamo labial Carmex Daily Care\u00ae de cereza fresca fue un \u00e9xito rotundo, por<\/p>\n","protected":false},"featured_media":93435,"comment_status":"open","ping_status":"closed","template":"","meta":{"nf_dc_page":""},"product_brand":[1324],"product_cat":[85],"product_tag":[1328],"class_list":{"0":"post-93434","1":"product","2":"type-product","3":"status-publish","4":"has-post-thumbnail","6":"product_brand-carmex","7":"product_cat-cosmeticos","8":"product_tag-1328","10":"first","11":"instock","12":"shipping-taxable","13":"purchasable","14":"product-type-simple"},"_links":{"self":[{"href":"https:\/\/brandss.com.py\/index\/wp-json\/wp\/v2\/product\/93434","targetHints":{"allow":["GET"]}}],"collection":[{"href":"https:\/\/brandss.com.py\/index\/wp-json\/wp\/v2\/product"}],"about":[{"href":"https:\/\/brandss.com.py\/index\/wp-json\/wp\/v2\/types\/product"}],"replies":[{"embeddable":true,"href":"https:\/\/brandss.com.py\/index\/wp-json\/wp\/v2\/comments?post=93434"}],"version-history":[{"count":1,"href":"https:\/\/brandss.com.py\/index\/wp-json\/wp\/v2\/product\/93434\/revisions"}],"predecessor-version":[{"id":93439,"href":"https:\/\/brandss.com.py\/index\/wp-json\/wp\/v2\/product\/93434\/revisions\/93439"}],"wp:featuredmedia":[{"embeddable":true,"href":"https:\/\/brandss.com.py\/index\/wp-json\/wp\/v2\/media\/93435"}],"wp:attachment":[{"href":"https:\/\/brandss.com.py\/index\/wp-json\/wp\/v2\/media?parent=93434"}],"wp:term":[{"taxonomy":"product_brand","embeddable":true,"href":"https:\/\/brandss.com.py\/index\/wp-json\/wp\/v2\/product_brand?post=93434"},{"taxonomy":"product_cat","embeddable":true,"href":"https:\/\/brandss.com.py\/index\/wp-json\/wp\/v2\/product_cat?post=93434"},{"taxonomy":"product_tag","embeddable":true,"href":"https:\/\/brandss.com.py\/index\/wp-json\/wp\/v2\/product_tag?post=93434"}],"curies":[{"name":"wp","href":"https:\/\/api.w.org\/{rel}","templated":true}]}}