{"id":93495,"date":"2025-11-10T18:29:14","date_gmt":"2025-11-10T18:29:14","guid":{"rendered":"https:\/\/brandss.com.py\/index\/?post_type=product&#038;p=93495"},"modified":"2025-11-10T18:30:27","modified_gmt":"2025-11-10T18:30:27","slug":"calzado-casual-masculino-nike-court-shot-2","status":"publish","type":"product","link":"https:\/\/brandss.com.py\/index\/producto\/calzado-casual-masculino-nike-court-shot-2\/","title":{"rendered":"CALZADO CASUAL MASCULINO NIKE COURT SHOT"},"content":{"rendered":"<p><img loading=\"lazy\" decoding=\"async\" class=\"\" src=\"https:\/\/logohistory.net\/wp-content\/uploads\/2023\/02\/Nike-Logo.png\" alt=\"Nike Logo Transparent Background Nike Logo Transparent Free Top Nike Eps Logo Outlet\" width=\"89\" height=\"50\" \/><\/p>\n<h1>COURT SHOT<\/h1>\n<p>Este calzado de perfil bajo es un b\u00e1sico minimalista. Su parte superior de piel sint\u00e9tica crea un look cl\u00e1sico, mientras que las costuras y el logo Swoosh texturizado le dan el toque justo de sofisticaci\u00f3n. El exterior de piel sint\u00e9tica es duradero y f\u00e1cil de limpiar. El forro de malla lo mantiene ligero y transpirable. El acolchado en el cuello y la leng\u00fceta proporciona una sensaci\u00f3n de confort. Haz que cada paso hable de ti con los nuevos tenisCourt Shot\u00a0que Nike tiene para ti. Este par te permitir\u00e1 caminar hacia nuevas\u00a0aventuras\u00a0en compa\u00f1\u00eda del\u00a0confort y estilo\u00a0que mereces. \u00a1Adqui\u00e9relos ya y permite que sigan tu ritmo!<\/p>\n<h4>Detalles<\/h4>\n<ul>\n<li>Cierre con cordones para un ajuste personalizado.<\/li>\n<li>Piel sint\u00e9tica que te da un look mucho m\u00e1s casual sin sacrificar la transpiraci\u00f3n.<\/li>\n<li>Corte bajo que te ofrece libertad de movimiento.<\/li>\n<li>Forro construido con malla que favorece la ventilaci\u00f3n de tus pies.<\/li>\n<li>Cuello y leng\u00fceta acolchada para aumentar la suavidad al caminar.<\/li>\n<li>Suela de goma que no deja marcas y resistente a la abrasi\u00f3n.<\/li>\n<li>Color: Blanco\/Goma Marr\u00f3n claro\/Negro.<\/li>\n<li>Modelo: FQ8146-112.<\/li>\n<li>G\u00e9nero: Masculino.<\/li>\n<\/ul>\n","protected":false},"excerpt":{"rendered":"<p>COURT SHOT Este calzado de perfil bajo es un b\u00e1sico minimalista. Su parte superior de piel sint\u00e9tica crea un look<\/p>\n","protected":false},"featured_media":93496,"comment_status":"open","ping_status":"closed","template":"","meta":{"nf_dc_page":""},"product_brand":[1333],"product_cat":[76],"product_tag":[1336],"class_list":{"0":"post-93495","1":"product","2":"type-product","3":"status-publish","4":"has-post-thumbnail","6":"product_brand-nike","7":"product_cat-masculino","8":"product_tag-fq8146-112","10":"first","11":"instock","12":"shipping-taxable","13":"purchasable","14":"product-type-simple"},"_links":{"self":[{"href":"https:\/\/brandss.com.py\/index\/wp-json\/wp\/v2\/product\/93495","targetHints":{"allow":["GET"]}}],"collection":[{"href":"https:\/\/brandss.com.py\/index\/wp-json\/wp\/v2\/product"}],"about":[{"href":"https:\/\/brandss.com.py\/index\/wp-json\/wp\/v2\/types\/product"}],"replies":[{"embeddable":true,"href":"https:\/\/brandss.com.py\/index\/wp-json\/wp\/v2\/comments?post=93495"}],"version-history":[{"count":2,"href":"https:\/\/brandss.com.py\/index\/wp-json\/wp\/v2\/product\/93495\/revisions"}],"predecessor-version":[{"id":93505,"href":"https:\/\/brandss.com.py\/index\/wp-json\/wp\/v2\/product\/93495\/revisions\/93505"}],"wp:featuredmedia":[{"embeddable":true,"href":"https:\/\/brandss.com.py\/index\/wp-json\/wp\/v2\/media\/93496"}],"wp:attachment":[{"href":"https:\/\/brandss.com.py\/index\/wp-json\/wp\/v2\/media?parent=93495"}],"wp:term":[{"taxonomy":"product_brand","embeddable":true,"href":"https:\/\/brandss.com.py\/index\/wp-json\/wp\/v2\/product_brand?post=93495"},{"taxonomy":"product_cat","embeddable":true,"href":"https:\/\/brandss.com.py\/index\/wp-json\/wp\/v2\/product_cat?post=93495"},{"taxonomy":"product_tag","embeddable":true,"href":"https:\/\/brandss.com.py\/index\/wp-json\/wp\/v2\/product_tag?post=93495"}],"curies":[{"name":"wp","href":"https:\/\/api.w.org\/{rel}","templated":true}]}}