{"id":93536,"date":"2025-11-11T12:10:03","date_gmt":"2025-11-11T12:10:03","guid":{"rendered":"https:\/\/brandss.com.py\/index\/?post_type=product&#038;p=93536"},"modified":"2025-11-11T12:10:45","modified_gmt":"2025-11-11T12:10:45","slug":"calzado-casual-masculino-nike-court-shot-4","status":"publish","type":"product","link":"https:\/\/brandss.com.py\/index\/producto\/calzado-casual-masculino-nike-court-shot-4\/","title":{"rendered":"CALZADO CASUAL MASCULINO NIKE COURT SHOT"},"content":{"rendered":"<p><img loading=\"lazy\" decoding=\"async\" class=\"\" src=\"https:\/\/www.edigitalagency.com.au\/wp-content\/uploads\/new-Nike-logo-black-png-large-size.png\" alt=\"THE NEW NIKE LOGO BLACK PNG IN 2025 - eDigital Agency\" width=\"123\" height=\"65\" \/><\/p>\n<h1>COURT SHOT<\/h1>\n<p>Estos calzados de perfil bajo son un b\u00e1sico minimalista. La parte superior de cuero sint\u00e9tico crea un look cl\u00e1sico; las costuras y el logotipo Swoosh texturizado a\u00f1aden la cantidad exacta de detalles mejorados.<\/p>\n<p><span dir=\"auto\">Un cl\u00e1sico minimalista de corte bajo. Su parte superior de piel sint\u00e9tica le confiere un estilo ic\u00f3nico. Las costuras y el logo Swoosh texturizado le aportan un toque de sofisticaci\u00f3n.<\/span><\/p>\n<p>&nbsp;<\/p>\n<h3>Detalles<\/h3>\n<p>&nbsp;<\/p>\n<ul>\n<li>El cuero sint\u00e9tico en la parte superior es duradero y f\u00e1cil de limpiar.<\/li>\n<li>El forro de malla mantiene la ligereza y ventilaci\u00f3n.<\/li>\n<li>El acolchado en el cuello y la leng\u00fceta a\u00f1aden suavidad.<\/li>\n<li>Suela de goma.<\/li>\n<li>Logotipo Swoosh en bajorrelieve en la entresuela.<\/li>\n<li><span dir=\"auto\">Suela de goma.<\/span><\/li>\n<li><span dir=\"auto\">Logotipo Swoosh texturizado en la entresuela.<\/span><\/li>\n<li><span dir=\"auto\">Color: Blanco\/Negro.<\/span><\/li>\n<li><span dir=\"auto\">Modelo: FQ8146-003.<\/span><\/li>\n<\/ul>\n","protected":false},"excerpt":{"rendered":"<p>COURT SHOT Estos calzados de perfil bajo son un b\u00e1sico minimalista. La parte superior de cuero sint\u00e9tico crea un look<\/p>\n","protected":false},"featured_media":93537,"comment_status":"open","ping_status":"closed","template":"","meta":{"nf_dc_page":""},"product_brand":[1333],"product_cat":[76],"product_tag":[1340],"class_list":{"0":"post-93536","1":"product","2":"type-product","3":"status-publish","4":"has-post-thumbnail","6":"product_brand-nike","7":"product_cat-masculino","8":"product_tag-fq8146-003","10":"first","11":"instock","12":"shipping-taxable","13":"purchasable","14":"product-type-simple"},"_links":{"self":[{"href":"https:\/\/brandss.com.py\/index\/wp-json\/wp\/v2\/product\/93536","targetHints":{"allow":["GET"]}}],"collection":[{"href":"https:\/\/brandss.com.py\/index\/wp-json\/wp\/v2\/product"}],"about":[{"href":"https:\/\/brandss.com.py\/index\/wp-json\/wp\/v2\/types\/product"}],"replies":[{"embeddable":true,"href":"https:\/\/brandss.com.py\/index\/wp-json\/wp\/v2\/comments?post=93536"}],"version-history":[{"count":1,"href":"https:\/\/brandss.com.py\/index\/wp-json\/wp\/v2\/product\/93536\/revisions"}],"predecessor-version":[{"id":93545,"href":"https:\/\/brandss.com.py\/index\/wp-json\/wp\/v2\/product\/93536\/revisions\/93545"}],"wp:featuredmedia":[{"embeddable":true,"href":"https:\/\/brandss.com.py\/index\/wp-json\/wp\/v2\/media\/93537"}],"wp:attachment":[{"href":"https:\/\/brandss.com.py\/index\/wp-json\/wp\/v2\/media?parent=93536"}],"wp:term":[{"taxonomy":"product_brand","embeddable":true,"href":"https:\/\/brandss.com.py\/index\/wp-json\/wp\/v2\/product_brand?post=93536"},{"taxonomy":"product_cat","embeddable":true,"href":"https:\/\/brandss.com.py\/index\/wp-json\/wp\/v2\/product_cat?post=93536"},{"taxonomy":"product_tag","embeddable":true,"href":"https:\/\/brandss.com.py\/index\/wp-json\/wp\/v2\/product_tag?post=93536"}],"curies":[{"name":"wp","href":"https:\/\/api.w.org\/{rel}","templated":true}]}}