{"id":93566,"date":"2025-11-11T13:35:15","date_gmt":"2025-11-11T13:35:15","guid":{"rendered":"https:\/\/brandss.com.py\/index\/?post_type=product&#038;p=93566"},"modified":"2026-04-21T11:37:41","modified_gmt":"2026-04-21T11:37:41","slug":"calzado-casual-femenino-nike-court-vision-low-next-nature-2","status":"publish","type":"product","link":"https:\/\/brandss.com.py\/index\/producto\/calzado-casual-femenino-nike-court-vision-low-next-nature-2\/","title":{"rendered":"CALZADO CASUAL FEMENINO NIKE COURT VISION LOW NEXT NATURE"},"content":{"rendered":"<p><img loading=\"lazy\" decoding=\"async\" class=\"\" src=\"https:\/\/www.edigitalagency.com.au\/wp-content\/uploads\/new-Nike-logo-black-png-large-size.png\" alt=\"THE NEW NIKE LOGO BLACK PNG IN 2025 - eDigital Agency\" width=\"104\" height=\"55\" \/><\/p>\n<h1>COURT VISION LOW NEXT NATURE<\/h1>\n<h5><em>NUEVOS EN LA CANCHA.<\/em><\/h5>\n<p>\u00bfAdoras el look cl\u00e1sico del b\u00e1squetbol de los a\u00f1os 80, pero tambi\u00e9n te apasiona la cultura acelerada de los partidos actuales? Te presentamos los Nike Court Vision Low Next Nature. Confeccionados con al menos un 20% de materiales reciclados por peso, su parte superior impecable y revestimientos cosidos est\u00e1n inspirados en los a\u00f1os de tiros de gancho y calcetines tubo. El cuello acolchado y la suela de goma le brindan comodidad y tracci\u00f3n a tu mundo.<\/p>\n<h5>Beneficios<\/h5>\n<ul>\n<li>Confeccionados con al menos un 20% de materiales reciclados por peso.<\/li>\n<li>Cuando veas Nike Sunburst o el nombre Next Nature (NN), identificar\u00e1s un paso m\u00e1s en nuestro camino hacia cero carbono y cero desechos.<\/li>\n<li>El dise\u00f1o confeccionado con materiales sint\u00e9ticos rinde homenaje a los tenis de b\u00e1squetbol de mediados de los 80.<\/li>\n<li>El cuello acolchado de corte low ofrece un look elegante y una gran comodidad, adem\u00e1s de que las perforaciones en las puntas y los laterales aportan comodidad y transpirabilidad.<\/li>\n<li>La confecci\u00f3n vulcanizada une la suela con la entresuela para lograr un look sencillo que es c\u00f3modo y duradero.<\/li>\n<li>Perforaciones en la punta y los laterales.<\/li>\n<li>Suela de goma.<\/li>\n<li>Modelo: DH3158-005.<\/li>\n<li>Color: Perla.<\/li>\n<\/ul>\n","protected":false},"excerpt":{"rendered":"<p>COURT VISION LOW NEXT NATURE NUEVOS EN LA CANCHA. \u00bfAdoras el look cl\u00e1sico del b\u00e1squetbol de los a\u00f1os 80, pero<\/p>\n","protected":false},"featured_media":93567,"comment_status":"open","ping_status":"closed","template":"","meta":{"nf_dc_page":""},"product_brand":[1333],"product_cat":[73],"product_tag":[1343],"class_list":{"0":"post-93566","1":"product","2":"type-product","3":"status-publish","4":"has-post-thumbnail","6":"product_brand-nike","7":"product_cat-femenino","8":"product_tag-dh3158-005","10":"first","11":"outofstock","12":"shipping-taxable","13":"purchasable","14":"product-type-simple"},"_links":{"self":[{"href":"https:\/\/brandss.com.py\/index\/wp-json\/wp\/v2\/product\/93566","targetHints":{"allow":["GET"]}}],"collection":[{"href":"https:\/\/brandss.com.py\/index\/wp-json\/wp\/v2\/product"}],"about":[{"href":"https:\/\/brandss.com.py\/index\/wp-json\/wp\/v2\/types\/product"}],"replies":[{"embeddable":true,"href":"https:\/\/brandss.com.py\/index\/wp-json\/wp\/v2\/comments?post=93566"}],"version-history":[{"count":1,"href":"https:\/\/brandss.com.py\/index\/wp-json\/wp\/v2\/product\/93566\/revisions"}],"predecessor-version":[{"id":93575,"href":"https:\/\/brandss.com.py\/index\/wp-json\/wp\/v2\/product\/93566\/revisions\/93575"}],"wp:featuredmedia":[{"embeddable":true,"href":"https:\/\/brandss.com.py\/index\/wp-json\/wp\/v2\/media\/93567"}],"wp:attachment":[{"href":"https:\/\/brandss.com.py\/index\/wp-json\/wp\/v2\/media?parent=93566"}],"wp:term":[{"taxonomy":"product_brand","embeddable":true,"href":"https:\/\/brandss.com.py\/index\/wp-json\/wp\/v2\/product_brand?post=93566"},{"taxonomy":"product_cat","embeddable":true,"href":"https:\/\/brandss.com.py\/index\/wp-json\/wp\/v2\/product_cat?post=93566"},{"taxonomy":"product_tag","embeddable":true,"href":"https:\/\/brandss.com.py\/index\/wp-json\/wp\/v2\/product_tag?post=93566"}],"curies":[{"name":"wp","href":"https:\/\/api.w.org\/{rel}","templated":true}]}}