{"id":93629,"date":"2025-11-11T17:59:36","date_gmt":"2025-11-11T17:59:36","guid":{"rendered":"https:\/\/brandss.com.py\/index\/?post_type=product&#038;p=93629"},"modified":"2025-11-11T18:00:37","modified_gmt":"2025-11-11T18:00:37","slug":"camiseta-deportivo-masculino-nike-nba-lebron-james-los-angeles-lakers-mangas-cortas","status":"publish","type":"product","link":"https:\/\/brandss.com.py\/index\/producto\/camiseta-deportivo-masculino-nike-nba-lebron-james-los-angeles-lakers-mangas-cortas\/","title":{"rendered":"CAMISETA DEPORTIVO MASCULINO NIKE NBA LEBRON JAMES LOS ANGELES LAKERS MANGAS CORTAS"},"content":{"rendered":"<p><img loading=\"lazy\" decoding=\"async\" class=\"\" src=\"https:\/\/www.edigitalagency.com.au\/wp-content\/uploads\/new-Nike-logo-black-png-large-size.png\" alt=\"THE NEW NIKE LOGO BLACK PNG IN 2025 - eDigital Agency\" width=\"97\" height=\"51\" \/><\/p>\n<h1>NBA LEBRON JAMES LOS ANGELES LAKERS<\/h1>\n<p><span dir=\"auto\">La camiseta\u00a0<\/span><span dir=\"auto\">Nike NBA LeBron James Los Angeles Lakers<\/span><span dir=\"auto\"> es una prenda esencial para todo aficionado al baloncesto. Con un llamativo estampado, esta cl\u00e1sica camiseta con el nombre y n\u00famero de LeBron James te mantiene c\u00f3modo y con libertad de movimiento. Su corte est\u00e1ndar ofrece sujeci\u00f3n, estilo y comodidad. Demuestra tu pasi\u00f3n por el equipo con esta elegante prenda de Nike.<\/span><\/p>\n<p><span dir=\"auto\">Luce los colores de tu jugador favorito con esta camiseta de Los Angeles Lakers. Su estilo inspirado en las camisetas de los Lakers presenta llamativos gr\u00e1ficos con el nombre y el n\u00famero, convirti\u00e9ndola en una prenda imprescindible para el d\u00eda a d\u00eda.<\/span><\/p>\n<p><strong class=\"headline-5\"><span dir=\"auto\">Detalles<\/span><\/strong><\/p>\n<p>Presenta un corte cl\u00e1sico con mangas cortas y cuello redondo, se ajustar\u00e1 de manera perfecta a tu cuerpo y te podr\u00e1s mover con una total libertad. El tejido de algod\u00f3n es sumamente ligero y transpirable con tu piel.<\/p>\n<ul>\n<li>Modelo: DR6380-734.<\/li>\n<li>Color: Amarillo.<\/li>\n<li>Recomendado para B\u00e1squetbol.<\/li>\n<li><span dir=\"auto\">Corte est\u00e1ndar que ofrece una estructura c\u00f3moda y sencilla.<\/span><\/li>\n<li><span dir=\"auto\">100% algod\u00f3n.<\/span><\/li>\n<li><span dir=\"auto\">Lavable en la lavadora.<\/span><\/li>\n<li><span dir=\"auto\">Importado.<\/span><\/li>\n<li>Los colores originales del producto pueden variar al de la imagen por cuestiones de resoluci\u00f3n, brillo y\/o luces.<\/li>\n<\/ul>\n","protected":false},"excerpt":{"rendered":"<p>NBA LEBRON JAMES LOS ANGELES LAKERS La camiseta\u00a0Nike NBA LeBron James Los Angeles Lakers es una prenda esencial para todo<\/p>\n","protected":false},"featured_media":93630,"comment_status":"open","ping_status":"closed","template":"","meta":{"nf_dc_page":""},"product_brand":[1333],"product_cat":[76],"product_tag":[1350],"class_list":{"0":"post-93629","1":"product","2":"type-product","3":"status-publish","4":"has-post-thumbnail","6":"product_brand-nike","7":"product_cat-masculino","8":"product_tag-dr6380-734","10":"first","11":"instock","12":"shipping-taxable","13":"purchasable","14":"product-type-simple"},"_links":{"self":[{"href":"https:\/\/brandss.com.py\/index\/wp-json\/wp\/v2\/product\/93629","targetHints":{"allow":["GET"]}}],"collection":[{"href":"https:\/\/brandss.com.py\/index\/wp-json\/wp\/v2\/product"}],"about":[{"href":"https:\/\/brandss.com.py\/index\/wp-json\/wp\/v2\/types\/product"}],"replies":[{"embeddable":true,"href":"https:\/\/brandss.com.py\/index\/wp-json\/wp\/v2\/comments?post=93629"}],"version-history":[{"count":1,"href":"https:\/\/brandss.com.py\/index\/wp-json\/wp\/v2\/product\/93629\/revisions"}],"predecessor-version":[{"id":93642,"href":"https:\/\/brandss.com.py\/index\/wp-json\/wp\/v2\/product\/93629\/revisions\/93642"}],"wp:featuredmedia":[{"embeddable":true,"href":"https:\/\/brandss.com.py\/index\/wp-json\/wp\/v2\/media\/93630"}],"wp:attachment":[{"href":"https:\/\/brandss.com.py\/index\/wp-json\/wp\/v2\/media?parent=93629"}],"wp:term":[{"taxonomy":"product_brand","embeddable":true,"href":"https:\/\/brandss.com.py\/index\/wp-json\/wp\/v2\/product_brand?post=93629"},{"taxonomy":"product_cat","embeddable":true,"href":"https:\/\/brandss.com.py\/index\/wp-json\/wp\/v2\/product_cat?post=93629"},{"taxonomy":"product_tag","embeddable":true,"href":"https:\/\/brandss.com.py\/index\/wp-json\/wp\/v2\/product_tag?post=93629"}],"curies":[{"name":"wp","href":"https:\/\/api.w.org\/{rel}","templated":true}]}}