{"id":93731,"date":"2025-11-13T11:08:09","date_gmt":"2025-11-13T11:08:09","guid":{"rendered":"https:\/\/brandss.com.py\/index\/?post_type=product&#038;p=93731"},"modified":"2025-11-13T11:08:45","modified_gmt":"2025-11-13T11:08:45","slug":"calzado-deportivo-masculino-adidas-sl-72-rs","status":"publish","type":"product","link":"https:\/\/brandss.com.py\/index\/producto\/calzado-deportivo-masculino-adidas-sl-72-rs\/","title":{"rendered":"CALZADO DEPORTIVO MASCULINO ADIDAS SL 72 RS"},"content":{"rendered":"<p><img loading=\"lazy\" decoding=\"async\" class=\"\" src=\"https:\/\/upload.wikimedia.org\/wikipedia\/commons\/2\/24\/Adidas_logo.png\" alt=\"Archivo:Adidas logo.png - Wikipedia, la enciclopedia libre\" width=\"82\" height=\"55\" \/><\/p>\n<h1>SL 72 RS<\/h1>\n<h3 class=\"description_subtitle__5h3_L\">Tenis cl\u00e1sicos actualizados con proporciones modernas<\/h3>\n<p class=\"description_margin__cBW26\">Lanzados por primera vez en 1972, los tenis adidas SL 72 fueron originalmente parte de la gama de tenis superligeros de running de adidas. No tardaron en hacerse notar en la pista por su dise\u00f1o estilizado y minimalista y su combinaci\u00f3n de materiales, algo que se mantiene igual hasta el d\u00eda de hoy. Tienen una mediasuela de EVA gruesa y c\u00f3moda con un compuesto suave que se asienta sobre una suela ondulada de gran agarre. Los revestimientos de gamuza en el exterior de nylon reformado y los detalles dorados le dan un giro a\u00fan m\u00e1s pr\u00e9mium a la est\u00e9tica original.<\/p>\n<div style=\"width: 720px;\" class=\"wp-video\"><video class=\"wp-video-shortcode\" id=\"video-93731-1\" width=\"720\" height=\"720\" preload=\"metadata\" controls=\"controls\"><source type=\"video\/webm\" src=\"https:\/\/brandss.com.py\/index\/wp-content\/uploads\/2025\/11\/Tenis_SL_72_RS_Cafe_IG4645_video.webm?_=1\" \/><a href=\"https:\/\/brandss.com.py\/index\/wp-content\/uploads\/2025\/11\/Tenis_SL_72_RS_Cafe_IG4645_video.webm\">https:\/\/brandss.com.py\/index\/wp-content\/uploads\/2025\/11\/Tenis_SL_72_RS_Cafe_IG4645_video.webm<\/a><\/video><\/div>\n<div id=\"fixed-content\" class=\"page-content_fixed-width-content__qaj__ page-content_separator__vhtT7\">\n<section class=\"content-item-wrapper_content-item__P0KpS content-item-wrapper_full-width-never__MKa4h content-item-wrapper_overflow__Vp1OU visible content-item-wrapper_accordion-content-item__ZnOOt\">\n<div id=\"navigation-target-description\">\n<div class=\"accordion_accordion__8qVfO\" data-testid=\"accordion\">\n<div class=\"accordion_accordion__header-icon__AsHnU\"><\/div>\n<\/div>\n<\/div>\n<\/section>\n<section class=\"content-item-wrapper_content-item__P0KpS content-item-wrapper_full-width-never__MKa4h content-item-wrapper_overflow__Vp1OU visible content-item-wrapper_accordion-content-item__ZnOOt\">\n<div id=\"navigation-target-specifications\">\n<div class=\"accordion_accordion__8qVfO accordion_accordion--open__jRlnP\" data-testid=\"accordion\">\n<div class=\"accordion_accordion__header-text__PURGn\">\n<h2 class=\"accordion-title_accordion-title__jvGG7\">Detalles<\/h2>\n<\/div>\n<div class=\"accordion_accordion__header-icon__AsHnU\"><\/div>\n<div id=\":r1:\" class=\"accordion_accordion__content__dWvE_\">\n<div class=\"accordion_content-padding__TgU_h\">\n<div>\n<div class=\"specifications_bullets__y3Sdm\" data-auto-id=\"specifications-section\" data-testid=\"specifications-section\">\n<ul class=\"gl-list vertical-space-small\">\n<li class=\"vertical-space-small\">Ajuste cl\u00e1sico.<\/li>\n<li class=\"vertical-space-small\">Sistema de amarre de cordones.<\/li>\n<li class=\"vertical-space-small\">Exterior de nylon con revestimientos de gamuza.<\/li>\n<li class=\"vertical-space-small\">Forro interno sint\u00e9tico.<\/li>\n<li class=\"vertical-space-small\">Mediasuela de EVA.<\/li>\n<li class=\"vertical-space-small\">Suela de caucho.<\/li>\n<li class=\"vertical-space-small\">Color del art\u00edculo: Brown \/ Putty Grey \/ Preloved Yellow.<\/li>\n<li class=\"vertical-space-small\">Modelo: IG4645.<\/li>\n<\/ul>\n<\/div>\n<\/div>\n<\/div>\n<\/div>\n<\/div>\n<\/div>\n<\/section>\n<\/div>\n","protected":false},"excerpt":{"rendered":"<p>SL 72 RS Tenis cl\u00e1sicos actualizados con proporciones modernas Lanzados por primera vez en 1972, los tenis adidas SL 72<\/p>\n","protected":false},"featured_media":93732,"comment_status":"open","ping_status":"closed","template":"","meta":{"nf_dc_page":""},"product_brand":[1368],"product_cat":[76],"product_tag":[1370],"class_list":{"0":"post-93731","1":"product","2":"type-product","3":"status-publish","4":"has-post-thumbnail","6":"product_brand-adidas","7":"product_cat-masculino","8":"product_tag-ig4645","10":"first","11":"instock","12":"shipping-taxable","13":"purchasable","14":"product-type-simple"},"_links":{"self":[{"href":"https:\/\/brandss.com.py\/index\/wp-json\/wp\/v2\/product\/93731","targetHints":{"allow":["GET"]}}],"collection":[{"href":"https:\/\/brandss.com.py\/index\/wp-json\/wp\/v2\/product"}],"about":[{"href":"https:\/\/brandss.com.py\/index\/wp-json\/wp\/v2\/types\/product"}],"replies":[{"embeddable":true,"href":"https:\/\/brandss.com.py\/index\/wp-json\/wp\/v2\/comments?post=93731"}],"version-history":[{"count":1,"href":"https:\/\/brandss.com.py\/index\/wp-json\/wp\/v2\/product\/93731\/revisions"}],"predecessor-version":[{"id":93743,"href":"https:\/\/brandss.com.py\/index\/wp-json\/wp\/v2\/product\/93731\/revisions\/93743"}],"wp:featuredmedia":[{"embeddable":true,"href":"https:\/\/brandss.com.py\/index\/wp-json\/wp\/v2\/media\/93732"}],"wp:attachment":[{"href":"https:\/\/brandss.com.py\/index\/wp-json\/wp\/v2\/media?parent=93731"}],"wp:term":[{"taxonomy":"product_brand","embeddable":true,"href":"https:\/\/brandss.com.py\/index\/wp-json\/wp\/v2\/product_brand?post=93731"},{"taxonomy":"product_cat","embeddable":true,"href":"https:\/\/brandss.com.py\/index\/wp-json\/wp\/v2\/product_cat?post=93731"},{"taxonomy":"product_tag","embeddable":true,"href":"https:\/\/brandss.com.py\/index\/wp-json\/wp\/v2\/product_tag?post=93731"}],"curies":[{"name":"wp","href":"https:\/\/api.w.org\/{rel}","templated":true}]}}