{"id":93744,"date":"2025-11-13T11:26:18","date_gmt":"2025-11-13T11:26:18","guid":{"rendered":"https:\/\/brandss.com.py\/index\/?post_type=product&#038;p=93744"},"modified":"2025-11-13T11:27:04","modified_gmt":"2025-11-13T11:27:04","slug":"calzado-casual-masculino-adidas-samba-og","status":"publish","type":"product","link":"https:\/\/brandss.com.py\/index\/producto\/calzado-casual-masculino-adidas-samba-og\/","title":{"rendered":"CALZADO CASUAL MASCULINO ADIDAS SAMBA OG"},"content":{"rendered":"<p><img loading=\"lazy\" decoding=\"async\" class=\"\" src=\"https:\/\/upload.wikimedia.org\/wikipedia\/commons\/2\/24\/Adidas_logo.png\" alt=\"Archivo:Adidas logo.png - Wikipedia, la enciclopedia libre\" width=\"107\" height=\"72\" \/><\/p>\n<h1>SAMBA OG<\/h1>\n<h3 class=\"description_subtitle__5h3_L\">Tenis vintage con una mezcla magistral de gamuza y piel<\/h3>\n<p class=\"description_margin__cBW26\">Inspirados en el calzado original de f\u00fatbol para entrenamientos en cancha cubierta, estos tenis Samba OG a\u00fan son vigentes m\u00e1s de 70 a\u00f1os despu\u00e9s de su lanzamiento. El exterior de piel, las 3 Franjas con borde dentado y la punta reforzada son fieles al modelo original. Agr\u00e9guele a esto los detalles de gamuza y tienes un cl\u00e1sico moderno.<\/p>\n<div style=\"width: 720px;\" class=\"wp-video\"><video class=\"wp-video-shortcode\" id=\"video-93744-1\" width=\"720\" height=\"720\" preload=\"metadata\" controls=\"controls\"><source type=\"video\/webm\" src=\"https:\/\/brandss.com.py\/index\/wp-content\/uploads\/2025\/11\/Tenis_Samba_OG_Cafe_ID1481_video.webm?_=1\" \/><a href=\"https:\/\/brandss.com.py\/index\/wp-content\/uploads\/2025\/11\/Tenis_Samba_OG_Cafe_ID1481_video.webm\">https:\/\/brandss.com.py\/index\/wp-content\/uploads\/2025\/11\/Tenis_Samba_OG_Cafe_ID1481_video.webm<\/a><\/video><\/div>\n<div class=\"accordion_accordion__header-text__PURGn\">\n<h2 class=\"accordion-title_accordion-title__jvGG7\">Detalles<\/h2>\n<\/div>\n<div class=\"accordion_accordion__header-icon__AsHnU\"><\/div>\n<div id=\":r1:\" class=\"accordion_accordion__content__dWvE_\">\n<div class=\"accordion_content-padding__TgU_h\">\n<div>\n<div class=\"specifications_bullets__y3Sdm\" data-auto-id=\"specifications-section\" data-testid=\"specifications-section\">\n<ul class=\"gl-list vertical-space-small\">\n<li class=\"vertical-space-small\">Horma cl\u00e1sica.<\/li>\n<li class=\"vertical-space-small\">Cierre de cordones.<\/li>\n<li class=\"vertical-space-small\">Exterior de gamuza y piel.<\/li>\n<li class=\"vertical-space-small\">Forro textil.<\/li>\n<li class=\"vertical-space-small\">Suela de caucho color caramelo.<\/li>\n<li class=\"vertical-space-small\">Color: Brown \/ Putty Grey \/ Gold Metallic.<\/li>\n<li class=\"vertical-space-small\">Modelo: ID1481.<\/li>\n<\/ul>\n<\/div>\n<\/div>\n<\/div>\n<\/div>\n","protected":false},"excerpt":{"rendered":"<p>SAMBA OG Tenis vintage con una mezcla magistral de gamuza y piel Inspirados en el calzado original de f\u00fatbol para<\/p>\n","protected":false},"featured_media":93746,"comment_status":"open","ping_status":"closed","template":"","meta":{"nf_dc_page":""},"product_brand":[1368],"product_cat":[76],"product_tag":[1371],"class_list":{"0":"post-93744","1":"product","2":"type-product","3":"status-publish","4":"has-post-thumbnail","6":"product_brand-adidas","7":"product_cat-masculino","8":"product_tag-id1481","10":"first","11":"instock","12":"shipping-taxable","13":"purchasable","14":"product-type-simple"},"_links":{"self":[{"href":"https:\/\/brandss.com.py\/index\/wp-json\/wp\/v2\/product\/93744","targetHints":{"allow":["GET"]}}],"collection":[{"href":"https:\/\/brandss.com.py\/index\/wp-json\/wp\/v2\/product"}],"about":[{"href":"https:\/\/brandss.com.py\/index\/wp-json\/wp\/v2\/types\/product"}],"replies":[{"embeddable":true,"href":"https:\/\/brandss.com.py\/index\/wp-json\/wp\/v2\/comments?post=93744"}],"version-history":[{"count":1,"href":"https:\/\/brandss.com.py\/index\/wp-json\/wp\/v2\/product\/93744\/revisions"}],"predecessor-version":[{"id":93757,"href":"https:\/\/brandss.com.py\/index\/wp-json\/wp\/v2\/product\/93744\/revisions\/93757"}],"wp:featuredmedia":[{"embeddable":true,"href":"https:\/\/brandss.com.py\/index\/wp-json\/wp\/v2\/media\/93746"}],"wp:attachment":[{"href":"https:\/\/brandss.com.py\/index\/wp-json\/wp\/v2\/media?parent=93744"}],"wp:term":[{"taxonomy":"product_brand","embeddable":true,"href":"https:\/\/brandss.com.py\/index\/wp-json\/wp\/v2\/product_brand?post=93744"},{"taxonomy":"product_cat","embeddable":true,"href":"https:\/\/brandss.com.py\/index\/wp-json\/wp\/v2\/product_cat?post=93744"},{"taxonomy":"product_tag","embeddable":true,"href":"https:\/\/brandss.com.py\/index\/wp-json\/wp\/v2\/product_tag?post=93744"}],"curies":[{"name":"wp","href":"https:\/\/api.w.org\/{rel}","templated":true}]}}