{"id":93770,"date":"2025-11-13T12:10:24","date_gmt":"2025-11-13T12:10:24","guid":{"rendered":"https:\/\/brandss.com.py\/index\/?post_type=product&#038;p=93770"},"modified":"2025-11-13T12:11:03","modified_gmt":"2025-11-13T12:11:03","slug":"calzado-casual-masculino-new-balance-480l","status":"publish","type":"product","link":"https:\/\/brandss.com.py\/index\/producto\/calzado-casual-masculino-new-balance-480l\/","title":{"rendered":"CALZADO CASUAL MASCULINO NEW BALANCE 480L"},"content":{"rendered":"<p><img loading=\"lazy\" decoding=\"async\" class=\"\" src=\"https:\/\/upload.wikimedia.org\/wikipedia\/commons\/thumb\/e\/ea\/New_Balance_logo.svg\/1200px-New_Balance_logo.svg.png\" alt=\"New Balance - Wikipedia, la enciclopedia libre\" width=\"71\" height=\"39\" \/><\/p>\n<h1>480L<\/h1>\n<div id=\"description\" class=\"data item content allow\" aria-labelledby=\"tab-label-description-title\">\n<div class=\"product attribute description\">\n<div class=\"value\">\n<p class=\"titulo\">Inspir\u00e1ndonos en la BB680 original, usada por profesionales, renovamos un cl\u00e1sico atemporal de apariencia limpia y sencilla. En la 480, el cuero se combina con una inserci\u00f3n Ortholite para mayor comodidad y estabilidad durante todo el d\u00eda.<\/p>\n<h3 class=\"titulo\">\n<p>Detalles:<\/h3>\n<ul>\n<li>Cierre con cord\u00f3n regulable para un ajuste personalizado.<\/li>\n<li>Parte superior de piel que aporta durabilidad y un look deportivo.<\/li>\n<li>Suela de goma para una mejor tracci\u00f3n y durabilidad.<\/li>\n<li>Inserci\u00f3n de Ortholite para un mayor confort y control de la humedad.<\/li>\n<li>Soporte flexible y tal\u00f3n resistente para mayor estabilidad.<\/li>\n<li>Modelo: BB480LRD.<\/li>\n<li>Categor\u00eda: Calzado.<\/li>\n<li>G\u00e9nero: Masculino.<\/li>\n<li>Estilo: Urbano.<\/li>\n<li>Material de suela: Caucho.<\/li>\n<li>Superficie : Asfalto.<\/li>\n<li>Tipo de Ca\u00f1a: Ca\u00f1a Baja.<\/li>\n<\/ul>\n<\/div>\n<\/div>\n<\/div>\n","protected":false},"excerpt":{"rendered":"<p>480L Inspir\u00e1ndonos en la BB680 original, usada por profesionales, renovamos un cl\u00e1sico atemporal de apariencia limpia y sencilla. En la<\/p>\n","protected":false},"featured_media":93771,"comment_status":"open","ping_status":"closed","template":"","meta":{"nf_dc_page":""},"product_brand":[1373],"product_cat":[76],"product_tag":[1374],"class_list":{"0":"post-93770","1":"product","2":"type-product","3":"status-publish","4":"has-post-thumbnail","6":"product_brand-new-balance","7":"product_cat-masculino","8":"product_tag-bb480lrd","10":"first","11":"instock","12":"shipping-taxable","13":"purchasable","14":"product-type-simple"},"_links":{"self":[{"href":"https:\/\/brandss.com.py\/index\/wp-json\/wp\/v2\/product\/93770","targetHints":{"allow":["GET"]}}],"collection":[{"href":"https:\/\/brandss.com.py\/index\/wp-json\/wp\/v2\/product"}],"about":[{"href":"https:\/\/brandss.com.py\/index\/wp-json\/wp\/v2\/types\/product"}],"replies":[{"embeddable":true,"href":"https:\/\/brandss.com.py\/index\/wp-json\/wp\/v2\/comments?post=93770"}],"version-history":[{"count":1,"href":"https:\/\/brandss.com.py\/index\/wp-json\/wp\/v2\/product\/93770\/revisions"}],"predecessor-version":[{"id":93777,"href":"https:\/\/brandss.com.py\/index\/wp-json\/wp\/v2\/product\/93770\/revisions\/93777"}],"wp:featuredmedia":[{"embeddable":true,"href":"https:\/\/brandss.com.py\/index\/wp-json\/wp\/v2\/media\/93771"}],"wp:attachment":[{"href":"https:\/\/brandss.com.py\/index\/wp-json\/wp\/v2\/media?parent=93770"}],"wp:term":[{"taxonomy":"product_brand","embeddable":true,"href":"https:\/\/brandss.com.py\/index\/wp-json\/wp\/v2\/product_brand?post=93770"},{"taxonomy":"product_cat","embeddable":true,"href":"https:\/\/brandss.com.py\/index\/wp-json\/wp\/v2\/product_cat?post=93770"},{"taxonomy":"product_tag","embeddable":true,"href":"https:\/\/brandss.com.py\/index\/wp-json\/wp\/v2\/product_tag?post=93770"}],"curies":[{"name":"wp","href":"https:\/\/api.w.org\/{rel}","templated":true}]}}