{"id":93778,"date":"2025-11-13T12:29:04","date_gmt":"2025-11-13T12:29:04","guid":{"rendered":"https:\/\/brandss.com.py\/index\/?post_type=product&#038;p=93778"},"modified":"2025-11-13T12:29:37","modified_gmt":"2025-11-13T12:29:37","slug":"calzado-casual-masculino-new-balance-480l-2","status":"publish","type":"product","link":"https:\/\/brandss.com.py\/index\/producto\/calzado-casual-masculino-new-balance-480l-2\/","title":{"rendered":"CALZADO CASUAL MASCULINO NEW BALANCE 480L"},"content":{"rendered":"<p><img loading=\"lazy\" decoding=\"async\" class=\"\" src=\"https:\/\/upload.wikimedia.org\/wikipedia\/commons\/thumb\/e\/ea\/New_Balance_logo.svg\/1200px-New_Balance_logo.svg.png\" alt=\"New Balance - Wikipedia, la enciclopedia libre\" width=\"60\" height=\"33\" \/><\/p>\n<h1>480L<\/h1>\n<p>Inspiradas en nuestras BB480 originales usadas por jugadores tanto en sesiones de tiro al blanco como en partidos por el t\u00edtulo, las nuevas NB te ofrecen un cl\u00e1sico atemporal con un estilo sencillo y elegante. La suave piel de grano completo con refuerzo flexible se combina con un contrafuerte de tal\u00f3n robusto para mayor estabilidad. La plantilla Ortholite est\u00e1 dise\u00f1ada para brindar mayor comodidad y control de la humedad. El aut\u00e9ntico estilo de las canchas de baloncesto ya est\u00e1 disponible.<\/p>\n<p>Inspirada en las zapatillas originales, la 480 es sencilla, limpia y depurada.<\/p>\n<h3 class=\"product-details-header mb-2\">Caracter\u00edsticas<\/h3>\n<div class=\"ecom-bullets mt-0\">\n<ul>\n<li>Suela de goma duradera para mayor tracci\u00f3n.<\/li>\n<li>Parte inferior de la suela.<\/li>\n<li>Inspirada en las zapatillas originales de baloncesto.<\/li>\n<li>Modelo: <span class=\"product-id-value\">BB480LGW.<\/span><\/li>\n<li>Color: Marfil.<\/li>\n<li>G\u00e9nero: Masculino.<\/li>\n<\/ul>\n<\/div>\n","protected":false},"excerpt":{"rendered":"<p>480L Inspiradas en nuestras BB480 originales usadas por jugadores tanto en sesiones de tiro al blanco como en partidos por<\/p>\n","protected":false},"featured_media":93779,"comment_status":"open","ping_status":"closed","template":"","meta":{"nf_dc_page":""},"product_brand":[1373],"product_cat":[76],"product_tag":[1375],"class_list":{"0":"post-93778","1":"product","2":"type-product","3":"status-publish","4":"has-post-thumbnail","6":"product_brand-new-balance","7":"product_cat-masculino","8":"product_tag-bb480lgw","10":"first","11":"instock","12":"shipping-taxable","13":"purchasable","14":"product-type-simple"},"_links":{"self":[{"href":"https:\/\/brandss.com.py\/index\/wp-json\/wp\/v2\/product\/93778","targetHints":{"allow":["GET"]}}],"collection":[{"href":"https:\/\/brandss.com.py\/index\/wp-json\/wp\/v2\/product"}],"about":[{"href":"https:\/\/brandss.com.py\/index\/wp-json\/wp\/v2\/types\/product"}],"replies":[{"embeddable":true,"href":"https:\/\/brandss.com.py\/index\/wp-json\/wp\/v2\/comments?post=93778"}],"version-history":[{"count":1,"href":"https:\/\/brandss.com.py\/index\/wp-json\/wp\/v2\/product\/93778\/revisions"}],"predecessor-version":[{"id":93784,"href":"https:\/\/brandss.com.py\/index\/wp-json\/wp\/v2\/product\/93778\/revisions\/93784"}],"wp:featuredmedia":[{"embeddable":true,"href":"https:\/\/brandss.com.py\/index\/wp-json\/wp\/v2\/media\/93779"}],"wp:attachment":[{"href":"https:\/\/brandss.com.py\/index\/wp-json\/wp\/v2\/media?parent=93778"}],"wp:term":[{"taxonomy":"product_brand","embeddable":true,"href":"https:\/\/brandss.com.py\/index\/wp-json\/wp\/v2\/product_brand?post=93778"},{"taxonomy":"product_cat","embeddable":true,"href":"https:\/\/brandss.com.py\/index\/wp-json\/wp\/v2\/product_cat?post=93778"},{"taxonomy":"product_tag","embeddable":true,"href":"https:\/\/brandss.com.py\/index\/wp-json\/wp\/v2\/product_tag?post=93778"}],"curies":[{"name":"wp","href":"https:\/\/api.w.org\/{rel}","templated":true}]}}