{"id":93785,"date":"2025-11-13T12:46:11","date_gmt":"2025-11-13T12:46:11","guid":{"rendered":"https:\/\/brandss.com.py\/index\/?post_type=product&#038;p=93785"},"modified":"2025-11-13T12:47:07","modified_gmt":"2025-11-13T12:47:07","slug":"calzado-casual-unisex-new-balance-bb80","status":"publish","type":"product","link":"https:\/\/brandss.com.py\/index\/producto\/calzado-casual-unisex-new-balance-bb80\/","title":{"rendered":"CALZADO CASUAL UNISEX NEW BALANCE BB80"},"content":{"rendered":"<p><img loading=\"lazy\" decoding=\"async\" class=\"\" src=\"https:\/\/upload.wikimedia.org\/wikipedia\/commons\/thumb\/e\/ea\/New_Balance_logo.svg\/1200px-New_Balance_logo.svg.png\" alt=\"New Balance - Wikipedia, la enciclopedia libre\" width=\"71\" height=\"39\" \/><\/p>\n<h1>BB80<\/h1>\n<p><span dir=\"auto\">Calzado unisex<\/span><span dir=\"auto\"> de la serie BB80, ideales para el d\u00eda a d\u00eda. <\/span><span dir=\"auto\">Su parte superior combina piel natural y materiales sint\u00e9ticos. <\/span><span dir=\"auto\">La cl\u00e1sica y resistente suela de goma ofrece un buen agarre y resistencia a los impactos. <\/span><span dir=\"auto\">Estos calzados unisex<\/span><span dir=\"auto\">\u00a0de la serie BB80 se inspiran principalmente en las ic\u00f3nicas series\u00a0<\/span><span dir=\"auto\">550<\/span><span dir=\"auto\">\u00a0y\u00a0<\/span><span dir=\"auto\">480.<\/span><span dir=\"auto\"> Complementan a la perfecci\u00f3n tanto la <\/span><span dir=\"auto\">ropa deportiva\u00a0<\/span><span dir=\"auto\">femenina<\/span><span dir=\"auto\">\u00a0como\u00a0<\/span><span dir=\"auto\">la masculina<\/span><span dir=\"auto\">.<\/span><\/p>\n<p data-start=\"139\" data-end=\"416\">Los\u00a0New Balance BB80\u00a0combinan estilo cl\u00e1sico con\u00a0comodidad y durabilidad, ideales para el uso diario o actividades casuales. Su dise\u00f1o atemporal permite combinarlos f\u00e1cilmente con diferentes outfits, mientras que su construcci\u00f3n ofrece soporte confiable en cada paso.<\/p>\n<h4 data-start=\"418\" data-end=\"457\"><strong data-start=\"423\" data-end=\"455\">Caracter\u00edsticas<\/strong><\/h4>\n<ul data-start=\"458\" data-end=\"818\">\n<li data-start=\"458\" data-end=\"539\">\n<p data-start=\"460\" data-end=\"539\">Capellada de cuero y sint\u00e9tico:\u00a0durabilidad y soporte en la zona del pie.<\/p>\n<\/li>\n<li data-start=\"540\" data-end=\"599\">\n<p data-start=\"542\" data-end=\"599\">Plantilla acolchada:\u00a0comodidad durante todo el d\u00eda.<\/p>\n<\/li>\n<li data-start=\"600\" data-end=\"678\">\n<p data-start=\"602\" data-end=\"678\">Suela de goma resistente:\u00a0tracci\u00f3n confiable en distintas superficies.<\/p>\n<\/li>\n<li data-start=\"679\" data-end=\"758\">\n<p data-start=\"681\" data-end=\"758\">Dise\u00f1o cl\u00e1sico New Balance:\u00a0elegante y vers\u00e1til para cualquier ocasi\u00f3n.<\/p>\n<\/li>\n<li data-start=\"759\" data-end=\"818\">\n<p data-start=\"761\" data-end=\"818\">Corte bajo:\u00a0libertad de movimiento y estilo urbano.<\/p>\n<\/li>\n<li data-start=\"866\" data-end=\"885\">\n<p data-start=\"868\" data-end=\"885\">Modelo: BB80BLL.<\/p>\n<\/li>\n<li data-start=\"886\" data-end=\"904\">\n<p data-start=\"888\" data-end=\"904\">G\u00e9nero: Masculino.<\/p>\n<\/li>\n<li data-start=\"905\" data-end=\"936\">\n<p data-start=\"907\" data-end=\"936\">Tipo: Tenis casual \/ diario.<\/p>\n<\/li>\n<\/ul>\n","protected":false},"excerpt":{"rendered":"<p>BB80 Calzado unisex de la serie BB80, ideales para el d\u00eda a d\u00eda. Su parte superior combina piel natural y<\/p>\n","protected":false},"featured_media":93786,"comment_status":"open","ping_status":"closed","template":"","meta":{"nf_dc_page":""},"product_brand":[1373],"product_cat":[73,76],"product_tag":[1376],"class_list":{"0":"post-93785","1":"product","2":"type-product","3":"status-publish","4":"has-post-thumbnail","6":"product_brand-new-balance","7":"product_cat-femenino","8":"product_cat-masculino","9":"product_tag-bb80bll","11":"first","12":"instock","13":"shipping-taxable","14":"purchasable","15":"product-type-simple"},"_links":{"self":[{"href":"https:\/\/brandss.com.py\/index\/wp-json\/wp\/v2\/product\/93785","targetHints":{"allow":["GET"]}}],"collection":[{"href":"https:\/\/brandss.com.py\/index\/wp-json\/wp\/v2\/product"}],"about":[{"href":"https:\/\/brandss.com.py\/index\/wp-json\/wp\/v2\/types\/product"}],"replies":[{"embeddable":true,"href":"https:\/\/brandss.com.py\/index\/wp-json\/wp\/v2\/comments?post=93785"}],"version-history":[{"count":1,"href":"https:\/\/brandss.com.py\/index\/wp-json\/wp\/v2\/product\/93785\/revisions"}],"predecessor-version":[{"id":93790,"href":"https:\/\/brandss.com.py\/index\/wp-json\/wp\/v2\/product\/93785\/revisions\/93790"}],"wp:featuredmedia":[{"embeddable":true,"href":"https:\/\/brandss.com.py\/index\/wp-json\/wp\/v2\/media\/93786"}],"wp:attachment":[{"href":"https:\/\/brandss.com.py\/index\/wp-json\/wp\/v2\/media?parent=93785"}],"wp:term":[{"taxonomy":"product_brand","embeddable":true,"href":"https:\/\/brandss.com.py\/index\/wp-json\/wp\/v2\/product_brand?post=93785"},{"taxonomy":"product_cat","embeddable":true,"href":"https:\/\/brandss.com.py\/index\/wp-json\/wp\/v2\/product_cat?post=93785"},{"taxonomy":"product_tag","embeddable":true,"href":"https:\/\/brandss.com.py\/index\/wp-json\/wp\/v2\/product_tag?post=93785"}],"curies":[{"name":"wp","href":"https:\/\/api.w.org\/{rel}","templated":true}]}}