{"id":93798,"date":"2025-11-13T13:31:41","date_gmt":"2025-11-13T13:31:41","guid":{"rendered":"https:\/\/brandss.com.py\/index\/?post_type=product&#038;p=93798"},"modified":"2025-11-13T13:32:11","modified_gmt":"2025-11-13T13:32:11","slug":"calzado-casual-unisex-new-balance-bb80-2","status":"publish","type":"product","link":"https:\/\/brandss.com.py\/index\/producto\/calzado-casual-unisex-new-balance-bb80-2\/","title":{"rendered":"CALZADO CASUAL UNISEX NEW BALANCE BB80"},"content":{"rendered":"<p><img loading=\"lazy\" decoding=\"async\" class=\"\" src=\"https:\/\/upload.wikimedia.org\/wikipedia\/commons\/thumb\/e\/ea\/New_Balance_logo.svg\/1200px-New_Balance_logo.svg.png\" alt=\"New Balance - Wikipedia, la enciclopedia libre\" width=\"54\" height=\"30\" \/><\/p>\n<h1>BB80<\/h1>\n<p>Los calzados BB80, con su aut\u00e9ntico estilo de baloncesto, son la \u00faltima reinterpretaci\u00f3n de NB y te ofrecen un cl\u00e1sico atemporal con un estilo sencillo y esencial. La suela con plantilla flexible se combina con un contrafuerte de tal\u00f3n robusto para mayor estabilidad. La plantilla Ortholite proporciona una mayor comodidad y transpirabilidad.<\/p>\n<h3 class=\"product-details-header mb-2\"><span dir=\"auto\">Caracter\u00edsticas<\/span><\/h3>\n<div class=\"ecom-bullets mt-0\">\n<ul>\n<li><span dir=\"auto\">Suela que no deja marcas.<\/span><\/li>\n<li><span dir=\"auto\">Dise\u00f1o inspirado en el baloncesto para un estilo m\u00e1s sofisticado.<\/span><\/li>\n<li><span class=\"weight\"><span class=\"feather\">Peso:<\/span>\u00a0<span dir=\"auto\">460 gramos (16,2 onzas).<\/span><\/span><\/li>\n<li><span dir=\"auto\">Modelo: <\/span><span class=\"product-id-value\"><span dir=\"auto\">BB80GRL.<\/span><\/span><\/li>\n<li>Color: Blanco\/Verde Salvia.<\/li>\n<li>G\u00e9nero: Unisex.<\/li>\n<\/ul>\n<\/div>\n","protected":false},"excerpt":{"rendered":"<p>BB80 Los calzados BB80, con su aut\u00e9ntico estilo de baloncesto, son la \u00faltima reinterpretaci\u00f3n de NB y te ofrecen un<\/p>\n","protected":false},"featured_media":93799,"comment_status":"open","ping_status":"closed","template":"","meta":{"nf_dc_page":""},"product_brand":[1373],"product_cat":[73,76],"product_tag":[1378],"class_list":{"0":"post-93798","1":"product","2":"type-product","3":"status-publish","4":"has-post-thumbnail","6":"product_brand-new-balance","7":"product_cat-femenino","8":"product_cat-masculino","9":"product_tag-bb80grl","11":"first","12":"instock","13":"shipping-taxable","14":"purchasable","15":"product-type-simple"},"_links":{"self":[{"href":"https:\/\/brandss.com.py\/index\/wp-json\/wp\/v2\/product\/93798","targetHints":{"allow":["GET"]}}],"collection":[{"href":"https:\/\/brandss.com.py\/index\/wp-json\/wp\/v2\/product"}],"about":[{"href":"https:\/\/brandss.com.py\/index\/wp-json\/wp\/v2\/types\/product"}],"replies":[{"embeddable":true,"href":"https:\/\/brandss.com.py\/index\/wp-json\/wp\/v2\/comments?post=93798"}],"version-history":[{"count":1,"href":"https:\/\/brandss.com.py\/index\/wp-json\/wp\/v2\/product\/93798\/revisions"}],"predecessor-version":[{"id":93807,"href":"https:\/\/brandss.com.py\/index\/wp-json\/wp\/v2\/product\/93798\/revisions\/93807"}],"wp:featuredmedia":[{"embeddable":true,"href":"https:\/\/brandss.com.py\/index\/wp-json\/wp\/v2\/media\/93799"}],"wp:attachment":[{"href":"https:\/\/brandss.com.py\/index\/wp-json\/wp\/v2\/media?parent=93798"}],"wp:term":[{"taxonomy":"product_brand","embeddable":true,"href":"https:\/\/brandss.com.py\/index\/wp-json\/wp\/v2\/product_brand?post=93798"},{"taxonomy":"product_cat","embeddable":true,"href":"https:\/\/brandss.com.py\/index\/wp-json\/wp\/v2\/product_cat?post=93798"},{"taxonomy":"product_tag","embeddable":true,"href":"https:\/\/brandss.com.py\/index\/wp-json\/wp\/v2\/product_tag?post=93798"}],"curies":[{"name":"wp","href":"https:\/\/api.w.org\/{rel}","templated":true}]}}