{"id":93808,"date":"2025-11-13T13:53:31","date_gmt":"2025-11-13T13:53:31","guid":{"rendered":"https:\/\/brandss.com.py\/index\/?post_type=product&#038;p=93808"},"modified":"2025-11-13T13:54:14","modified_gmt":"2025-11-13T13:54:14","slug":"auricular-g-tide-l21-bt-inalambrico-pink","status":"publish","type":"product","link":"https:\/\/brandss.com.py\/index\/producto\/auricular-g-tide-l21-bt-inalambrico-pink\/","title":{"rendered":"AURICULAR G-TIDE L21 BT INAL\u00c1MBRICO PINK"},"content":{"rendered":"<p><img loading=\"lazy\" decoding=\"async\" class=\"\" src=\"https:\/\/gtide.com.br\/wp-content\/uploads\/2024\/04\/gtideazul.svg\" alt=\"RELOJ UNISEX G-TIDE SMARTWATCH S5 PRO BLACK - Brands\" width=\"103\" height=\"40\" \/><\/p>\n<h1>L21 BT<\/h1>\n<p>Experimenta una libertad total con los auriculares G-Tide L21. Su estuche brinda un toque de estilo, mientras que el control t\u00e1ctil ofrece comodidad. Lib\u00e9rate de los cables y sum\u00e9rgete en tu m\u00fasica, sin interrupciones. Los auriculares inal\u00e1mbricos G-Tide L21 ofrecen una experiencia de audio c\u00f3moda y pr\u00e1ctica con su conectividad Bluetooth, ideal para usuarios que buscan libertad de movimiento y sonido de calidad. Con un micr\u00f3fono incorporado, estos auriculares permiten realizar llamadas con claridad sin necesidad de utilizar el tel\u00e9fono directamente. Su dise\u00f1o resistente al agua con certificaci\u00f3n IP54 los hace aptos para su uso en exteriores o durante actividades f\u00edsicas, brindando protecci\u00f3n contra el polvo y las salpicaduras. Equipados con un puerto de carga USB-C, la carga es r\u00e1pida y eficiente, asegurando que los auriculares est\u00e9n listos para su uso en poco tiempo. La bater\u00eda de 250 mAh proporciona una buena duraci\u00f3n, permitiendo largas sesiones de m\u00fasica o llamadas sin interrupciones. Estos auriculares combinan comodidad, durabilidad y funcionalidad para el d\u00eda a d\u00eda.<\/p>\n<p><strong><br \/>\nEspecificaciones t\u00e9cnicas<\/strong><\/p>\n<p>1 hora de carga<\/p>\n<p>Tiempo de conversaci\u00f3n hasta 4 horas<\/p>\n<p>Canciones de hasta 5 horas.<\/p>\n<p>bluetooth 5.3<\/p>\n<p>Micr\u00f3fono incorporado<\/p>\n<p>Cancelaci\u00f3n de ruido<\/p>\n<p>Carga a trav\u00e9s de USB-C<\/p>\n<p>bater\u00eda de 300 mAh.<\/p>\n<p>Modelo: L21.<\/p>\n<p>Color: Rosa.<\/p>\n<p>Micr\u00f3fono: Incorporado.<\/p>\n<p>Conectividad: Bluetooth.<\/p>\n<p>Protecci\u00f3n al agua:\u00a0IP54.<\/p>\n<p>Puerto: USB-C.<\/p>\n<p>Bater\u00eda: 250 mAh.<\/p>\n","protected":false},"excerpt":{"rendered":"<p>L21 BT Experimenta una libertad total con los auriculares G-Tide L21. Su estuche brinda un toque de estilo, mientras que<\/p>\n","protected":false},"featured_media":93809,"comment_status":"open","ping_status":"closed","template":"","meta":{"nf_dc_page":""},"product_brand":[1379],"product_cat":[89],"product_tag":[1380],"class_list":{"0":"post-93808","1":"product","2":"type-product","3":"status-publish","4":"has-post-thumbnail","6":"product_brand-g-tide","7":"product_cat-electronicos","8":"product_tag-1380","10":"first","11":"instock","12":"shipping-taxable","13":"purchasable","14":"product-type-simple"},"_links":{"self":[{"href":"https:\/\/brandss.com.py\/index\/wp-json\/wp\/v2\/product\/93808","targetHints":{"allow":["GET"]}}],"collection":[{"href":"https:\/\/brandss.com.py\/index\/wp-json\/wp\/v2\/product"}],"about":[{"href":"https:\/\/brandss.com.py\/index\/wp-json\/wp\/v2\/types\/product"}],"replies":[{"embeddable":true,"href":"https:\/\/brandss.com.py\/index\/wp-json\/wp\/v2\/comments?post=93808"}],"version-history":[{"count":1,"href":"https:\/\/brandss.com.py\/index\/wp-json\/wp\/v2\/product\/93808\/revisions"}],"predecessor-version":[{"id":93814,"href":"https:\/\/brandss.com.py\/index\/wp-json\/wp\/v2\/product\/93808\/revisions\/93814"}],"wp:featuredmedia":[{"embeddable":true,"href":"https:\/\/brandss.com.py\/index\/wp-json\/wp\/v2\/media\/93809"}],"wp:attachment":[{"href":"https:\/\/brandss.com.py\/index\/wp-json\/wp\/v2\/media?parent=93808"}],"wp:term":[{"taxonomy":"product_brand","embeddable":true,"href":"https:\/\/brandss.com.py\/index\/wp-json\/wp\/v2\/product_brand?post=93808"},{"taxonomy":"product_cat","embeddable":true,"href":"https:\/\/brandss.com.py\/index\/wp-json\/wp\/v2\/product_cat?post=93808"},{"taxonomy":"product_tag","embeddable":true,"href":"https:\/\/brandss.com.py\/index\/wp-json\/wp\/v2\/product_tag?post=93808"}],"curies":[{"name":"wp","href":"https:\/\/api.w.org\/{rel}","templated":true}]}}